{"id":4546,"date":"2022-03-04T12:10:58","date_gmt":"2022-03-04T11:10:58","guid":{"rendered":"https:\/\/www.proseccobelvedere.it\/product\/prosecco-rose-docextra-dry\/"},"modified":"2024-01-16T13:07:36","modified_gmt":"2024-01-16T12:07:36","slug":"prosecco-rose-docextra-dry","status":"publish","type":"product","link":"https:\/\/www.proseccobelvedere.it\/fr\/product\/prosecco-rose-docextra-dry\/","title":{"rendered":"Prosecco Ros\u00e8 DOC<\/br>Extra Dry"},"content":{"rendered":"<p>[vc_row css=\u00a0\u00bb.vc_custom_1557829989576{padding-bottom: 8em !important;}\u00a0\u00bb][vc_column]\n\t<div class=\"title-subtitle-box  vc_custom_1648477637172\" style=\" text-align: center;\">\n\t\t<h5 style=\" font-style: normal;\" class=\"special-title\" >Prosecco Belvedere Ros\u00e8 Extra Dry<\/h5>\n\t<\/div> [vc_row_inner equal_height=\u00a0\u00bbyes\u00a0\u00bb content_placement=\u00a0\u00bbmiddle\u00a0\u00bb css=\u00a0\u00bb.vc_custom_1557830079109{margin-bottom: 0px !important;padding-top: 8em !important;}\u00a0\u00bb][vc_column_inner width=\u00a0\u00bb1\/2&Prime; css=\u00a0\u00bb.vc_custom_1557830011569{padding: 0px !important;}\u00a0\u00bb][vc_single_image image=\u00a0\u00bb4033&Prime; img_size=\u00a0\u00bbfull\u00a0\u00bb css=\u00a0\u00bb.vc_custom_1648567197122{margin-bottom: 0px !important;}\u00a0\u00bb][\/vc_column_inner][vc_column_inner width=\u00a0\u00bb1\/2&Prime; css=\u00a0\u00bb.vc_custom_1556093129663{padding: 15% !important;background-color: #ffffff !important;}\u00a0\u00bb]\n\t<div class=\"title-subtitle-box  \" style=\" text-align: left;\">\n\t\t<h1 style=\" font-style: normal;\" class=\"special-title\" >\n\t\t<span style=\"\">Donn\u00e9es sur le vin<\/span>Notes organoleptiques<\/h1>\n\t\t<span class=\"gg-horizontal-line\"  ><\/span>\n\t\t<div class=\"box-description\"><p>La couleur est un rose l\u00e9ger et \u00e9l\u00e9gant, perlage tr\u00e8s fin et persistant. Au nez il y a des notes de rose, de baies et de fraises des bois. Bonne structure, \u00e9quilibr\u00e9 et savoureux, le palais est agr\u00e9able et harmonieux.<\/p>\n<p>&nbsp;<\/p>\n<p>&nbsp;<\/p>\n<\/div>\n\t<\/div> [\/vc_column_inner][\/vc_row_inner][vc_row_inner equal_height=\u00a0\u00bbyes\u00a0\u00bb content_placement=\u00a0\u00bbmiddle\u00a0\u00bb][vc_column_inner width=\u00a0\u00bb1\/2&Prime; css=\u00a0\u00bb.vc_custom_1557830097099{padding-top: 15% !important;padding-right: 15% !important;padding-bottom: 15% !important;padding-left: 15% !important;background-color: #ffffff !important;}\u00a0\u00bb]\n\t<div class=\"title-subtitle-box  \" style=\" text-align: left;\">\n\t\t<h1 style=\" font-style: normal;\" class=\"special-title\" >A d\u00e9guster<\/h1>\n\t\t<span class=\"gg-horizontal-line\"  ><\/span>\n\t\t<div class=\"box-description\"><p>Au cours du repas, il se marie parfaitement avec le poisson et les crustac\u00e9s. Pour une combinaison particuli\u00e8re, essayez-le avec du couscous aux l\u00e9gumes et crevettes saut\u00e9es.<\/p>\n<p>&nbsp;<\/p>\n<\/div><div class=\"gg-special-button-wrapper  special-button-align-left special-button-style-btn-primary\"><a class=\"btn btn-primary\" href=\"#\" title=\"Lire la suite\" target=\"_self\">Lire la suite<\/a><\/div>\n\t<\/div> [\/vc_column_inner][vc_column_inner width=\u00a0\u00bb1\/2&Prime; css=\u00a0\u00bb.vc_custom_1557830102715{padding-top: 0px !important;padding-right: 0px !important;padding-bottom: 0px !important;padding-left: 0px !important;}\u00a0\u00bb][vc_single_image image=\u00a0\u00bb4011&Prime; img_size=\u00a0\u00bbfull\u00a0\u00bb css=\u00a0\u00bb.vc_custom_1648477781907{margin-bottom: 0px !important;}\u00a0\u00bb][\/vc_column_inner][\/vc_row_inner][\/vc_column][\/vc_row]<\/p>\n","protected":false},"excerpt":{"rendered":"<table class=\"woocommerce-product-attributes shop_attributes\">\n<tbody>\n<tr class=\"woocommerce-product-attributes-item woocommerce-product-attributes-item--attribute_uve\">\n<th class=\"woocommerce-product-attributes-item__label\">Pressurage:<\/th>\n<td class=\"woocommerce-product-attributes-item__value\">l\u00e9ger<\/td>\n<\/tr>\n<tr class=\"woocommerce-product-attributes-item woocommerce-product-attributes-item--attribute_zona\">\n<th class=\"woocommerce-product-attributes-item__label\">Technique de moussage:<\/th>\n<td class=\"woocommerce-product-attributes-item__value\">Charmat long (70\/90 jours)<\/td>\n<\/tr>\n<tr class=\"woocommerce-product-attributes-item woocommerce-product-attributes-item--attribute_sistema-di-allevamento\">\n<th class=\"woocommerce-product-attributes-item__label\">Dur\u00e9e de maturation:<\/th>\n<td class=\"woocommerce-product-attributes-item__value\">60 jours avant la mise sur le march\u00e9<\/td>\n<\/tr>\n<tr class=\"woocommerce-product-attributes-item woocommerce-product-attributes-item--attribute_ceppi-per-ettaro\">\n<th class=\"woocommerce-product-attributes-item__label\">Rendement du raisin:<\/th>\n<td class=\"woocommerce-product-attributes-item__value\">70%<\/td>\n<\/tr>\n<tr class=\"woocommerce-product-attributes-item woocommerce-product-attributes-item--attribute_terreno\">\n<th class=\"woocommerce-product-attributes-item__label\">Acidit\u00e9 totale:<\/th>\n<td class=\"woocommerce-product-attributes-item__value\">5,60 \u00f7 5,90g par litre<\/td>\n<\/tr>\n<tr class=\"woocommerce-product-attributes-item woocommerce-product-attributes-item--attribute_altitudine\">\n<th class=\"woocommerce-product-attributes-item__label\">Ph:<\/th>\n<td class=\"woocommerce-product-attributes-item__value\">3,10 \u00f7 3,30<\/td>\n<\/tr>\n<tr class=\"woocommerce-product-attributes-item woocommerce-product-attributes-item--attribute_altitudine\">\n<th class=\"woocommerce-product-attributes-item__label\">Sucre r\u00e9siduel:<\/th>\n<td class=\"woocommerce-product-attributes-item__value\">11\/14 g par litre<\/td>\n<\/tr>\n<\/tbody>\n<\/table>\n","protected":false},"featured_media":4751,"comment_status":"open","ping_status":"closed","template":"","meta":{"inline_featured_image":false},"product_cat":[24],"product_tag":[23,27],"class_list":["post-4546","product","type-product","status-publish","has-post-thumbnail","hentry","product_cat-rose-wines","product_tag-rose","product_tag-wine","has_thumb"],"yoast_head":"<!-- This site is optimized with the Yoast SEO plugin v19.9 - https:\/\/yoast.com\/wordpress\/plugins\/seo\/ -->\n<title>Prosecco Ros\u00e8 DOCExtra Dry - Prosecco Belvedere<\/title>\n<meta name=\"robots\" content=\"index, follow, max-snippet:-1, max-image-preview:large, max-video-preview:-1\" \/>\n<link rel=\"canonical\" href=\"https:\/\/www.proseccobelvedere.it\/fr\/product\/prosecco-rose-docextra-dry\/\" \/>\n<meta property=\"og:locale\" content=\"fr_FR\" \/>\n<meta property=\"og:type\" content=\"article\" \/>\n<meta property=\"og:title\" content=\"Prosecco Ros\u00e8 DOCExtra Dry - Prosecco Belvedere\" \/>\n<meta property=\"og:description\" content=\"Pressurage: l\u00e9ger   Technique de moussage: Charmat long (70\/90 jours)   Dur\u00e9e de maturation: 60 jours avant la mise sur le march\u00e9   Rendement du raisin: 70%   Acidit\u00e9 totale: 5,60 \u00f7 5,90g par litre   Ph: 3,10 \u00f7 3,30   Sucre r\u00e9siduel: 11\/14 g par litre\" \/>\n<meta property=\"og:url\" content=\"https:\/\/www.proseccobelvedere.it\/fr\/product\/prosecco-rose-docextra-dry\/\" \/>\n<meta property=\"og:site_name\" content=\"Prosecco Belvedere\" \/>\n<meta property=\"article:modified_time\" content=\"2024-01-16T12:07:36+00:00\" \/>\n<meta property=\"og:image\" content=\"https:\/\/www.proseccobelvedere.it\/wp-content\/uploads\/2022\/03\/Belvedere_Prosecco_rose_doc.jpg\" \/>\n\t<meta property=\"og:image:width\" content=\"800\" \/>\n\t<meta property=\"og:image:height\" content=\"1200\" \/>\n\t<meta property=\"og:image:type\" content=\"image\/jpeg\" \/>\n<meta name=\"twitter:card\" content=\"summary_large_image\" \/>\n<meta name=\"twitter:label1\" content=\"Dur\u00e9e de lecture estim\u00e9e\" \/>\n\t<meta name=\"twitter:data1\" content=\"1 minute\" \/>\n<script type=\"application\/ld+json\" class=\"yoast-schema-graph\">{\"@context\":\"https:\/\/schema.org\",\"@graph\":[{\"@type\":\"WebPage\",\"@id\":\"https:\/\/www.proseccobelvedere.it\/fr\/product\/prosecco-rose-docextra-dry\/\",\"url\":\"https:\/\/www.proseccobelvedere.it\/fr\/product\/prosecco-rose-docextra-dry\/\",\"name\":\"Prosecco Ros\u00e8 DOCExtra Dry - Prosecco Belvedere\",\"isPartOf\":{\"@id\":\"https:\/\/www.proseccobelvedere.it\/it\/#website\"},\"datePublished\":\"2022-03-04T11:10:58+00:00\",\"dateModified\":\"2024-01-16T12:07:36+00:00\",\"breadcrumb\":{\"@id\":\"https:\/\/www.proseccobelvedere.it\/fr\/product\/prosecco-rose-docextra-dry\/#breadcrumb\"},\"inLanguage\":\"fr-FR\",\"potentialAction\":[{\"@type\":\"ReadAction\",\"target\":[\"https:\/\/www.proseccobelvedere.it\/fr\/product\/prosecco-rose-docextra-dry\/\"]}]},{\"@type\":\"BreadcrumbList\",\"@id\":\"https:\/\/www.proseccobelvedere.it\/fr\/product\/prosecco-rose-docextra-dry\/#breadcrumb\",\"itemListElement\":[{\"@type\":\"ListItem\",\"position\":1,\"name\":\"Home\",\"item\":\"https:\/\/www.proseccobelvedere.it\/fr\/\"},{\"@type\":\"ListItem\",\"position\":2,\"name\":\"I nostri vini\",\"item\":\"https:\/\/www.proseccobelvedere.it\/it\/i-nostri-vini\/\"},{\"@type\":\"ListItem\",\"position\":3,\"name\":\"Prosecco Ros\u00e8 DOCExtra Dry\"}]},{\"@type\":\"WebSite\",\"@id\":\"https:\/\/www.proseccobelvedere.it\/it\/#website\",\"url\":\"https:\/\/www.proseccobelvedere.it\/it\/\",\"name\":\"Prosecco Belvedere\",\"description\":\"Prosecco DOC\",\"publisher\":{\"@id\":\"https:\/\/www.proseccobelvedere.it\/it\/#organization\"},\"potentialAction\":[{\"@type\":\"SearchAction\",\"target\":{\"@type\":\"EntryPoint\",\"urlTemplate\":\"https:\/\/www.proseccobelvedere.it\/it\/?s={search_term_string}\"},\"query-input\":\"required name=search_term_string\"}],\"inLanguage\":\"fr-FR\"},{\"@type\":\"Organization\",\"@id\":\"https:\/\/www.proseccobelvedere.it\/it\/#organization\",\"name\":\"Prosecco Belvedere\",\"url\":\"https:\/\/www.proseccobelvedere.it\/it\/\",\"logo\":{\"@type\":\"ImageObject\",\"inLanguage\":\"fr-FR\",\"@id\":\"https:\/\/www.proseccobelvedere.it\/it\/#\/schema\/logo\/image\/\",\"url\":\"https:\/\/www.proseccobelvedere.it\/wp-content\/uploads\/2022\/05\/cropped-logo_belvedere2.png\",\"contentUrl\":\"https:\/\/www.proseccobelvedere.it\/wp-content\/uploads\/2022\/05\/cropped-logo_belvedere2.png\",\"width\":324,\"height\":327,\"caption\":\"Prosecco Belvedere\"},\"image\":{\"@id\":\"https:\/\/www.proseccobelvedere.it\/it\/#\/schema\/logo\/image\/\"}}]}<\/script>\n<!-- \/ Yoast SEO plugin. -->","yoast_head_json":{"title":"Prosecco Ros\u00e8 DOCExtra Dry - Prosecco Belvedere","robots":{"index":"index","follow":"follow","max-snippet":"max-snippet:-1","max-image-preview":"max-image-preview:large","max-video-preview":"max-video-preview:-1"},"canonical":"https:\/\/www.proseccobelvedere.it\/fr\/product\/prosecco-rose-docextra-dry\/","og_locale":"fr_FR","og_type":"article","og_title":"Prosecco Ros\u00e8 DOCExtra Dry - Prosecco Belvedere","og_description":"Pressurage: l\u00e9ger   Technique de moussage: Charmat long (70\/90 jours)   Dur\u00e9e de maturation: 60 jours avant la mise sur le march\u00e9   Rendement du raisin: 70%   Acidit\u00e9 totale: 5,60 \u00f7 5,90g par litre   Ph: 3,10 \u00f7 3,30   Sucre r\u00e9siduel: 11\/14 g par litre","og_url":"https:\/\/www.proseccobelvedere.it\/fr\/product\/prosecco-rose-docextra-dry\/","og_site_name":"Prosecco Belvedere","article_modified_time":"2024-01-16T12:07:36+00:00","og_image":[{"width":800,"height":1200,"url":"https:\/\/www.proseccobelvedere.it\/wp-content\/uploads\/2022\/03\/Belvedere_Prosecco_rose_doc.jpg","type":"image\/jpeg"}],"twitter_card":"summary_large_image","twitter_misc":{"Dur\u00e9e de lecture estim\u00e9e":"1 minute"},"schema":{"@context":"https:\/\/schema.org","@graph":[{"@type":"WebPage","@id":"https:\/\/www.proseccobelvedere.it\/fr\/product\/prosecco-rose-docextra-dry\/","url":"https:\/\/www.proseccobelvedere.it\/fr\/product\/prosecco-rose-docextra-dry\/","name":"Prosecco Ros\u00e8 DOCExtra Dry - Prosecco Belvedere","isPartOf":{"@id":"https:\/\/www.proseccobelvedere.it\/it\/#website"},"datePublished":"2022-03-04T11:10:58+00:00","dateModified":"2024-01-16T12:07:36+00:00","breadcrumb":{"@id":"https:\/\/www.proseccobelvedere.it\/fr\/product\/prosecco-rose-docextra-dry\/#breadcrumb"},"inLanguage":"fr-FR","potentialAction":[{"@type":"ReadAction","target":["https:\/\/www.proseccobelvedere.it\/fr\/product\/prosecco-rose-docextra-dry\/"]}]},{"@type":"BreadcrumbList","@id":"https:\/\/www.proseccobelvedere.it\/fr\/product\/prosecco-rose-docextra-dry\/#breadcrumb","itemListElement":[{"@type":"ListItem","position":1,"name":"Home","item":"https:\/\/www.proseccobelvedere.it\/fr\/"},{"@type":"ListItem","position":2,"name":"I nostri vini","item":"https:\/\/www.proseccobelvedere.it\/it\/i-nostri-vini\/"},{"@type":"ListItem","position":3,"name":"Prosecco Ros\u00e8 DOCExtra Dry"}]},{"@type":"WebSite","@id":"https:\/\/www.proseccobelvedere.it\/it\/#website","url":"https:\/\/www.proseccobelvedere.it\/it\/","name":"Prosecco Belvedere","description":"Prosecco DOC","publisher":{"@id":"https:\/\/www.proseccobelvedere.it\/it\/#organization"},"potentialAction":[{"@type":"SearchAction","target":{"@type":"EntryPoint","urlTemplate":"https:\/\/www.proseccobelvedere.it\/it\/?s={search_term_string}"},"query-input":"required name=search_term_string"}],"inLanguage":"fr-FR"},{"@type":"Organization","@id":"https:\/\/www.proseccobelvedere.it\/it\/#organization","name":"Prosecco Belvedere","url":"https:\/\/www.proseccobelvedere.it\/it\/","logo":{"@type":"ImageObject","inLanguage":"fr-FR","@id":"https:\/\/www.proseccobelvedere.it\/it\/#\/schema\/logo\/image\/","url":"https:\/\/www.proseccobelvedere.it\/wp-content\/uploads\/2022\/05\/cropped-logo_belvedere2.png","contentUrl":"https:\/\/www.proseccobelvedere.it\/wp-content\/uploads\/2022\/05\/cropped-logo_belvedere2.png","width":324,"height":327,"caption":"Prosecco Belvedere"},"image":{"@id":"https:\/\/www.proseccobelvedere.it\/it\/#\/schema\/logo\/image\/"}}]}},"_links":{"self":[{"href":"https:\/\/www.proseccobelvedere.it\/fr\/wp-json\/wp\/v2\/product\/4546","targetHints":{"allow":["GET"]}}],"collection":[{"href":"https:\/\/www.proseccobelvedere.it\/fr\/wp-json\/wp\/v2\/product"}],"about":[{"href":"https:\/\/www.proseccobelvedere.it\/fr\/wp-json\/wp\/v2\/types\/product"}],"replies":[{"embeddable":true,"href":"https:\/\/www.proseccobelvedere.it\/fr\/wp-json\/wp\/v2\/comments?post=4546"}],"wp:featuredmedia":[{"embeddable":true,"href":"https:\/\/www.proseccobelvedere.it\/fr\/wp-json\/wp\/v2\/media\/4751"}],"wp:attachment":[{"href":"https:\/\/www.proseccobelvedere.it\/fr\/wp-json\/wp\/v2\/media?parent=4546"}],"wp:term":[{"taxonomy":"product_cat","embeddable":true,"href":"https:\/\/www.proseccobelvedere.it\/fr\/wp-json\/wp\/v2\/product_cat?post=4546"},{"taxonomy":"product_tag","embeddable":true,"href":"https:\/\/www.proseccobelvedere.it\/fr\/wp-json\/wp\/v2\/product_tag?post=4546"}],"curies":[{"name":"wp","href":"https:\/\/api.w.org\/{rel}","templated":true}]}}