{"id":4533,"date":"2019-04-22T13:30:41","date_gmt":"2019-04-22T11:30:41","guid":{"rendered":"https:\/\/www.proseccobelvedere.it\/une-histoire-de-famille\/"},"modified":"2022-10-23T13:21:13","modified_gmt":"2022-10-23T11:21:13","slug":"une-histoire-de-famille","status":"publish","type":"page","link":"https:\/\/www.proseccobelvedere.it\/fr\/une-histoire-de-famille\/","title":{"rendered":"Une histoire de famille"},"content":{"rendered":"<p>[vc_row full_width=\u00a0\u00bbstretch_row\u00a0\u00bb equal_height=\u00a0\u00bbyes\u00a0\u00bb css=\u00a0\u00bb.vc_custom_1558527735460{padding-top: 7em !important;padding-right: 10% !important;padding-bottom: 7em !important;padding-left: 10% !important;background-color: #ffffff !important;}\u00a0\u00bb][vc_column css=\u00a0\u00bb.vc_custom_1559125340011{padding-right: 20% !important;padding-left: 20% !important;}\u00a0\u00bb offset=\u00a0\u00bbvc_col-lg-3&Prime;][\/vc_column][vc_column css=\u00a0\u00bb.vc_custom_1648139216353{padding-top: 10% !important;padding-right: 10% !important;padding-bottom: 10% !important;padding-left: 10% !important;background-position: center !important;background-repeat: no-repeat !important;background-size: contain !important;}\u00a0\u00bb offset=\u00a0\u00bbvc_col-lg-6&Prime;]\n\t<div class=\"title-subtitle-box  \" style=\" text-align: left;\">\n\t\t<h1 style=\" font-style: normal;\" class=\"special-title\" >Une famille historique fortement li\u00e9e \u00e0 la terre<\/h1>\n\t\t<span class=\"gg-horizontal-line\"  ><\/span>\n\t\t<div class=\"box-description\"><p>Un territoire qui s\u2019\u00e9tend entre Venise et le fleuve Piave, un domaine viticole qui appartient \u00e0 une famille historique tr\u00e8s li\u00e9e avec la terre, un vin qui repr\u00e9sente une excellence au niveau mondiale: le Prosecco DOC.<\/p>\n<p>Prosecco Belvedere est un r\u00eave devenu r\u00e9alit\u00e9 r\u00e9cemment mais qui a des racines profondes \u00e0 vrai dire, bien plant\u00e9es dans le sol de la campagne v\u00e9nitienne, o\u00f9 les valeurs et la vision de la famille Dall\u2019Acqua ont aussi augment\u00e9s que l\u2019esprit d\u2019entreprise, qui a toujours caract\u00e9ris\u00e9 cette famille. Tout est parti il y a un si\u00e8cle d\u2019une nombreuse famille de m\u00e9tayers qui a investi, avec sacrifice et peine, dans plusieurs activit\u00e9s agricoles en les amenant au succ\u00e8s : des terres arables \u00e0 l\u2019\u00e9levage, pour enfin arriver aux vignobles qui aujourd\u2019hui font partie du domaine vinicole de Prosecco Belvedere, \u00e9tendu sur environ cent hectares. Le pass\u00e9 de la famille Dall\u2019Acqua s\u2019entrem\u00eale avec celui de deux branches familiales historiques qui ont particip\u00e9s au d\u00e9veloppement agricole de la V\u00e9n\u00e9tie, de terre pauvre \u00e0 la patrie du vin de qualit\u00e9 : les \u00ab Giol \u00bb et les \u00ab Cecchetto \u00bb.<\/p>\n<p>Une tr\u00e8s grande richesse d\u2019histoires, de comp\u00e9tences, d\u2019amour et de respect pour la terre qu\u2019aujourd\u2019hui c\u2019est bien poursuivi par Ernesto Dall\u2019Acqua, le jeune agriculteur qui a cr\u00e9\u00e9, avec courage et ambition, une nouvelle r\u00e9alit\u00e9 qu\u2019enfonce ses racines dans un pass\u00e9 tr\u00e8s important : Prosecco Belvedere. Et c\u2019est pr\u00e9cis\u00e9ment sur la continuit\u00e9 entre le pass\u00e9, le pr\u00e9sent et l\u2019avenir que se d\u00e9veloppe l\u2019identit\u00e9 de Prosecco Belvedere : un nouveau producteur de vins de qualit\u00e9, dont le Prosecco, avec ses trois variantes \u00ab Brut \u00bb, \u00ab Extra Dry \u00bb et \u00ab Ros\u00e9 Extra Dry \u00bb bien repr\u00e9sente ce territoire, qui a m\u00eame ravi le c\u0153ur de Hemingway.<\/p>\n<p>&nbsp;<\/p>\n<\/div>\n\t<\/div> [\/vc_column][vc_column css=\u00a0\u00bb.vc_custom_1559125377375{padding-right: 10% !important;padding-left: 10% !important;}\u00a0\u00bb offset=\u00a0\u00bbvc_col-lg-3&Prime;][\/vc_column][\/vc_row][vc_row css=\u00a0\u00bb.vc_custom_1559026490647{padding-top: 7em !important;padding-bottom: 10em !important;}\u00a0\u00bb][vc_column]\n\t<div class=\"title-subtitle-box  vc_custom_1652948758269\" style=\" text-align: center;\">\n\t\t<h1 style=\" font-style: normal;\" class=\"special-title\" >L'histoire<\/h1>\n\t\t<span class=\"gg-horizontal-line\"  ><\/span>\n\t\t<div class=\"box-description\"><p style=\"text-align: center;\"><i class=\"\">Le pass\u00e9 nous enseigne l&rsquo;enthousiasme pour l&rsquo;avenir : nos valeurs nous ont toujours accompagn\u00e9s.<\/i><\/p>\n<\/div>\n\t<\/div> \n\t<div class=\"\">\n\t<div class=\"gg-media-carousel\">\n\t\t<div class=\"swiper-container\" data-uid=\"swiper-1826928302\"  data-slidesperview =\"auto\" data-slidespercolumn =\"1\" data-spacebetween =\"0\" data-initialslide =\"0\" data-direction =\"horizontal\" data-speed =\"300\" data-loop =\"true\" data-centeredslides =\"false\" data-effect =\"slide\" data-autoplay =\"\" data-paginationtype =\"bullets\"  >\n\t\t\t<div class=\"swiper-wrapper\"><div class=\"swiper-slide\"><img loading=\"lazy\" decoding=\"async\" width=\"1400\" height=\"700\" src=\"https:\/\/www.proseccobelvedere.it\/wp-content\/uploads\/2022\/04\/famiglia01.jpg\" class=\"attachment-full\" alt=\"\" srcset=\"https:\/\/www.proseccobelvedere.it\/wp-content\/uploads\/2022\/04\/famiglia01.jpg 1400w, https:\/\/www.proseccobelvedere.it\/wp-content\/uploads\/2022\/04\/famiglia01-300x150.jpg 300w, https:\/\/www.proseccobelvedere.it\/wp-content\/uploads\/2022\/04\/famiglia01-1024x512.jpg 1024w, https:\/\/www.proseccobelvedere.it\/wp-content\/uploads\/2022\/04\/famiglia01-768x384.jpg 768w\" sizes=\"auto, (max-width: 1400px) 100vw, 1400px\" \/><\/div><div class=\"swiper-slide\"><img loading=\"lazy\" decoding=\"async\" width=\"1400\" height=\"700\" src=\"https:\/\/www.proseccobelvedere.it\/wp-content\/uploads\/2022\/04\/famiglia04.jpg\" class=\"attachment-full\" alt=\"\" srcset=\"https:\/\/www.proseccobelvedere.it\/wp-content\/uploads\/2022\/04\/famiglia04.jpg 1400w, https:\/\/www.proseccobelvedere.it\/wp-content\/uploads\/2022\/04\/famiglia04-300x150.jpg 300w, https:\/\/www.proseccobelvedere.it\/wp-content\/uploads\/2022\/04\/famiglia04-1024x512.jpg 1024w, https:\/\/www.proseccobelvedere.it\/wp-content\/uploads\/2022\/04\/famiglia04-768x384.jpg 768w\" sizes=\"auto, (max-width: 1400px) 100vw, 1400px\" \/><\/div><div class=\"swiper-slide\"><img loading=\"lazy\" decoding=\"async\" width=\"1400\" height=\"700\" src=\"https:\/\/www.proseccobelvedere.it\/wp-content\/uploads\/2022\/04\/famiglia07.jpg\" class=\"attachment-full\" alt=\"\" srcset=\"https:\/\/www.proseccobelvedere.it\/wp-content\/uploads\/2022\/04\/famiglia07.jpg 1400w, https:\/\/www.proseccobelvedere.it\/wp-content\/uploads\/2022\/04\/famiglia07-300x150.jpg 300w, https:\/\/www.proseccobelvedere.it\/wp-content\/uploads\/2022\/04\/famiglia07-1024x512.jpg 1024w, https:\/\/www.proseccobelvedere.it\/wp-content\/uploads\/2022\/04\/famiglia07-768x384.jpg 768w\" sizes=\"auto, (max-width: 1400px) 100vw, 1400px\" \/><\/div><div class=\"swiper-slide\"><img loading=\"lazy\" decoding=\"async\" width=\"1400\" height=\"700\" src=\"https:\/\/www.proseccobelvedere.it\/wp-content\/uploads\/2022\/04\/famiglia05.jpg\" class=\"attachment-full\" alt=\"\" srcset=\"https:\/\/www.proseccobelvedere.it\/wp-content\/uploads\/2022\/04\/famiglia05.jpg 1400w, https:\/\/www.proseccobelvedere.it\/wp-content\/uploads\/2022\/04\/famiglia05-300x150.jpg 300w, https:\/\/www.proseccobelvedere.it\/wp-content\/uploads\/2022\/04\/famiglia05-1024x512.jpg 1024w, https:\/\/www.proseccobelvedere.it\/wp-content\/uploads\/2022\/04\/famiglia05-768x384.jpg 768w\" sizes=\"auto, (max-width: 1400px) 100vw, 1400px\" \/><\/div><div class=\"swiper-slide\"><img loading=\"lazy\" decoding=\"async\" width=\"1400\" height=\"700\" src=\"https:\/\/www.proseccobelvedere.it\/wp-content\/uploads\/2022\/04\/famiglia02.jpg\" class=\"attachment-full\" alt=\"\" srcset=\"https:\/\/www.proseccobelvedere.it\/wp-content\/uploads\/2022\/04\/famiglia02.jpg 1400w, https:\/\/www.proseccobelvedere.it\/wp-content\/uploads\/2022\/04\/famiglia02-300x150.jpg 300w, https:\/\/www.proseccobelvedere.it\/wp-content\/uploads\/2022\/04\/famiglia02-1024x512.jpg 1024w, https:\/\/www.proseccobelvedere.it\/wp-content\/uploads\/2022\/04\/famiglia02-768x384.jpg 768w\" sizes=\"auto, (max-width: 1400px) 100vw, 1400px\" \/><\/div><div class=\"swiper-slide\"><img loading=\"lazy\" decoding=\"async\" width=\"1400\" height=\"700\" src=\"https:\/\/www.proseccobelvedere.it\/wp-content\/uploads\/2022\/04\/famiglia03.jpg\" class=\"attachment-full\" alt=\"\" srcset=\"https:\/\/www.proseccobelvedere.it\/wp-content\/uploads\/2022\/04\/famiglia03.jpg 1400w, https:\/\/www.proseccobelvedere.it\/wp-content\/uploads\/2022\/04\/famiglia03-300x150.jpg 300w, https:\/\/www.proseccobelvedere.it\/wp-content\/uploads\/2022\/04\/famiglia03-1024x512.jpg 1024w, https:\/\/www.proseccobelvedere.it\/wp-content\/uploads\/2022\/04\/famiglia03-768x384.jpg 768w\" sizes=\"auto, (max-width: 1400px) 100vw, 1400px\" \/><\/div><div class=\"swiper-slide\"><img loading=\"lazy\" decoding=\"async\" width=\"1400\" height=\"700\" src=\"https:\/\/www.proseccobelvedere.it\/wp-content\/uploads\/2022\/04\/famiglia06.jpg\" class=\"attachment-full\" alt=\"\" srcset=\"https:\/\/www.proseccobelvedere.it\/wp-content\/uploads\/2022\/04\/famiglia06.jpg 1400w, https:\/\/www.proseccobelvedere.it\/wp-content\/uploads\/2022\/04\/famiglia06-300x150.jpg 300w, https:\/\/www.proseccobelvedere.it\/wp-content\/uploads\/2022\/04\/famiglia06-1024x512.jpg 1024w, https:\/\/www.proseccobelvedere.it\/wp-content\/uploads\/2022\/04\/famiglia06-768x384.jpg 768w\" sizes=\"auto, (max-width: 1400px) 100vw, 1400px\" \/><\/div><div class=\"swiper-slide\"><img loading=\"lazy\" decoding=\"async\" width=\"1400\" height=\"700\" src=\"https:\/\/www.proseccobelvedere.it\/wp-content\/uploads\/2022\/05\/bambini.jpg\" class=\"attachment-full\" alt=\"\" srcset=\"https:\/\/www.proseccobelvedere.it\/wp-content\/uploads\/2022\/05\/bambini.jpg 1400w, https:\/\/www.proseccobelvedere.it\/wp-content\/uploads\/2022\/05\/bambini-300x150.jpg 300w, https:\/\/www.proseccobelvedere.it\/wp-content\/uploads\/2022\/05\/bambini-1024x512.jpg 1024w, https:\/\/www.proseccobelvedere.it\/wp-content\/uploads\/2022\/05\/bambini-768x384.jpg 768w\" sizes=\"auto, (max-width: 1400px) 100vw, 1400px\" \/><\/div>\n\t\t\t<\/div>\n\t\t<\/div>\n\t\t<div id=\"pagination-swiper-1826928302\" class=\"swiper-pagination\"><\/div>\n\t\t<div class=\"media-button-container swiper-nav-container\">\n\t\t<div id=\"btn-next-swiper-1826928302\" class=\"swiper-nav-next\"><svg id=\"swiper-arrow-right\" viewBox=\"0 0 50 12\" width=\"100%\" height=\"100%\"><path fill-rule=\"evenodd\" d=\"M48.078 6.096H.008v.966h48.07l-4.254 4.255.683.683 5.541-5.538L44.507.924l-.683.683z\"><\/path><\/svg><\/div>\n\t\t<div id=\"btn-prev-swiper-1826928302\" class=\"swiper-nav-prev\"><svg id=\"swiper-arrow-left\" viewBox=\"0 0 50 12\" width=\"100%\" height=\"100%\"><path fill-rule=\"evenodd\" d=\"M1.922 5.904h48.07v-.966H1.922L6.176.683 5.493 0-.048 5.538l5.541 5.538.683-.683z\"><\/path><\/svg><\/div>\n\t\t<\/div>\n\t<\/div>\n\t<\/div>[\/vc_column][\/vc_row][vc_row][vc_column][\/vc_column][\/vc_row]<\/p>\n","protected":false},"excerpt":{"rendered":"<p>[vc_row full_width=\u00a0\u00bbstretch_row\u00a0\u00bb equal_height=\u00a0\u00bbyes\u00a0\u00bb css=\u00a0\u00bb.vc_custom_1558527735460{padding-top: 7em !important;padding-right: 10% !important;padding-bottom: 7em !important;padding-left: 10% !important;background-color: #ffffff !important;}\u00a0\u00bb][vc_column css=\u00a0\u00bb.vc_custom_1559125340011{padding-right: 20% !important;padding-left: 20% !important;}\u00a0\u00bb offset=\u00a0\u00bbvc_col-lg-3&Prime;][\/vc_column][vc_column css=\u00a0\u00bb.vc_custom_1648139216353{padding-top: 10% !important;padding-right: 10% !important;padding-bottom: 10% !important;padding-left: 10% !important;background-position: center !important;background-repeat: no-repeat !important;background-size: contain !important;}\u00a0\u00bb offset=\u00a0\u00bbvc_col-lg-6&Prime;][\/vc_column][vc_column css=\u00a0\u00bb.vc_custom_1559125377375{padding-right: 10% !important;padding-left: 10% !important;}\u00a0\u00bb offset=\u00a0\u00bbvc_col-lg-3&Prime;][\/vc_column][\/vc_row][vc_row css=\u00a0\u00bb.vc_custom_1559026490647{padding-top: 7em !important;padding-bottom: 10em !important;}\u00a0\u00bb][vc_column][\/vc_column][\/vc_row][vc_row][vc_column][\/vc_column][\/vc_row]<\/p>\n","protected":false},"author":1,"featured_media":4370,"parent":0,"menu_order":0,"comment_status":"closed","ping_status":"closed","template":"","meta":{"inline_featured_image":false,"footnotes":""},"class_list":["post-4533","page","type-page","status-publish","has-post-thumbnail","hentry","has_thumb"],"yoast_head":"<!-- This site is optimized with the Yoast SEO plugin v19.9 - https:\/\/yoast.com\/wordpress\/plugins\/seo\/ -->\n<title>Une histoire de famille - Prosecco Belvedere<\/title>\n<meta name=\"robots\" content=\"index, follow, max-snippet:-1, max-image-preview:large, max-video-preview:-1\" \/>\n<link rel=\"canonical\" href=\"https:\/\/www.proseccobelvedere.it\/fr\/une-histoire-de-famille\/\" \/>\n<meta property=\"og:locale\" content=\"fr_FR\" \/>\n<meta property=\"og:type\" content=\"article\" \/>\n<meta property=\"og:title\" content=\"Une histoire de famille - Prosecco Belvedere\" \/>\n<meta property=\"og:description\" content=\"[vc_row full_width=\u00a0\u00bbstretch_row\u00a0\u00bb equal_height=\u00a0\u00bbyes\u00a0\u00bb css=\u00a0\u00bb.vc_custom_1558527735460{padding-top: 7em !important;padding-right: 10% !important;padding-bottom: 7em !important;padding-left: 10% !important;background-color: #ffffff !important;}\u00a0\u00bb][vc_column css=\u00a0\u00bb.vc_custom_1559125340011{padding-right: 20% !important;padding-left: 20% !important;}\u00a0\u00bb offset=\u00a0\u00bbvc_col-lg-3&Prime;][\/vc_column][vc_column css=\u00a0\u00bb.vc_custom_1648139216353{padding-top: 10% !important;padding-right: 10% !important;padding-bottom: 10% !important;padding-left: 10% !important;background-position: center !important;background-repeat: no-repeat !important;background-size: contain !important;}\u00a0\u00bb offset=\u00a0\u00bbvc_col-lg-6&Prime;][\/vc_column][vc_column css=\u00a0\u00bb.vc_custom_1559125377375{padding-right: 10% !important;padding-left: 10% !important;}\u00a0\u00bb offset=\u00a0\u00bbvc_col-lg-3&Prime;][\/vc_column][\/vc_row][vc_row css=\u00a0\u00bb.vc_custom_1559026490647{padding-top: 7em !important;padding-bottom: 10em !important;}\u00a0\u00bb][vc_column][\/vc_column][\/vc_row][vc_row][vc_column][\/vc_column][\/vc_row]\" \/>\n<meta property=\"og:url\" content=\"https:\/\/www.proseccobelvedere.it\/fr\/une-histoire-de-famille\/\" \/>\n<meta property=\"og:site_name\" content=\"Prosecco Belvedere\" \/>\n<meta property=\"article:modified_time\" content=\"2022-10-23T11:21:13+00:00\" \/>\n<meta property=\"og:image\" content=\"https:\/\/www.proseccobelvedere.it\/wp-content\/uploads\/2022\/04\/header_storia.jpg\" \/>\n\t<meta property=\"og:image:width\" content=\"1920\" \/>\n\t<meta property=\"og:image:height\" content=\"1362\" \/>\n\t<meta property=\"og:image:type\" content=\"image\/jpeg\" \/>\n<meta name=\"twitter:card\" content=\"summary_large_image\" \/>\n<meta name=\"twitter:label1\" content=\"Dur\u00e9e de lecture estim\u00e9e\" \/>\n\t<meta name=\"twitter:data1\" content=\"2 minutes\" \/>\n<script type=\"application\/ld+json\" class=\"yoast-schema-graph\">{\"@context\":\"https:\/\/schema.org\",\"@graph\":[{\"@type\":\"WebPage\",\"@id\":\"https:\/\/www.proseccobelvedere.it\/fr\/une-histoire-de-famille\/\",\"url\":\"https:\/\/www.proseccobelvedere.it\/fr\/une-histoire-de-famille\/\",\"name\":\"Une histoire de famille - Prosecco Belvedere\",\"isPartOf\":{\"@id\":\"https:\/\/www.proseccobelvedere.it\/it\/#website\"},\"datePublished\":\"2019-04-22T11:30:41+00:00\",\"dateModified\":\"2022-10-23T11:21:13+00:00\",\"breadcrumb\":{\"@id\":\"https:\/\/www.proseccobelvedere.it\/fr\/une-histoire-de-famille\/#breadcrumb\"},\"inLanguage\":\"fr-FR\",\"potentialAction\":[{\"@type\":\"ReadAction\",\"target\":[\"https:\/\/www.proseccobelvedere.it\/fr\/une-histoire-de-famille\/\"]}]},{\"@type\":\"BreadcrumbList\",\"@id\":\"https:\/\/www.proseccobelvedere.it\/fr\/une-histoire-de-famille\/#breadcrumb\",\"itemListElement\":[{\"@type\":\"ListItem\",\"position\":1,\"name\":\"Home\",\"item\":\"https:\/\/www.proseccobelvedere.it\/fr\/\"},{\"@type\":\"ListItem\",\"position\":2,\"name\":\"Une histoire de famille\"}]},{\"@type\":\"WebSite\",\"@id\":\"https:\/\/www.proseccobelvedere.it\/it\/#website\",\"url\":\"https:\/\/www.proseccobelvedere.it\/it\/\",\"name\":\"Prosecco Belvedere\",\"description\":\"Prosecco DOC\",\"publisher\":{\"@id\":\"https:\/\/www.proseccobelvedere.it\/it\/#organization\"},\"potentialAction\":[{\"@type\":\"SearchAction\",\"target\":{\"@type\":\"EntryPoint\",\"urlTemplate\":\"https:\/\/www.proseccobelvedere.it\/it\/?s={search_term_string}\"},\"query-input\":\"required name=search_term_string\"}],\"inLanguage\":\"fr-FR\"},{\"@type\":\"Organization\",\"@id\":\"https:\/\/www.proseccobelvedere.it\/it\/#organization\",\"name\":\"Prosecco Belvedere\",\"url\":\"https:\/\/www.proseccobelvedere.it\/it\/\",\"logo\":{\"@type\":\"ImageObject\",\"inLanguage\":\"fr-FR\",\"@id\":\"https:\/\/www.proseccobelvedere.it\/it\/#\/schema\/logo\/image\/\",\"url\":\"https:\/\/www.proseccobelvedere.it\/wp-content\/uploads\/2022\/05\/cropped-logo_belvedere2.png\",\"contentUrl\":\"https:\/\/www.proseccobelvedere.it\/wp-content\/uploads\/2022\/05\/cropped-logo_belvedere2.png\",\"width\":324,\"height\":327,\"caption\":\"Prosecco Belvedere\"},\"image\":{\"@id\":\"https:\/\/www.proseccobelvedere.it\/it\/#\/schema\/logo\/image\/\"}}]}<\/script>\n<!-- \/ Yoast SEO plugin. -->","yoast_head_json":{"title":"Une histoire de famille - Prosecco Belvedere","robots":{"index":"index","follow":"follow","max-snippet":"max-snippet:-1","max-image-preview":"max-image-preview:large","max-video-preview":"max-video-preview:-1"},"canonical":"https:\/\/www.proseccobelvedere.it\/fr\/une-histoire-de-famille\/","og_locale":"fr_FR","og_type":"article","og_title":"Une histoire de famille - Prosecco Belvedere","og_description":"[vc_row full_width=\u00a0\u00bbstretch_row\u00a0\u00bb equal_height=\u00a0\u00bbyes\u00a0\u00bb css=\u00a0\u00bb.vc_custom_1558527735460{padding-top: 7em !important;padding-right: 10% !important;padding-bottom: 7em !important;padding-left: 10% !important;background-color: #ffffff !important;}\u00a0\u00bb][vc_column css=\u00a0\u00bb.vc_custom_1559125340011{padding-right: 20% !important;padding-left: 20% !important;}\u00a0\u00bb offset=\u00a0\u00bbvc_col-lg-3&Prime;][\/vc_column][vc_column css=\u00a0\u00bb.vc_custom_1648139216353{padding-top: 10% !important;padding-right: 10% !important;padding-bottom: 10% !important;padding-left: 10% !important;background-position: center !important;background-repeat: no-repeat !important;background-size: contain !important;}\u00a0\u00bb offset=\u00a0\u00bbvc_col-lg-6&Prime;][\/vc_column][vc_column css=\u00a0\u00bb.vc_custom_1559125377375{padding-right: 10% !important;padding-left: 10% !important;}\u00a0\u00bb offset=\u00a0\u00bbvc_col-lg-3&Prime;][\/vc_column][\/vc_row][vc_row css=\u00a0\u00bb.vc_custom_1559026490647{padding-top: 7em !important;padding-bottom: 10em !important;}\u00a0\u00bb][vc_column][\/vc_column][\/vc_row][vc_row][vc_column][\/vc_column][\/vc_row]","og_url":"https:\/\/www.proseccobelvedere.it\/fr\/une-histoire-de-famille\/","og_site_name":"Prosecco Belvedere","article_modified_time":"2022-10-23T11:21:13+00:00","og_image":[{"width":1920,"height":1362,"url":"https:\/\/www.proseccobelvedere.it\/wp-content\/uploads\/2022\/04\/header_storia.jpg","type":"image\/jpeg"}],"twitter_card":"summary_large_image","twitter_misc":{"Dur\u00e9e de lecture estim\u00e9e":"2 minutes"},"schema":{"@context":"https:\/\/schema.org","@graph":[{"@type":"WebPage","@id":"https:\/\/www.proseccobelvedere.it\/fr\/une-histoire-de-famille\/","url":"https:\/\/www.proseccobelvedere.it\/fr\/une-histoire-de-famille\/","name":"Une histoire de famille - Prosecco Belvedere","isPartOf":{"@id":"https:\/\/www.proseccobelvedere.it\/it\/#website"},"datePublished":"2019-04-22T11:30:41+00:00","dateModified":"2022-10-23T11:21:13+00:00","breadcrumb":{"@id":"https:\/\/www.proseccobelvedere.it\/fr\/une-histoire-de-famille\/#breadcrumb"},"inLanguage":"fr-FR","potentialAction":[{"@type":"ReadAction","target":["https:\/\/www.proseccobelvedere.it\/fr\/une-histoire-de-famille\/"]}]},{"@type":"BreadcrumbList","@id":"https:\/\/www.proseccobelvedere.it\/fr\/une-histoire-de-famille\/#breadcrumb","itemListElement":[{"@type":"ListItem","position":1,"name":"Home","item":"https:\/\/www.proseccobelvedere.it\/fr\/"},{"@type":"ListItem","position":2,"name":"Une histoire de famille"}]},{"@type":"WebSite","@id":"https:\/\/www.proseccobelvedere.it\/it\/#website","url":"https:\/\/www.proseccobelvedere.it\/it\/","name":"Prosecco Belvedere","description":"Prosecco DOC","publisher":{"@id":"https:\/\/www.proseccobelvedere.it\/it\/#organization"},"potentialAction":[{"@type":"SearchAction","target":{"@type":"EntryPoint","urlTemplate":"https:\/\/www.proseccobelvedere.it\/it\/?s={search_term_string}"},"query-input":"required name=search_term_string"}],"inLanguage":"fr-FR"},{"@type":"Organization","@id":"https:\/\/www.proseccobelvedere.it\/it\/#organization","name":"Prosecco Belvedere","url":"https:\/\/www.proseccobelvedere.it\/it\/","logo":{"@type":"ImageObject","inLanguage":"fr-FR","@id":"https:\/\/www.proseccobelvedere.it\/it\/#\/schema\/logo\/image\/","url":"https:\/\/www.proseccobelvedere.it\/wp-content\/uploads\/2022\/05\/cropped-logo_belvedere2.png","contentUrl":"https:\/\/www.proseccobelvedere.it\/wp-content\/uploads\/2022\/05\/cropped-logo_belvedere2.png","width":324,"height":327,"caption":"Prosecco Belvedere"},"image":{"@id":"https:\/\/www.proseccobelvedere.it\/it\/#\/schema\/logo\/image\/"}}]}},"_links":{"self":[{"href":"https:\/\/www.proseccobelvedere.it\/fr\/wp-json\/wp\/v2\/pages\/4533","targetHints":{"allow":["GET"]}}],"collection":[{"href":"https:\/\/www.proseccobelvedere.it\/fr\/wp-json\/wp\/v2\/pages"}],"about":[{"href":"https:\/\/www.proseccobelvedere.it\/fr\/wp-json\/wp\/v2\/types\/page"}],"author":[{"embeddable":true,"href":"https:\/\/www.proseccobelvedere.it\/fr\/wp-json\/wp\/v2\/users\/1"}],"replies":[{"embeddable":true,"href":"https:\/\/www.proseccobelvedere.it\/fr\/wp-json\/wp\/v2\/comments?post=4533"}],"version-history":[{"count":6,"href":"https:\/\/www.proseccobelvedere.it\/fr\/wp-json\/wp\/v2\/pages\/4533\/revisions"}],"predecessor-version":[{"id":4618,"href":"https:\/\/www.proseccobelvedere.it\/fr\/wp-json\/wp\/v2\/pages\/4533\/revisions\/4618"}],"wp:featuredmedia":[{"embeddable":true,"href":"https:\/\/www.proseccobelvedere.it\/fr\/wp-json\/wp\/v2\/media\/4370"}],"wp:attachment":[{"href":"https:\/\/www.proseccobelvedere.it\/fr\/wp-json\/wp\/v2\/media?parent=4533"}],"curies":[{"name":"wp","href":"https:\/\/api.w.org\/{rel}","templated":true}]}}