{"id":4527,"date":"2022-03-23T17:01:51","date_gmt":"2022-03-23T16:01:51","guid":{"rendered":"https:\/\/www.proseccobelvedere.it\/les-origines\/"},"modified":"2022-10-23T13:22:00","modified_gmt":"2022-10-23T11:22:00","slug":"les-origines","status":"publish","type":"page","link":"https:\/\/www.proseccobelvedere.it\/fr\/les-origines\/","title":{"rendered":"Les origines"},"content":{"rendered":"<p>[vc_row full_width=\u00a0\u00bbstretch_row\u00a0\u00bb equal_height=\u00a0\u00bbyes\u00a0\u00bb css=\u00a0\u00bb.vc_custom_1558527735460{padding-top: 7em !important;padding-right: 10% !important;padding-bottom: 7em !important;padding-left: 10% !important;background-color: #ffffff !important;}\u00a0\u00bb][vc_column css=\u00a0\u00bb.vc_custom_1559125340011{padding-right: 20% !important;padding-left: 20% !important;}\u00a0\u00bb offset=\u00a0\u00bbvc_col-lg-3&Prime;][\/vc_column][vc_column css=\u00a0\u00bb.vc_custom_1648139216353{padding-top: 10% !important;padding-right: 10% !important;padding-bottom: 10% !important;padding-left: 10% !important;background-position: center !important;background-repeat: no-repeat !important;background-size: contain !important;}\u00a0\u00bb offset=\u00a0\u00bbvc_col-lg-6&Prime;]\n\t<div class=\"title-subtitle-box  \" style=\" text-align: left;\">\n\t\t<h1 style=\" font-style: normal;\" class=\"special-title\" >Les tranch\u00e9es au bord du fleuve Piave<\/h1>\n\t\t<span class=\"gg-horizontal-line\"  ><\/span>\n\t\t<div class=\"box-description\"><p>Le territoire du Prosecco Belvedere a \u00e9t\u00e9 la sc\u00e8ne d\u2019un morceau d\u2019histoire tragique qui concerne la Premi\u00e8re Guerre Mondiale car c\u2019est juste l\u00e0 que c\u2019est d\u00e9roul\u00e9 la \u00ab Grande bataille du fleuve Piave \u00bb dans le 1918, comme en t\u00e9moignent les trois forts et 140 m\u00e8tres de tranch\u00e9 encore pr\u00e9sents et visitables, destination d\u2019un tourisme international bien int\u00e9ress\u00e9 par ces lieux impr\u00e9gn\u00e9s d\u2019histoire.<\/p>\n<p>Le lien entre Prosecco Belvedere et l\u2019histoire pas seulement de la V\u00e9n\u00e9tie mais de l\u2019Italie enti\u00e8re est bien repr\u00e9sent\u00e9 par la volont\u00e9 du p\u00e8re Egidio Dall\u2019Acqua de raconter et de valoriser cet h\u00e9ritage culturel gr\u00e2ce \u00e0 une gamme de Prosecco DOC, capable d\u2019exprimer la magie et la passion qui planent sur ce territoire.<\/p>\n<p>&nbsp;<\/p>\n<\/div>\n\t<\/div> [\/vc_column][vc_column css=\u00a0\u00bb.vc_custom_1559125377375{padding-right: 10% !important;padding-left: 10% !important;}\u00a0\u00bb offset=\u00a0\u00bbvc_col-lg-3&Prime;][\/vc_column][\/vc_row][vc_row full_width=\u00a0\u00bbstretch_row\u00a0\u00bb el_class=\u00a0\u00bbhalf-height-white-background\u00a0\u00bb][vc_column]\n\t<div class=\"\">\n\t<div class=\"gg-media-carousel\">\n\t\t<div class=\"swiper-container\" data-uid=\"swiper-1875948328\"  data-slidesperview =\"auto\" data-slidespercolumn =\"1\" data-spacebetween =\"0\" data-initialslide =\"0\" data-direction =\"horizontal\" data-speed =\"300\" data-loop =\"true\" data-centeredslides =\"false\" data-effect =\"slide\" data-autoplay =\"\" data-paginationtype =\"bullets\"  >\n\t\t\t<div class=\"swiper-wrapper\"><div class=\"swiper-slide\"><img loading=\"lazy\" decoding=\"async\" width=\"1400\" height=\"700\" src=\"https:\/\/www.proseccobelvedere.it\/wp-content\/uploads\/2022\/03\/trincea.jpg\" class=\"attachment-full\" alt=\"\" srcset=\"https:\/\/www.proseccobelvedere.it\/wp-content\/uploads\/2022\/03\/trincea.jpg 1400w, https:\/\/www.proseccobelvedere.it\/wp-content\/uploads\/2022\/03\/trincea-300x150.jpg 300w, https:\/\/www.proseccobelvedere.it\/wp-content\/uploads\/2022\/03\/trincea-1024x512.jpg 1024w, https:\/\/www.proseccobelvedere.it\/wp-content\/uploads\/2022\/03\/trincea-768x384.jpg 768w\" sizes=\"auto, (max-width: 1400px) 100vw, 1400px\" \/><\/div>\n\t\t\t<\/div>\n\t\t<\/div>\n\t\t<div id=\"pagination-swiper-1875948328\" class=\"swiper-pagination\"><\/div>\n\t\t<div class=\"media-button-container swiper-nav-container\">\n\t\t<div id=\"btn-next-swiper-1875948328\" class=\"swiper-nav-next\"><svg id=\"swiper-arrow-right\" viewBox=\"0 0 50 12\" width=\"100%\" height=\"100%\"><path fill-rule=\"evenodd\" d=\"M48.078 6.096H.008v.966h48.07l-4.254 4.255.683.683 5.541-5.538L44.507.924l-.683.683z\"><\/path><\/svg><\/div>\n\t\t<div id=\"btn-prev-swiper-1875948328\" class=\"swiper-nav-prev\"><svg id=\"swiper-arrow-left\" viewBox=\"0 0 50 12\" width=\"100%\" height=\"100%\"><path fill-rule=\"evenodd\" d=\"M1.922 5.904h48.07v-.966H1.922L6.176.683 5.493 0-.048 5.538l5.541 5.538.683-.683z\"><\/path><\/svg><\/div>\n\t\t<\/div>\n\t<\/div>\n\t<\/div>[\/vc_column][\/vc_row][vc_row][vc_column][vc_empty_space height=\u00a0\u00bb80px\u00a0\u00bb][\/vc_column][\/vc_row][vc_row full_width=\u00a0\u00bbstretch_row\u00a0\u00bb equal_height=\u00a0\u00bbyes\u00a0\u00bb css=\u00a0\u00bb.vc_custom_1648459990890{padding-top: 7em !important;padding-right: 7em !important;padding-bottom: 7em !important;padding-left: 7em !important;background: #000000 url(https:\/\/www.proseccobelvedere.it\/wp-content\/uploads\/2022\/03\/hemingway_bk2.jpg?id=3958) !important;background-position: center !important;background-repeat: no-repeat !important;background-size: cover !important;}\u00a0\u00bb][vc_column css=\u00a0\u00bb.vc_custom_1559125340011{padding-right: 20% !important;padding-left: 20% !important;}\u00a0\u00bb offset=\u00a0\u00bbvc_col-lg-3&Prime;][\/vc_column][vc_column css=\u00a0\u00bb.vc_custom_1648139216353{padding-top: 10% !important;padding-right: 10% !important;padding-bottom: 10% !important;padding-left: 10% !important;background-position: center !important;background-repeat: no-repeat !important;background-size: contain !important;}\u00a0\u00bb offset=\u00a0\u00bbvc_col-lg-6&Prime;]\n\t<div class=\"title-subtitle-box  \" style=\" text-align: left;\">\n\t\t<h1 style=\" color:#ffffff;  font-style: normal;\" class=\"special-title\" >Hemingway et ces jours sur le fleuve Piave.<\/h1>\n\t\t<span class=\"gg-horizontal-line\"  ><\/span>\n\t\t<div class=\"box-description\"><p style=\"color: white;\">Ernesto et Ernest.<br \/>\nUne homonymie qui n\u2019est absolument pas fortuite entre le jeune fondateur du Prosecco Belvedere et le tr\u00e8s connu journaliste et \u00e9crivant am\u00e9ricain. Le nom \u00ab Ernesto \u00bb est pr\u00e9sent depuis trois g\u00e9n\u00e9rations parmi les successeurs de ce premier Ernesto qui, pendant la \u00ab Premi\u00e8re Guerre Mondiale \u00bb, a juste rencontr\u00e9 Hemingway au bord du fleuve Piave.<\/p>\n<p style=\"color: white;\">Et c\u2019est de cette rencontre que le nom Ernesto (dont la signification englobe s\u00e9rieux, fid\u00e8le, honn\u00eate mais aussi combattant et vigoureux) caract\u00e9rise les descendants de la famille Dall\u2019Acqua, en hommage \u00e0 un homme de culture extraordinaire, gagnant du prix Nobel de litt\u00e9rature en 1954, et qui \u00e9tablit une relation visc\u00e9rale avec la V\u00e9n\u00e9tie.<\/p>\n<p style=\"color: white;\">Celle entre Hemingway et la V\u00e9n\u00e9tie devint en effet une longue histoire d\u2019amour, aujourd\u2019hui encore d\u2019un grand int\u00e9r\u00eat. Aux environs de Prosecco Belvedere se d\u00e9roule en effet le Parcours Hemingway qui rappelle, par le r\u00e9cit de l\u2019\u00e9crivain, ce qui est pass\u00e9 au bord du fleuve Piave \u00e0 partir de l\u2019\u00e9t\u00e9 du 1918. Les lieux de Hemingway s\u2019\u00e9tendent aussi dans d\u2019autres zones tr\u00e8s proches au Prosecco Belvedere: Schio, Bassano del Grappa, Caorle et enfin Venise o\u00f9, gr\u00e2ce \u00e0 lui, sont devenus c\u00e9l\u00e8bres deux lieux historiques: \u201cHarry\u2019s Bar\u201cet \u201cLocanda Cipriani\u201d sur l\u2019\u00eele de Torcello.<\/p>\n<\/div>\n\t<\/div> [\/vc_column][vc_column css=\u00a0\u00bb.vc_custom_1559125377375{padding-right: 10% !important;padding-left: 10% !important;}\u00a0\u00bb offset=\u00a0\u00bbvc_col-lg-3&Prime;][\/vc_column][\/vc_row]<\/p>\n","protected":false},"excerpt":{"rendered":"<p>[vc_row full_width=\u00a0\u00bbstretch_row\u00a0\u00bb equal_height=\u00a0\u00bbyes\u00a0\u00bb css=\u00a0\u00bb.vc_custom_1558527735460{padding-top: 7em !important;padding-right: 10% !important;padding-bottom: 7em !important;padding-left: 10% !important;background-color: #ffffff !important;}\u00a0\u00bb][vc_column css=\u00a0\u00bb.vc_custom_1559125340011{padding-right: 20% !important;padding-left: 20% !important;}\u00a0\u00bb offset=\u00a0\u00bbvc_col-lg-3&Prime;][\/vc_column][vc_column css=\u00a0\u00bb.vc_custom_1648139216353{padding-top: 10% !important;padding-right: 10% !important;padding-bottom: 10% !important;padding-left: 10% !important;background-position: center !important;background-repeat: no-repeat !important;background-size: contain !important;}\u00a0\u00bb offset=\u00a0\u00bbvc_col-lg-6&Prime;][\/vc_column][vc_column css=\u00a0\u00bb.vc_custom_1559125377375{padding-right: 10% !important;padding-left: 10% !important;}\u00a0\u00bb offset=\u00a0\u00bbvc_col-lg-3&Prime;][\/vc_column][\/vc_row][vc_row full_width=\u00a0\u00bbstretch_row\u00a0\u00bb el_class=\u00a0\u00bbhalf-height-white-background\u00a0\u00bb][vc_column][\/vc_column][\/vc_row][vc_row][vc_column][vc_empty_space height=\u00a0\u00bb80px\u00a0\u00bb][\/vc_column][\/vc_row][vc_row full_width=\u00a0\u00bbstretch_row\u00a0\u00bb equal_height=\u00a0\u00bbyes\u00a0\u00bb css=\u00a0\u00bb.vc_custom_1648459990890{padding-top: 7em !important;padding-right: 7em !important;padding-bottom: 7em !important;padding-left: 7em<\/p>\n<p class=\"more-link-wrapper\"><a class=\"btn btn-primary\" href=\"https:\/\/www.proseccobelvedere.it\/fr\/les-origines\/\">Read More<\/a><\/p>\n","protected":false},"author":1,"featured_media":4373,"parent":0,"menu_order":0,"comment_status":"closed","ping_status":"closed","template":"","meta":{"inline_featured_image":false,"footnotes":""},"class_list":["post-4527","page","type-page","status-publish","has-post-thumbnail","hentry","has_thumb"],"yoast_head":"<!-- This site is optimized with the Yoast SEO plugin v19.9 - https:\/\/yoast.com\/wordpress\/plugins\/seo\/ -->\n<title>Les origines - Prosecco Belvedere<\/title>\n<meta name=\"robots\" content=\"index, follow, max-snippet:-1, max-image-preview:large, max-video-preview:-1\" \/>\n<link rel=\"canonical\" href=\"https:\/\/www.proseccobelvedere.it\/fr\/les-origines\/\" \/>\n<meta property=\"og:locale\" content=\"fr_FR\" \/>\n<meta property=\"og:type\" content=\"article\" \/>\n<meta property=\"og:title\" content=\"Les origines - Prosecco Belvedere\" \/>\n<meta property=\"og:description\" content=\"[vc_row full_width=\u00a0\u00bbstretch_row\u00a0\u00bb equal_height=\u00a0\u00bbyes\u00a0\u00bb css=\u00a0\u00bb.vc_custom_1558527735460{padding-top: 7em !important;padding-right: 10% !important;padding-bottom: 7em !important;padding-left: 10% !important;background-color: #ffffff !important;}\u00a0\u00bb][vc_column css=\u00a0\u00bb.vc_custom_1559125340011{padding-right: 20% !important;padding-left: 20% !important;}\u00a0\u00bb offset=\u00a0\u00bbvc_col-lg-3&Prime;][\/vc_column][vc_column css=\u00a0\u00bb.vc_custom_1648139216353{padding-top: 10% !important;padding-right: 10% !important;padding-bottom: 10% !important;padding-left: 10% !important;background-position: center !important;background-repeat: no-repeat !important;background-size: contain !important;}\u00a0\u00bb offset=\u00a0\u00bbvc_col-lg-6&Prime;][\/vc_column][vc_column css=\u00a0\u00bb.vc_custom_1559125377375{padding-right: 10% !important;padding-left: 10% !important;}\u00a0\u00bb offset=\u00a0\u00bbvc_col-lg-3&Prime;][\/vc_column][\/vc_row][vc_row full_width=\u00a0\u00bbstretch_row\u00a0\u00bb el_class=\u00a0\u00bbhalf-height-white-background\u00a0\u00bb][vc_column][\/vc_column][\/vc_row][vc_row][vc_column][vc_empty_space height=\u00a0\u00bb80px\u00a0\u00bb][\/vc_column][\/vc_row][vc_row full_width=\u00a0\u00bbstretch_row\u00a0\u00bb equal_height=\u00a0\u00bbyes\u00a0\u00bb css=\u00a0\u00bb.vc_custom_1648459990890{padding-top: 7em !important;padding-right: 7em !important;padding-bottom: 7em !important;padding-left: 7emRead More\" \/>\n<meta property=\"og:url\" content=\"https:\/\/www.proseccobelvedere.it\/fr\/les-origines\/\" \/>\n<meta property=\"og:site_name\" content=\"Prosecco Belvedere\" \/>\n<meta property=\"article:modified_time\" content=\"2022-10-23T11:22:00+00:00\" \/>\n<meta property=\"og:image\" content=\"https:\/\/www.proseccobelvedere.it\/wp-content\/uploads\/2022\/04\/header_origini.jpg\" \/>\n\t<meta property=\"og:image:width\" content=\"1800\" \/>\n\t<meta property=\"og:image:height\" content=\"1000\" \/>\n\t<meta property=\"og:image:type\" content=\"image\/jpeg\" \/>\n<meta name=\"twitter:card\" content=\"summary_large_image\" \/>\n<meta name=\"twitter:label1\" content=\"Dur\u00e9e de lecture estim\u00e9e\" \/>\n\t<meta name=\"twitter:data1\" content=\"3 minutes\" \/>\n<script type=\"application\/ld+json\" class=\"yoast-schema-graph\">{\"@context\":\"https:\/\/schema.org\",\"@graph\":[{\"@type\":\"WebPage\",\"@id\":\"https:\/\/www.proseccobelvedere.it\/fr\/les-origines\/\",\"url\":\"https:\/\/www.proseccobelvedere.it\/fr\/les-origines\/\",\"name\":\"Les origines - Prosecco Belvedere\",\"isPartOf\":{\"@id\":\"https:\/\/www.proseccobelvedere.it\/it\/#website\"},\"datePublished\":\"2022-03-23T16:01:51+00:00\",\"dateModified\":\"2022-10-23T11:22:00+00:00\",\"breadcrumb\":{\"@id\":\"https:\/\/www.proseccobelvedere.it\/fr\/les-origines\/#breadcrumb\"},\"inLanguage\":\"fr-FR\",\"potentialAction\":[{\"@type\":\"ReadAction\",\"target\":[\"https:\/\/www.proseccobelvedere.it\/fr\/les-origines\/\"]}]},{\"@type\":\"BreadcrumbList\",\"@id\":\"https:\/\/www.proseccobelvedere.it\/fr\/les-origines\/#breadcrumb\",\"itemListElement\":[{\"@type\":\"ListItem\",\"position\":1,\"name\":\"Home\",\"item\":\"https:\/\/www.proseccobelvedere.it\/fr\/\"},{\"@type\":\"ListItem\",\"position\":2,\"name\":\"Les origines\"}]},{\"@type\":\"WebSite\",\"@id\":\"https:\/\/www.proseccobelvedere.it\/it\/#website\",\"url\":\"https:\/\/www.proseccobelvedere.it\/it\/\",\"name\":\"Prosecco Belvedere\",\"description\":\"Prosecco DOC\",\"publisher\":{\"@id\":\"https:\/\/www.proseccobelvedere.it\/it\/#organization\"},\"potentialAction\":[{\"@type\":\"SearchAction\",\"target\":{\"@type\":\"EntryPoint\",\"urlTemplate\":\"https:\/\/www.proseccobelvedere.it\/it\/?s={search_term_string}\"},\"query-input\":\"required name=search_term_string\"}],\"inLanguage\":\"fr-FR\"},{\"@type\":\"Organization\",\"@id\":\"https:\/\/www.proseccobelvedere.it\/it\/#organization\",\"name\":\"Prosecco Belvedere\",\"url\":\"https:\/\/www.proseccobelvedere.it\/it\/\",\"logo\":{\"@type\":\"ImageObject\",\"inLanguage\":\"fr-FR\",\"@id\":\"https:\/\/www.proseccobelvedere.it\/it\/#\/schema\/logo\/image\/\",\"url\":\"https:\/\/www.proseccobelvedere.it\/wp-content\/uploads\/2022\/05\/cropped-logo_belvedere2.png\",\"contentUrl\":\"https:\/\/www.proseccobelvedere.it\/wp-content\/uploads\/2022\/05\/cropped-logo_belvedere2.png\",\"width\":324,\"height\":327,\"caption\":\"Prosecco Belvedere\"},\"image\":{\"@id\":\"https:\/\/www.proseccobelvedere.it\/it\/#\/schema\/logo\/image\/\"}}]}<\/script>\n<!-- \/ Yoast SEO plugin. -->","yoast_head_json":{"title":"Les origines - Prosecco Belvedere","robots":{"index":"index","follow":"follow","max-snippet":"max-snippet:-1","max-image-preview":"max-image-preview:large","max-video-preview":"max-video-preview:-1"},"canonical":"https:\/\/www.proseccobelvedere.it\/fr\/les-origines\/","og_locale":"fr_FR","og_type":"article","og_title":"Les origines - Prosecco Belvedere","og_description":"[vc_row full_width=\u00a0\u00bbstretch_row\u00a0\u00bb equal_height=\u00a0\u00bbyes\u00a0\u00bb css=\u00a0\u00bb.vc_custom_1558527735460{padding-top: 7em !important;padding-right: 10% !important;padding-bottom: 7em !important;padding-left: 10% !important;background-color: #ffffff !important;}\u00a0\u00bb][vc_column css=\u00a0\u00bb.vc_custom_1559125340011{padding-right: 20% !important;padding-left: 20% !important;}\u00a0\u00bb offset=\u00a0\u00bbvc_col-lg-3&Prime;][\/vc_column][vc_column css=\u00a0\u00bb.vc_custom_1648139216353{padding-top: 10% !important;padding-right: 10% !important;padding-bottom: 10% !important;padding-left: 10% !important;background-position: center !important;background-repeat: no-repeat !important;background-size: contain !important;}\u00a0\u00bb offset=\u00a0\u00bbvc_col-lg-6&Prime;][\/vc_column][vc_column css=\u00a0\u00bb.vc_custom_1559125377375{padding-right: 10% !important;padding-left: 10% !important;}\u00a0\u00bb offset=\u00a0\u00bbvc_col-lg-3&Prime;][\/vc_column][\/vc_row][vc_row full_width=\u00a0\u00bbstretch_row\u00a0\u00bb el_class=\u00a0\u00bbhalf-height-white-background\u00a0\u00bb][vc_column][\/vc_column][\/vc_row][vc_row][vc_column][vc_empty_space height=\u00a0\u00bb80px\u00a0\u00bb][\/vc_column][\/vc_row][vc_row full_width=\u00a0\u00bbstretch_row\u00a0\u00bb equal_height=\u00a0\u00bbyes\u00a0\u00bb css=\u00a0\u00bb.vc_custom_1648459990890{padding-top: 7em !important;padding-right: 7em !important;padding-bottom: 7em !important;padding-left: 7emRead More","og_url":"https:\/\/www.proseccobelvedere.it\/fr\/les-origines\/","og_site_name":"Prosecco Belvedere","article_modified_time":"2022-10-23T11:22:00+00:00","og_image":[{"width":1800,"height":1000,"url":"https:\/\/www.proseccobelvedere.it\/wp-content\/uploads\/2022\/04\/header_origini.jpg","type":"image\/jpeg"}],"twitter_card":"summary_large_image","twitter_misc":{"Dur\u00e9e de lecture estim\u00e9e":"3 minutes"},"schema":{"@context":"https:\/\/schema.org","@graph":[{"@type":"WebPage","@id":"https:\/\/www.proseccobelvedere.it\/fr\/les-origines\/","url":"https:\/\/www.proseccobelvedere.it\/fr\/les-origines\/","name":"Les origines - Prosecco Belvedere","isPartOf":{"@id":"https:\/\/www.proseccobelvedere.it\/it\/#website"},"datePublished":"2022-03-23T16:01:51+00:00","dateModified":"2022-10-23T11:22:00+00:00","breadcrumb":{"@id":"https:\/\/www.proseccobelvedere.it\/fr\/les-origines\/#breadcrumb"},"inLanguage":"fr-FR","potentialAction":[{"@type":"ReadAction","target":["https:\/\/www.proseccobelvedere.it\/fr\/les-origines\/"]}]},{"@type":"BreadcrumbList","@id":"https:\/\/www.proseccobelvedere.it\/fr\/les-origines\/#breadcrumb","itemListElement":[{"@type":"ListItem","position":1,"name":"Home","item":"https:\/\/www.proseccobelvedere.it\/fr\/"},{"@type":"ListItem","position":2,"name":"Les origines"}]},{"@type":"WebSite","@id":"https:\/\/www.proseccobelvedere.it\/it\/#website","url":"https:\/\/www.proseccobelvedere.it\/it\/","name":"Prosecco Belvedere","description":"Prosecco DOC","publisher":{"@id":"https:\/\/www.proseccobelvedere.it\/it\/#organization"},"potentialAction":[{"@type":"SearchAction","target":{"@type":"EntryPoint","urlTemplate":"https:\/\/www.proseccobelvedere.it\/it\/?s={search_term_string}"},"query-input":"required name=search_term_string"}],"inLanguage":"fr-FR"},{"@type":"Organization","@id":"https:\/\/www.proseccobelvedere.it\/it\/#organization","name":"Prosecco Belvedere","url":"https:\/\/www.proseccobelvedere.it\/it\/","logo":{"@type":"ImageObject","inLanguage":"fr-FR","@id":"https:\/\/www.proseccobelvedere.it\/it\/#\/schema\/logo\/image\/","url":"https:\/\/www.proseccobelvedere.it\/wp-content\/uploads\/2022\/05\/cropped-logo_belvedere2.png","contentUrl":"https:\/\/www.proseccobelvedere.it\/wp-content\/uploads\/2022\/05\/cropped-logo_belvedere2.png","width":324,"height":327,"caption":"Prosecco Belvedere"},"image":{"@id":"https:\/\/www.proseccobelvedere.it\/it\/#\/schema\/logo\/image\/"}}]}},"_links":{"self":[{"href":"https:\/\/www.proseccobelvedere.it\/fr\/wp-json\/wp\/v2\/pages\/4527","targetHints":{"allow":["GET"]}}],"collection":[{"href":"https:\/\/www.proseccobelvedere.it\/fr\/wp-json\/wp\/v2\/pages"}],"about":[{"href":"https:\/\/www.proseccobelvedere.it\/fr\/wp-json\/wp\/v2\/types\/page"}],"author":[{"embeddable":true,"href":"https:\/\/www.proseccobelvedere.it\/fr\/wp-json\/wp\/v2\/users\/1"}],"replies":[{"embeddable":true,"href":"https:\/\/www.proseccobelvedere.it\/fr\/wp-json\/wp\/v2\/comments?post=4527"}],"version-history":[{"count":5,"href":"https:\/\/www.proseccobelvedere.it\/fr\/wp-json\/wp\/v2\/pages\/4527\/revisions"}],"predecessor-version":[{"id":4619,"href":"https:\/\/www.proseccobelvedere.it\/fr\/wp-json\/wp\/v2\/pages\/4527\/revisions\/4619"}],"wp:featuredmedia":[{"embeddable":true,"href":"https:\/\/www.proseccobelvedere.it\/fr\/wp-json\/wp\/v2\/media\/4373"}],"wp:attachment":[{"href":"https:\/\/www.proseccobelvedere.it\/fr\/wp-json\/wp\/v2\/media?parent=4527"}],"curies":[{"name":"wp","href":"https:\/\/api.w.org\/{rel}","templated":true}]}}