{"id":4519,"date":"2019-04-22T13:30:55","date_gmt":"2019-04-22T11:30:55","guid":{"rendered":"https:\/\/www.proseccobelvedere.it\/la-cave\/"},"modified":"2022-10-23T13:29:01","modified_gmt":"2022-10-23T11:29:01","slug":"la-cave","status":"publish","type":"page","link":"https:\/\/www.proseccobelvedere.it\/fr\/la-cave\/","title":{"rendered":"La cave"},"content":{"rendered":"<p>[vc_row full_width=\u00a0\u00bbstretch_row\u00a0\u00bb equal_height=\u00a0\u00bbyes\u00a0\u00bb css=\u00a0\u00bb.vc_custom_1558527735460{padding-top: 7em !important;padding-right: 10% !important;padding-bottom: 7em !important;padding-left: 10% !important;background-color: #ffffff !important;}\u00a0\u00bb][vc_column css=\u00a0\u00bb.vc_custom_1559125340011{padding-right: 20% !important;padding-left: 20% !important;}\u00a0\u00bb offset=\u00a0\u00bbvc_col-lg-3&Prime;][\/vc_column][vc_column css=\u00a0\u00bb.vc_custom_1648139216353{padding-top: 10% !important;padding-right: 10% !important;padding-bottom: 10% !important;padding-left: 10% !important;background-position: center !important;background-repeat: no-repeat !important;background-size: contain !important;}\u00a0\u00bb offset=\u00a0\u00bbvc_col-lg-6&Prime;]\n\t<div class=\"title-subtitle-box  \" style=\" text-align: left;\">\n\t\t<h1 style=\" font-style: normal;\" class=\"special-title\" >Comp\u00e9tences traditionnelles, innovation technologique.<\/h1>\n\t\t<span class=\"gg-horizontal-line\"  ><\/span>\n\t\t<div class=\"box-description\"><p>Si l\u2019histoire familiale repr\u00e9sente les bases solides du Prosecco Belvedere, c\u2019est l\u2019innovation qui aide le Prosecco DOC \u00e0 s\u2019exprimer au mieux. Dans la campagne et surtout dans la Cave, la modernit\u00e9 caract\u00e9rise les proc\u00e9d\u00e9s de transformation des raisins et de vinification.<\/p>\n<p>La forte composante innovante de la Cave est essentiale pour suivre le rythme, \u00e9voluer et maintenir<br \/>\nle niveau de qualit\u00e9 des vins, en respectant la m\u00e9thode de production qui caract\u00e9rise le Prosecco DOC : la m\u00e9thode Charmat, \u00e9galement appel\u00e9e m\u00e9thode Martinotti, qui pr\u00e9voit la fermentation secondaire en autoclave.<\/p>\n<p>La formation de dioxyde de carbone se produit biologiquement, gr\u00e2ce \u00e0 l\u2019action de levures s\u00e9lectionn\u00e9es qui transforment les sucres en alcool. Le mo\u00fbt fermente lentement dans les autoclaves : pour obtenir un juste \u00e9quilibre entre go\u00fbt, ar\u00f4me, \u00e9l\u00e9gance, consistance et finesse du perlage, le vin est maintenu dans ces r\u00e9cipients jusqu\u2019\u00e0 un maximum de six mois.<\/p>\n<p>&nbsp;<\/p>\n<\/div>\n\t<\/div> [\/vc_column][vc_column css=\u00a0\u00bb.vc_custom_1559125377375{padding-right: 10% !important;padding-left: 10% !important;}\u00a0\u00bb offset=\u00a0\u00bbvc_col-lg-3&Prime;][\/vc_column][\/vc_row][vc_row full_width=\u00a0\u00bbstretch_row\u00a0\u00bb el_class=\u00a0\u00bbhalf-height-white-background\u00a0\u00bb css=\u00a0\u00bb.vc_custom_1648465175648{padding-bottom: 100px !important;}\u00a0\u00bb][vc_column]\n\t<div class=\"\">\n\t<div class=\"gg-media-carousel\">\n\t\t<div class=\"swiper-container\" data-uid=\"swiper-1639323632\"  data-slidesperview =\"auto\" data-slidespercolumn =\"1\" data-spacebetween =\"0\" data-initialslide =\"0\" data-direction =\"horizontal\" data-speed =\"300\" data-loop =\"true\" data-centeredslides =\"false\" data-effect =\"slide\" data-autoplay =\"\" data-paginationtype =\"bullets\"  >\n\t\t\t<div class=\"swiper-wrapper\"><div class=\"swiper-slide\"><img loading=\"lazy\" decoding=\"async\" width=\"1400\" height=\"700\" src=\"https:\/\/www.proseccobelvedere.it\/wp-content\/uploads\/2022\/03\/cantina2.jpg\" class=\"attachment-full\" alt=\"\" srcset=\"https:\/\/www.proseccobelvedere.it\/wp-content\/uploads\/2022\/03\/cantina2.jpg 1400w, https:\/\/www.proseccobelvedere.it\/wp-content\/uploads\/2022\/03\/cantina2-300x150.jpg 300w, https:\/\/www.proseccobelvedere.it\/wp-content\/uploads\/2022\/03\/cantina2-1024x512.jpg 1024w, https:\/\/www.proseccobelvedere.it\/wp-content\/uploads\/2022\/03\/cantina2-768x384.jpg 768w\" sizes=\"auto, (max-width: 1400px) 100vw, 1400px\" \/><\/div><div class=\"swiper-slide\"><img loading=\"lazy\" decoding=\"async\" width=\"1400\" height=\"700\" src=\"https:\/\/www.proseccobelvedere.it\/wp-content\/uploads\/2022\/03\/cantina.jpg\" class=\"attachment-full\" alt=\"\" srcset=\"https:\/\/www.proseccobelvedere.it\/wp-content\/uploads\/2022\/03\/cantina.jpg 1400w, https:\/\/www.proseccobelvedere.it\/wp-content\/uploads\/2022\/03\/cantina-300x150.jpg 300w, https:\/\/www.proseccobelvedere.it\/wp-content\/uploads\/2022\/03\/cantina-1024x512.jpg 1024w, https:\/\/www.proseccobelvedere.it\/wp-content\/uploads\/2022\/03\/cantina-768x384.jpg 768w\" sizes=\"auto, (max-width: 1400px) 100vw, 1400px\" \/><\/div><div class=\"swiper-slide\"><img loading=\"lazy\" decoding=\"async\" width=\"1400\" height=\"700\" src=\"https:\/\/www.proseccobelvedere.it\/wp-content\/uploads\/2022\/03\/cantina03.jpg\" class=\"attachment-full\" alt=\"\" srcset=\"https:\/\/www.proseccobelvedere.it\/wp-content\/uploads\/2022\/03\/cantina03.jpg 1400w, https:\/\/www.proseccobelvedere.it\/wp-content\/uploads\/2022\/03\/cantina03-300x150.jpg 300w, https:\/\/www.proseccobelvedere.it\/wp-content\/uploads\/2022\/03\/cantina03-1024x512.jpg 1024w, https:\/\/www.proseccobelvedere.it\/wp-content\/uploads\/2022\/03\/cantina03-768x384.jpg 768w\" sizes=\"auto, (max-width: 1400px) 100vw, 1400px\" \/><\/div>\n\t\t\t<\/div>\n\t\t<\/div>\n\t\t<div id=\"pagination-swiper-1639323632\" class=\"swiper-pagination\"><\/div>\n\t\t<div class=\"media-button-container swiper-nav-container\">\n\t\t<div id=\"btn-next-swiper-1639323632\" class=\"swiper-nav-next\"><svg id=\"swiper-arrow-right\" viewBox=\"0 0 50 12\" width=\"100%\" height=\"100%\"><path fill-rule=\"evenodd\" d=\"M48.078 6.096H.008v.966h48.07l-4.254 4.255.683.683 5.541-5.538L44.507.924l-.683.683z\"><\/path><\/svg><\/div>\n\t\t<div id=\"btn-prev-swiper-1639323632\" class=\"swiper-nav-prev\"><svg id=\"swiper-arrow-left\" viewBox=\"0 0 50 12\" width=\"100%\" height=\"100%\"><path fill-rule=\"evenodd\" d=\"M1.922 5.904h48.07v-.966H1.922L6.176.683 5.493 0-.048 5.538l5.541 5.538.683-.683z\"><\/path><\/svg><\/div>\n\t\t<\/div>\n\t<\/div>\n\t<\/div>[\/vc_column][\/vc_row][vc_row full_width=\u00a0\u00bbstretch_row\u00a0\u00bb equal_height=\u00a0\u00bbyes\u00a0\u00bb css=\u00a0\u00bb.vc_custom_1648465364599{padding-top: 7em !important;padding-right: 10% !important;padding-bottom: 7em !important;padding-left: 10% !important;background-color: #1b1b19 !important;}\u00a0\u00bb][vc_column css=\u00a0\u00bb.vc_custom_1559125340011{padding-right: 20% !important;padding-left: 20% !important;}\u00a0\u00bb offset=\u00a0\u00bbvc_col-lg-3&Prime;][\/vc_column][vc_column css=\u00a0\u00bb.vc_custom_1648139216353{padding-top: 10% !important;padding-right: 10% !important;padding-bottom: 10% !important;padding-left: 10% !important;background-position: center !important;background-repeat: no-repeat !important;background-size: contain !important;}\u00a0\u00bb offset=\u00a0\u00bbvc_col-lg-6&Prime;]\n\t<div class=\"title-subtitle-box  \" style=\" text-align: left;\">\n\t\t<h1 style=\" color:#ffffff;  font-style: normal;\" class=\"special-title\" >L'utilisation de la technologie avec conscience et pr\u00e9paration<\/h1>\n\t\t<span class=\"gg-horizontal-line\"  ><\/span>\n\t\t<div class=\"box-description\"><p style=\"color: white;\">Prosecco Belvedere r\u00e9alise le processus de vinification avec des machines de derni\u00e8re g\u00e9n\u00e9ration y compris des presses souples \u00e0 pression, des appareils de flottation pour le nettoyage des mo\u00fbts qui contribuent \u00e0 une fermentation aussi limpide que possible et des filtres tangentiels utilis\u00e9s lors des op\u00e9rations de filtrage.<\/p>\n<p style=\"color: white;\">La technologie doit \u00eatre utilis\u00e9e de mani\u00e8re consciente et pr\u00e9par\u00e9e. Elle implique la contribution fondamentale de l\u2019expertise humaine. Le travail de ressources qualifi\u00e9es et motiv\u00e9es assure une valorisation maximale des innovations introduites, faisant du Prosecco Belvedere un vin de haute qualit\u00e9, r\u00e9alis\u00e9 avec passion et soin.<\/p>\n<\/div>\n\t<\/div> [\/vc_column][vc_column css=\u00a0\u00bb.vc_custom_1559125377375{padding-right: 10% !important;padding-left: 10% !important;}\u00a0\u00bb offset=\u00a0\u00bbvc_col-lg-3&Prime;][\/vc_column][\/vc_row]<\/p>\n","protected":false},"excerpt":{"rendered":"<p>[vc_row full_width=\u00a0\u00bbstretch_row\u00a0\u00bb equal_height=\u00a0\u00bbyes\u00a0\u00bb css=\u00a0\u00bb.vc_custom_1558527735460{padding-top: 7em !important;padding-right: 10% !important;padding-bottom: 7em !important;padding-left: 10% !important;background-color: #ffffff !important;}\u00a0\u00bb][vc_column css=\u00a0\u00bb.vc_custom_1559125340011{padding-right: 20% !important;padding-left: 20% !important;}\u00a0\u00bb offset=\u00a0\u00bbvc_col-lg-3&Prime;][\/vc_column][vc_column css=\u00a0\u00bb.vc_custom_1648139216353{padding-top: 10% !important;padding-right: 10% !important;padding-bottom: 10% !important;padding-left: 10% !important;background-position: center !important;background-repeat: no-repeat !important;background-size: contain !important;}\u00a0\u00bb offset=\u00a0\u00bbvc_col-lg-6&Prime;][\/vc_column][vc_column css=\u00a0\u00bb.vc_custom_1559125377375{padding-right: 10% !important;padding-left: 10% !important;}\u00a0\u00bb offset=\u00a0\u00bbvc_col-lg-3&Prime;][\/vc_column][\/vc_row][vc_row full_width=\u00a0\u00bbstretch_row\u00a0\u00bb el_class=\u00a0\u00bbhalf-height-white-background\u00a0\u00bb css=\u00a0\u00bb.vc_custom_1648465175648{padding-bottom: 100px !important;}\u00a0\u00bb][vc_column][\/vc_column][\/vc_row][vc_row full_width=\u00a0\u00bbstretch_row\u00a0\u00bb equal_height=\u00a0\u00bbyes\u00a0\u00bb css=\u00a0\u00bb.vc_custom_1648465364599{padding-top: 7em !important;padding-right: 10% !important;padding-bottom: 7em<\/p>\n<p class=\"more-link-wrapper\"><a class=\"btn btn-primary\" href=\"https:\/\/www.proseccobelvedere.it\/fr\/la-cave\/\">Read More<\/a><\/p>\n","protected":false},"author":1,"featured_media":4355,"parent":0,"menu_order":0,"comment_status":"closed","ping_status":"closed","template":"","meta":{"inline_featured_image":false,"footnotes":""},"class_list":["post-4519","page","type-page","status-publish","has-post-thumbnail","hentry","has_thumb"],"yoast_head":"<!-- This site is optimized with the Yoast SEO plugin v19.9 - https:\/\/yoast.com\/wordpress\/plugins\/seo\/ -->\n<title>La cave - Prosecco Belvedere<\/title>\n<meta name=\"robots\" content=\"index, follow, max-snippet:-1, max-image-preview:large, max-video-preview:-1\" \/>\n<link rel=\"canonical\" href=\"https:\/\/www.proseccobelvedere.it\/fr\/la-cave\/\" \/>\n<meta property=\"og:locale\" content=\"fr_FR\" \/>\n<meta property=\"og:type\" content=\"article\" \/>\n<meta property=\"og:title\" content=\"La cave - Prosecco Belvedere\" \/>\n<meta property=\"og:description\" content=\"[vc_row full_width=\u00a0\u00bbstretch_row\u00a0\u00bb equal_height=\u00a0\u00bbyes\u00a0\u00bb css=\u00a0\u00bb.vc_custom_1558527735460{padding-top: 7em !important;padding-right: 10% !important;padding-bottom: 7em !important;padding-left: 10% !important;background-color: #ffffff !important;}\u00a0\u00bb][vc_column css=\u00a0\u00bb.vc_custom_1559125340011{padding-right: 20% !important;padding-left: 20% !important;}\u00a0\u00bb offset=\u00a0\u00bbvc_col-lg-3&Prime;][\/vc_column][vc_column css=\u00a0\u00bb.vc_custom_1648139216353{padding-top: 10% !important;padding-right: 10% !important;padding-bottom: 10% !important;padding-left: 10% !important;background-position: center !important;background-repeat: no-repeat !important;background-size: contain !important;}\u00a0\u00bb offset=\u00a0\u00bbvc_col-lg-6&Prime;][\/vc_column][vc_column css=\u00a0\u00bb.vc_custom_1559125377375{padding-right: 10% !important;padding-left: 10% !important;}\u00a0\u00bb offset=\u00a0\u00bbvc_col-lg-3&Prime;][\/vc_column][\/vc_row][vc_row full_width=\u00a0\u00bbstretch_row\u00a0\u00bb el_class=\u00a0\u00bbhalf-height-white-background\u00a0\u00bb css=\u00a0\u00bb.vc_custom_1648465175648{padding-bottom: 100px !important;}\u00a0\u00bb][vc_column][\/vc_column][\/vc_row][vc_row full_width=\u00a0\u00bbstretch_row\u00a0\u00bb equal_height=\u00a0\u00bbyes\u00a0\u00bb css=\u00a0\u00bb.vc_custom_1648465364599{padding-top: 7em !important;padding-right: 10% !important;padding-bottom: 7emRead More\" \/>\n<meta property=\"og:url\" content=\"https:\/\/www.proseccobelvedere.it\/fr\/la-cave\/\" \/>\n<meta property=\"og:site_name\" content=\"Prosecco Belvedere\" \/>\n<meta property=\"article:modified_time\" content=\"2022-10-23T11:29:01+00:00\" \/>\n<meta property=\"og:image\" content=\"https:\/\/www.proseccobelvedere.it\/wp-content\/uploads\/2022\/03\/header_cantina2.jpg\" \/>\n\t<meta property=\"og:image:width\" content=\"1800\" \/>\n\t<meta property=\"og:image:height\" content=\"1000\" \/>\n\t<meta property=\"og:image:type\" content=\"image\/jpeg\" \/>\n<meta name=\"twitter:card\" content=\"summary_large_image\" \/>\n<meta name=\"twitter:label1\" content=\"Dur\u00e9e de lecture estim\u00e9e\" \/>\n\t<meta name=\"twitter:data1\" content=\"3 minutes\" \/>\n<script type=\"application\/ld+json\" class=\"yoast-schema-graph\">{\"@context\":\"https:\/\/schema.org\",\"@graph\":[{\"@type\":\"WebPage\",\"@id\":\"https:\/\/www.proseccobelvedere.it\/fr\/la-cave\/\",\"url\":\"https:\/\/www.proseccobelvedere.it\/fr\/la-cave\/\",\"name\":\"La cave - Prosecco Belvedere\",\"isPartOf\":{\"@id\":\"https:\/\/www.proseccobelvedere.it\/it\/#website\"},\"datePublished\":\"2019-04-22T11:30:55+00:00\",\"dateModified\":\"2022-10-23T11:29:01+00:00\",\"breadcrumb\":{\"@id\":\"https:\/\/www.proseccobelvedere.it\/fr\/la-cave\/#breadcrumb\"},\"inLanguage\":\"fr-FR\",\"potentialAction\":[{\"@type\":\"ReadAction\",\"target\":[\"https:\/\/www.proseccobelvedere.it\/fr\/la-cave\/\"]}]},{\"@type\":\"BreadcrumbList\",\"@id\":\"https:\/\/www.proseccobelvedere.it\/fr\/la-cave\/#breadcrumb\",\"itemListElement\":[{\"@type\":\"ListItem\",\"position\":1,\"name\":\"Home\",\"item\":\"https:\/\/www.proseccobelvedere.it\/fr\/\"},{\"@type\":\"ListItem\",\"position\":2,\"name\":\"La cave\"}]},{\"@type\":\"WebSite\",\"@id\":\"https:\/\/www.proseccobelvedere.it\/it\/#website\",\"url\":\"https:\/\/www.proseccobelvedere.it\/it\/\",\"name\":\"Prosecco Belvedere\",\"description\":\"Prosecco DOC\",\"publisher\":{\"@id\":\"https:\/\/www.proseccobelvedere.it\/it\/#organization\"},\"potentialAction\":[{\"@type\":\"SearchAction\",\"target\":{\"@type\":\"EntryPoint\",\"urlTemplate\":\"https:\/\/www.proseccobelvedere.it\/it\/?s={search_term_string}\"},\"query-input\":\"required name=search_term_string\"}],\"inLanguage\":\"fr-FR\"},{\"@type\":\"Organization\",\"@id\":\"https:\/\/www.proseccobelvedere.it\/it\/#organization\",\"name\":\"Prosecco Belvedere\",\"url\":\"https:\/\/www.proseccobelvedere.it\/it\/\",\"logo\":{\"@type\":\"ImageObject\",\"inLanguage\":\"fr-FR\",\"@id\":\"https:\/\/www.proseccobelvedere.it\/it\/#\/schema\/logo\/image\/\",\"url\":\"https:\/\/www.proseccobelvedere.it\/wp-content\/uploads\/2022\/05\/cropped-logo_belvedere2.png\",\"contentUrl\":\"https:\/\/www.proseccobelvedere.it\/wp-content\/uploads\/2022\/05\/cropped-logo_belvedere2.png\",\"width\":324,\"height\":327,\"caption\":\"Prosecco Belvedere\"},\"image\":{\"@id\":\"https:\/\/www.proseccobelvedere.it\/it\/#\/schema\/logo\/image\/\"}}]}<\/script>\n<!-- \/ Yoast SEO plugin. -->","yoast_head_json":{"title":"La cave - Prosecco Belvedere","robots":{"index":"index","follow":"follow","max-snippet":"max-snippet:-1","max-image-preview":"max-image-preview:large","max-video-preview":"max-video-preview:-1"},"canonical":"https:\/\/www.proseccobelvedere.it\/fr\/la-cave\/","og_locale":"fr_FR","og_type":"article","og_title":"La cave - Prosecco Belvedere","og_description":"[vc_row full_width=\u00a0\u00bbstretch_row\u00a0\u00bb equal_height=\u00a0\u00bbyes\u00a0\u00bb css=\u00a0\u00bb.vc_custom_1558527735460{padding-top: 7em !important;padding-right: 10% !important;padding-bottom: 7em !important;padding-left: 10% !important;background-color: #ffffff !important;}\u00a0\u00bb][vc_column css=\u00a0\u00bb.vc_custom_1559125340011{padding-right: 20% !important;padding-left: 20% !important;}\u00a0\u00bb offset=\u00a0\u00bbvc_col-lg-3&Prime;][\/vc_column][vc_column css=\u00a0\u00bb.vc_custom_1648139216353{padding-top: 10% !important;padding-right: 10% !important;padding-bottom: 10% !important;padding-left: 10% !important;background-position: center !important;background-repeat: no-repeat !important;background-size: contain !important;}\u00a0\u00bb offset=\u00a0\u00bbvc_col-lg-6&Prime;][\/vc_column][vc_column css=\u00a0\u00bb.vc_custom_1559125377375{padding-right: 10% !important;padding-left: 10% !important;}\u00a0\u00bb offset=\u00a0\u00bbvc_col-lg-3&Prime;][\/vc_column][\/vc_row][vc_row full_width=\u00a0\u00bbstretch_row\u00a0\u00bb el_class=\u00a0\u00bbhalf-height-white-background\u00a0\u00bb css=\u00a0\u00bb.vc_custom_1648465175648{padding-bottom: 100px !important;}\u00a0\u00bb][vc_column][\/vc_column][\/vc_row][vc_row full_width=\u00a0\u00bbstretch_row\u00a0\u00bb equal_height=\u00a0\u00bbyes\u00a0\u00bb css=\u00a0\u00bb.vc_custom_1648465364599{padding-top: 7em !important;padding-right: 10% !important;padding-bottom: 7emRead More","og_url":"https:\/\/www.proseccobelvedere.it\/fr\/la-cave\/","og_site_name":"Prosecco Belvedere","article_modified_time":"2022-10-23T11:29:01+00:00","og_image":[{"width":1800,"height":1000,"url":"https:\/\/www.proseccobelvedere.it\/wp-content\/uploads\/2022\/03\/header_cantina2.jpg","type":"image\/jpeg"}],"twitter_card":"summary_large_image","twitter_misc":{"Dur\u00e9e de lecture estim\u00e9e":"3 minutes"},"schema":{"@context":"https:\/\/schema.org","@graph":[{"@type":"WebPage","@id":"https:\/\/www.proseccobelvedere.it\/fr\/la-cave\/","url":"https:\/\/www.proseccobelvedere.it\/fr\/la-cave\/","name":"La cave - Prosecco Belvedere","isPartOf":{"@id":"https:\/\/www.proseccobelvedere.it\/it\/#website"},"datePublished":"2019-04-22T11:30:55+00:00","dateModified":"2022-10-23T11:29:01+00:00","breadcrumb":{"@id":"https:\/\/www.proseccobelvedere.it\/fr\/la-cave\/#breadcrumb"},"inLanguage":"fr-FR","potentialAction":[{"@type":"ReadAction","target":["https:\/\/www.proseccobelvedere.it\/fr\/la-cave\/"]}]},{"@type":"BreadcrumbList","@id":"https:\/\/www.proseccobelvedere.it\/fr\/la-cave\/#breadcrumb","itemListElement":[{"@type":"ListItem","position":1,"name":"Home","item":"https:\/\/www.proseccobelvedere.it\/fr\/"},{"@type":"ListItem","position":2,"name":"La cave"}]},{"@type":"WebSite","@id":"https:\/\/www.proseccobelvedere.it\/it\/#website","url":"https:\/\/www.proseccobelvedere.it\/it\/","name":"Prosecco Belvedere","description":"Prosecco DOC","publisher":{"@id":"https:\/\/www.proseccobelvedere.it\/it\/#organization"},"potentialAction":[{"@type":"SearchAction","target":{"@type":"EntryPoint","urlTemplate":"https:\/\/www.proseccobelvedere.it\/it\/?s={search_term_string}"},"query-input":"required name=search_term_string"}],"inLanguage":"fr-FR"},{"@type":"Organization","@id":"https:\/\/www.proseccobelvedere.it\/it\/#organization","name":"Prosecco Belvedere","url":"https:\/\/www.proseccobelvedere.it\/it\/","logo":{"@type":"ImageObject","inLanguage":"fr-FR","@id":"https:\/\/www.proseccobelvedere.it\/it\/#\/schema\/logo\/image\/","url":"https:\/\/www.proseccobelvedere.it\/wp-content\/uploads\/2022\/05\/cropped-logo_belvedere2.png","contentUrl":"https:\/\/www.proseccobelvedere.it\/wp-content\/uploads\/2022\/05\/cropped-logo_belvedere2.png","width":324,"height":327,"caption":"Prosecco Belvedere"},"image":{"@id":"https:\/\/www.proseccobelvedere.it\/it\/#\/schema\/logo\/image\/"}}]}},"_links":{"self":[{"href":"https:\/\/www.proseccobelvedere.it\/fr\/wp-json\/wp\/v2\/pages\/4519","targetHints":{"allow":["GET"]}}],"collection":[{"href":"https:\/\/www.proseccobelvedere.it\/fr\/wp-json\/wp\/v2\/pages"}],"about":[{"href":"https:\/\/www.proseccobelvedere.it\/fr\/wp-json\/wp\/v2\/types\/page"}],"author":[{"embeddable":true,"href":"https:\/\/www.proseccobelvedere.it\/fr\/wp-json\/wp\/v2\/users\/1"}],"replies":[{"embeddable":true,"href":"https:\/\/www.proseccobelvedere.it\/fr\/wp-json\/wp\/v2\/comments?post=4519"}],"version-history":[{"count":5,"href":"https:\/\/www.proseccobelvedere.it\/fr\/wp-json\/wp\/v2\/pages\/4519\/revisions"}],"predecessor-version":[{"id":4623,"href":"https:\/\/www.proseccobelvedere.it\/fr\/wp-json\/wp\/v2\/pages\/4519\/revisions\/4623"}],"wp:featuredmedia":[{"embeddable":true,"href":"https:\/\/www.proseccobelvedere.it\/fr\/wp-json\/wp\/v2\/media\/4355"}],"wp:attachment":[{"href":"https:\/\/www.proseccobelvedere.it\/fr\/wp-json\/wp\/v2\/media?parent=4519"}],"curies":[{"name":"wp","href":"https:\/\/api.w.org\/{rel}","templated":true}]}}