{"id":4435,"date":"2019-04-23T11:46:03","date_gmt":"2019-04-23T09:46:03","guid":{"rendered":"https:\/\/www.proseccobelvedere.it\/homepage\/"},"modified":"2025-06-12T10:56:24","modified_gmt":"2025-06-12T08:56:24","slug":"homepage","status":"publish","type":"page","link":"https:\/\/www.proseccobelvedere.it\/fr\/","title":{"rendered":"Homepage"},"content":{"rendered":"<p>[vc_row full_width=\u00a0\u00bbstretch_row\u00a0\u00bb css=\u00a0\u00bb.vc_custom_1648051504203{padding-top: 3em !important;padding-bottom: 10em !important;background-color: #000000 !important;}\u00a0\u00bb][vc_column][vc_row_inner equal_height=\u00a0\u00bbyes\u00a0\u00bb content_placement=\u00a0\u00bbmiddle\u00a0\u00bb css=\u00a0\u00bb.vc_custom_1556093058576{padding-top: 8em !important;}\u00a0\u00bb][vc_column_inner width=\u00a0\u00bb1\/2&Prime;][vc_single_image image=\u00a0\u00bb3866&Prime; img_size=\u00a0\u00bbfull\u00a0\u00bb css=\u00a0\u00bb.vc_custom_1648026426935{margin-bottom: 0px !important;}\u00a0\u00bb][\/vc_column_inner][vc_column_inner width=\u00a0\u00bb1\/2&Prime; css=\u00a0\u00bb.vc_custom_1556093129663{padding: 15% !important;background-color: #ffffff !important;}\u00a0\u00bb]\n\t<div class=\"title-subtitle-box  \" style=\" text-align: left;\">\n\t\t<h1 style=\" font-style: normal;\" class=\"special-title\" >\n\t\t<span style=\"\">LIEUX D'HISTOIRE<\/span>Hemingway et ces jours sur le fleuve Piave.<\/h1>\n\t\t<span class=\"gg-horizontal-line\"  ><\/span>\n\t\t<div class=\"box-description\"><p>Ernesto et Ernest.<br \/>\nUne homonymie qui n\u2019est absolument pas fortuite entre le jeune fondateur du Prosecco Belvedere et le tr\u00e8s connu journaliste et \u00e9crivant am\u00e9ricain. Le nom \u00ab Ernesto \u00bb est pr\u00e9sent depuis trois g\u00e9n\u00e9rations parmi les successeurs de ce premier Ernesto qui, pendant la \u00ab Premi\u00e8re Guerre Mondiale \u00bb, a juste rencontr\u00e9 Hemingway au bord du fleuve Piave.<\/p>\n<p>&nbsp;<\/p>\n<\/div><div class=\"gg-special-button-wrapper  special-button-align-left special-button-style-btn-primary\"><a class=\"btn btn-primary\" href=\"https:\/\/www.proseccobelvedere.it\/fr\/les-origines\/\" title=\"Lire la suite\" target=\"_self\">Lire la suite<\/a><\/div>\n\t<\/div> [\/vc_column_inner][\/vc_row_inner][\/vc_column][\/vc_row][vc_row full_width=\u00a0\u00bbstretch_row\u00a0\u00bb css=\u00a0\u00bb.vc_custom_1559052646917{padding-top: 7em !important;}\u00a0\u00bb][vc_column][vc_row_inner][vc_column_inner width=\u00a0\u00bb1\/4&Prime;][\/vc_column_inner][vc_column_inner width=\u00a0\u00bb1\/2&Prime;]\n\t<div class=\"title-subtitle-box  vc_custom_1653051887979\" style=\" text-align: center;\">\n\t\t<h1 style=\" font-style: normal;\" class=\"special-title\" >\n\t\t<span style=\"\">D\u00e9couvrir<\/span>Nos vins<\/h1>\n\t\t<span class=\"gg-horizontal-line\"  ><\/span>\n\t<\/div> [\/vc_column_inner][vc_column_inner width=\u00a0\u00bb1\/4&Prime;][\/vc_column_inner][\/vc_row_inner]\n\t<div class=\"product-presentation \">\n\t\t<div class=\"swiper-container product-presentation-container\" data-uid=\"swiper-393838866\"  >\n\t\t\t<div class=\"swiper-wrapper\"><div class=\"swiper-slide swiper-no-swiping\" data-title=\" Prosecco Doc Brut\"\"><div class=\"presentation-box product-pres-img\"> <img decoding=\"async\" class=\"wp-post-image \" src=\"https:\/\/www.proseccobelvedere.it\/wp-content\/uploads\/2022\/03\/Belvedere_Prosecco_Brut.jpg\" alt=\"\" \/> <\/div><div class=\"presentation-box product-pres-data\"><h4>Prosecco Doc Brut<\/h4><ul class=\"product-pres-data-list\"><li><span>Notes organoleptiques<\/span>Couleur jaune paille clair, perlage fin et persistant.\nSon ar\u00f4me floral a un parfum de pomme, de poire et d\u2019agrumes.\nDans la bouche il donne des sensations agr\u00e9ables de fra\u00eecheur et de saveur en laissant le palais cr\u00e9meux et propre.<\/li><li><span>A d\u00e9guster<\/span>A boire avec premier plats l\u00e9gers, viande blanche ou poisson. Excellent avec des p\u00e2tes (\u00ab\u00a0maltagliati\u00a0\u00bb) aux calmars \u00e0 la julienne.\nA siroter m\u00eame en plein repas.<\/li><\/ul><div class=\"gg-special-button-wrapper  special-button-align-left special-button-style-btn-primary\"><a class=\"btn btn-primary\" href=\"https:\/\/www.proseccobelvedere.it\/fr\/product\/prosecco-brut-belvedere\/\" title=\"D\u00e9couvrir le vin\" target=\"_self\">D\u00e9couvrir le vin<\/a><\/div><\/div><\/div><div class=\"swiper-slide swiper-no-swiping\" data-title=\" Prosecco Doc Extra Dry\"\"><div class=\"presentation-box product-pres-img\"> <img decoding=\"async\" class=\"wp-post-image \" src=\"https:\/\/www.proseccobelvedere.it\/wp-content\/uploads\/2019\/03\/Belvedere_Prosecco_extra_dry.jpg\" alt=\"\" \/> <\/div><div class=\"presentation-box product-pres-data\"><h4>Prosecco Doc Extra Dry<\/h4><ul class=\"product-pres-data-list\"><li><span>Notes organoleptiques<\/span>Couleur jaune paille fort, perlage fin et persistent.\nAu nez exprime de belles notes de fruits \u00e0 chair blanche, foin, beurre vanill\u00e9, levures.\nLe palais est harmonieux, doux, agr\u00e9ablement \u00e9quilibr\u00e9, en laissant une sensation de fra\u00eecheur.<\/li><li><span>A d\u00e9guster<\/span>Excellent en ap\u00e9ritif avec des l\u00e9gumes en cro\u00fbte, fritures, fromages ou encore avec des p\u00e2tes froides. Superbe avec du poisson cru comme les hu\u00eetres et les langoustines.<\/li><\/ul><div class=\"gg-special-button-wrapper  special-button-align-left special-button-style-btn-primary\"><a class=\"btn btn-primary\" href=\"https:\/\/www.proseccobelvedere.it\/fr\/product\/prosecco-docextra-dry\/\" title=\"D\u00e9couvrir le vin\" target=\"_self\">D\u00e9couvrir le vin<\/a><\/div><\/div><\/div><div class=\"swiper-slide swiper-no-swiping\" data-title=\" Prosecco Doc Ros\u00e8 Extra Dry\"\"><div class=\"presentation-box product-pres-img\"> <img decoding=\"async\" class=\"wp-post-image \" src=\"https:\/\/www.proseccobelvedere.it\/wp-content\/uploads\/2022\/03\/Belvedere_Prosecco_rose_doc.jpg\" alt=\"\" \/> <\/div><div class=\"presentation-box product-pres-data\"><h4>Prosecco Doc Ros\u00e8 Extra Dry<\/h4><ul class=\"product-pres-data-list\"><li><span>Notes organoleptiques<\/span>La couleur est un rose l\u00e9ger et \u00e9l\u00e9gant, perlage tr\u00e8s fin et persistant.\nAu nez il y a des notes de rose, de baies et de fraises des bois.\nBonne structure, \u00e9quilibr\u00e9 et savoureux, le palais est agr\u00e9able et harmonieux.<\/li><li><span>A d\u00e9guster<\/span>Au cours du repas, il se marie parfaitement avec le poisson et les crustac\u00e9s. Pour une combinaison particuli\u00e8re, essayez-le avec du couscous aux l\u00e9gumes et crevettes saut\u00e9es.<\/li><\/ul><div class=\"gg-special-button-wrapper  special-button-align-left special-button-style-btn-primary\"><a class=\"btn btn-primary\" href=\"https:\/\/www.proseccobelvedere.it\/fr\/product\/prosecco-rose-docextra-dry\/\" title=\"D\u00e9couvrir le vin\" target=\"_self\">D\u00e9couvrir le vin<\/a><\/div><\/div><\/div>\n\t\t\t<\/div>\n\t\t<\/div><div class=\"presentation-pagination-container swiper-pagination-container\"><\/div>\n\t\t<div class=\"presentation-button-container swiper-nav-container\">\n\t\t<div id=\"btn-next-swiper-393838866\" class=\"swiper-nav-next\"><svg id=\"swiper-arrow-right\" viewBox=\"0 0 50 12\" width=\"100%\" height=\"100%\"><path fill-rule=\"evenodd\" d=\"M48.078 6.096H.008v.966h48.07l-4.254 4.255.683.683 5.541-5.538L44.507.924l-.683.683z\"><\/path><\/svg><\/div>\n\t\t<div id=\"btn-prev-swiper-393838866\" class=\"swiper-nav-prev\"><svg id=\"swiper-arrow-left\" viewBox=\"0 0 50 12\" width=\"100%\" height=\"100%\"><path fill-rule=\"evenodd\" d=\"M1.922 5.904h48.07v-.966H1.922L6.176.683 5.493 0-.048 5.538l5.541 5.538.683-.683z\"><\/path><\/svg><\/div>\n\t\t<\/div>\n\t<\/div>[\/vc_column][\/vc_row][vc_row full_width=\u00a0\u00bbstretch_row\u00a0\u00bb css=\u00a0\u00bb.vc_custom_1648029478954{margin-top: 14em !important;padding-bottom: 14em !important;background-image: url(https:\/\/www.proseccobelvedere.it\/wp-content\/uploads\/2022\/03\/territorio_home.jpg?id=3882) !important;background-position: center !important;background-repeat: no-repeat !important;background-size: cover !important;}\u00a0\u00bb el_class=\u00a0\u00bbno-overflow\u00a0\u00bb][vc_column][vc_row_inner content_placement=\u00a0\u00bbtop\u00a0\u00bb][vc_column_inner width=\u00a0\u00bb1\/2&Prime; css=\u00a0\u00bb.vc_custom_1556101439033{margin-top: -7em !important;padding-top: 15% !important;padding-right: 15% !important;padding-bottom: 15% !important;padding-left: 15% !important;background-color: #ffffff !important;}\u00a0\u00bb]\n\t<div class=\"title-subtitle-box  \" style=\" text-align: left;\">\n\t\t<h1 style=\" font-style: normal;\" class=\"special-title\" >\n\t\t<span style=\"\">Le territoire<\/span>La zone de production du Prosecco DOC<\/h1>\n\t\t<span class=\"gg-horizontal-line\"  ><\/span>\n\t\t<div class=\"box-description\"><p>Les vins de Prosecco Belvedere naissent dans une zone historiquement d\u00e9di\u00e9e \u00e0 la viticulture, celle principalement plate entre les provinces de Tr\u00e9vise et de Venise. Ici, le paysage agricole est brod\u00e9 de vignes et parsem\u00e9 d\u2019exploitations viticoles visant \u00e0 am\u00e9liorer et \u00e0 atteindre des normes de qualit\u00e9 \u00e9lev\u00e9es, en contribuant, au fil des ans, au prestige de cette zone qui a donn\u00e9 origine \u00e0 une d\u00e9nomination devenue le symbole des bulles italienne dans le monde : le Prosecco DOC.<\/p>\n<p>&nbsp;<\/p>\n<p>&nbsp;<\/p>\n<\/div><div class=\"gg-special-button-wrapper  special-button-align-left special-button-style-btn-primary\"><a class=\"btn btn-primary\" href=\"https:\/\/www.proseccobelvedere.it\/fr\/le-territoire\/\" title=\"D\u00e9couvrir plus\" target=\"_self\">D\u00e9couvrir plus<\/a><\/div>\n\t<\/div> [\/vc_column_inner][vc_column_inner width=\u00a0\u00bb1\/2&Prime; css=\u00a0\u00bb.vc_custom_1648032040375{padding-top: 15% !important;padding-right: 15% !important;padding-bottom: 15% !important;padding-left: 15% !important;background-color: #000000 !important;}\u00a0\u00bb]\n\t<div class=\"title-subtitle-box  \" style=\" text-align: left;\">\n\t\t<h1 style=\" color:#ffffff;  font-style: normal;\" class=\"special-title\" >\n\t\t<span style=\"\">Propre vignoble<\/span>Nos domaines<\/h1>\n\t\t<span class=\"gg-horizontal-line\"  ><\/span>\n\t\t<div class=\"box-description\"><p style=\"color: white;\">C\u2019est le patrimoine viticole exprim\u00e9 par Prosecco Belvedere, g\u00e9r\u00e9 conform\u00e9ment aux principes de la pr\u00e9servation du paysage agricole, gr\u00e2ce \u00e0 la pr\u00e9sence de for\u00eats et de haies et la participation des communaut\u00e9s locales. Dans ces zones on peut conna\u00eetre un c\u00f4t\u00e9 in\u00e9dit et authentique de la V\u00e9n\u00e9tie, soit en termes de viticulture et de production \u0153nologique, soit en termes de nature et aspects socioculturels. Les propri\u00e9t\u00e9s sont historiquement implant\u00e9es dans cette zone et en sont l\u2019expression.<\/p>\n<p>&nbsp;<\/p>\n<p>&nbsp;<\/p>\n<p>&nbsp;<\/p>\n<\/div>\n\t<\/div> [\/vc_column_inner][\/vc_row_inner][\/vc_column][\/vc_row][vc_row full_width=\u00a0\u00bbstretch_row\u00a0\u00bb css=\u00a0\u00bb.vc_custom_1556104692225{padding-top: 7em !important;padding-bottom: 7em !important;background-color: #000000 !important;}\u00a0\u00bb][vc_column][vc_row_inner equal_height=\u00a0\u00bbyes\u00a0\u00bb content_placement=\u00a0\u00bbmiddle\u00a0\u00bb][vc_column_inner width=\u00a0\u00bb1\/2&Prime; css=\u00a0\u00bb.vc_custom_1556104916691{padding-right: 0px !important;}\u00a0\u00bb][vc_single_image image=\u00a0\u00bb3900&Prime; img_size=\u00a0\u00bbfull\u00a0\u00bb css=\u00a0\u00bb.vc_custom_1648032403217{margin-bottom: 0px !important;}\u00a0\u00bb][\/vc_column_inner][vc_column_inner width=\u00a0\u00bb1\/2&Prime; css=\u00a0\u00bb.vc_custom_1556104716721{padding: 15% !important;background-color: #ffffff !important;}\u00a0\u00bb]\n\t<div class=\"title-subtitle-box  \" style=\" text-align: left;\">\n\t\t<h1 style=\" font-style: normal;\" class=\"special-title\" >\n\t\t<span style=\"\">La cave<\/span>Comp\u00e9tences traditionnelles, innovation technologique.<\/h1>\n\t\t<span class=\"gg-horizontal-line\"  ><\/span>\n\t\t<div class=\"box-description\"><p>Si l\u2019histoire familiale repr\u00e9sente les bases solides du Prosecco Belvedere, c\u2019est l\u2019innovation qui aide le Prosecco DOC \u00e0 s\u2019exprimer au mieux. Dans la campagne et surtout dans la Cave, la modernit\u00e9 caract\u00e9rise les proc\u00e9d\u00e9s de transformation des raisins et de vinification.<\/p>\n<\/div><div class=\"gg-special-button-wrapper  special-button-align-left special-button-style-btn-primary\"><a class=\"btn btn-primary\" href=\"https:\/\/www.proseccobelvedere.it\/fr\/la-cave\/\" title=\"Lire la suite\" target=\"_self\">Lire la suite<\/a><\/div>\n\t<\/div> [\/vc_column_inner][\/vc_row_inner][\/vc_column][\/vc_row][vc_row full_width=\u00a0\u00bbstretch_row\u00a0\u00bb css=\u00a0\u00bb.vc_custom_1749718555160{background-color: #ffffff !important;}\u00a0\u00bb][vc_column][vc_single_image image=\u00a0\u00bb4678&Prime; img_size=\u00a0\u00bb867&#215;607&Prime; alignment=\u00a0\u00bbcenter\u00a0\u00bb css=\u00a0\u00bb.vc_custom_1677235730813{margin-top: 100px !important;margin-bottom: 100px !important;}\u00a0\u00bb][vc_single_image image=\u00a0\u00bb4778&Prime; img_size=\u00a0\u00bb464&#215;300&Prime; alignment=\u00a0\u00bbcenter\u00a0\u00bb onclick=\u00a0\u00bbcustom_link\u00a0\u00bb css=\u00a0\u00bb.vc_custom_1749718582297{margin-top: 100px !important;margin-bottom: 100px !important;}\u00a0\u00bb link=\u00a0\u00bbhttps:\/\/www.proseccobelvedere.it\/it\/sito-web-srd01\/\u00a0\u00bb][\/vc_column][\/vc_row][vc_row full_width=\u00a0\u00bbstretch_row\u00a0\u00bb css=\u00a0\u00bb.vc_custom_1749718565408{background-color: #ffffff !important;}\u00a0\u00bb][vc_column][vc_single_image image=\u00a0\u00bb4705&Prime; img_size=\u00a0\u00bbmedium\u00a0\u00bb alignment=\u00a0\u00bbcenter\u00a0\u00bb][\/vc_column][\/vc_row]<\/p>\n","protected":false},"excerpt":{"rendered":"<p>[vc_row full_width=\u00a0\u00bbstretch_row\u00a0\u00bb css=\u00a0\u00bb.vc_custom_1648051504203{padding-top: 3em !important;padding-bottom: 10em !important;background-color: #000000 !important;}\u00a0\u00bb][vc_column][vc_row_inner equal_height=\u00a0\u00bbyes\u00a0\u00bb content_placement=\u00a0\u00bbmiddle\u00a0\u00bb css=\u00a0\u00bb.vc_custom_1556093058576{padding-top: 8em !important;}\u00a0\u00bb][vc_column_inner width=\u00a0\u00bb1\/2&Prime;][vc_single_image image=\u00a0\u00bb3866&Prime; img_size=\u00a0\u00bbfull\u00a0\u00bb css=\u00a0\u00bb.vc_custom_1648026426935{margin-bottom: 0px !important;}\u00a0\u00bb][\/vc_column_inner][vc_column_inner width=\u00a0\u00bb1\/2&Prime; css=\u00a0\u00bb.vc_custom_1556093129663{padding: 15% !important;background-color: #ffffff !important;}\u00a0\u00bb][\/vc_column_inner][\/vc_row_inner][\/vc_column][\/vc_row][vc_row full_width=\u00a0\u00bbstretch_row\u00a0\u00bb css=\u00a0\u00bb.vc_custom_1559052646917{padding-top: 7em !important;}\u00a0\u00bb][vc_column][vc_row_inner][vc_column_inner width=\u00a0\u00bb1\/4&Prime;][\/vc_column_inner][vc_column_inner width=\u00a0\u00bb1\/2&Prime;][\/vc_column_inner][vc_column_inner width=\u00a0\u00bb1\/4&Prime;][\/vc_column_inner][\/vc_row_inner][\/vc_column][\/vc_row][vc_row full_width=\u00a0\u00bbstretch_row\u00a0\u00bb css=\u00a0\u00bb.vc_custom_1648029478954{margin-top: 14em !important;padding-bottom: 14em !important;background-image: url(https:\/\/www.proseccobelvedere.it\/wp-content\/uploads\/2022\/03\/territorio_home.jpg?id=3882) !important;background-position: center !important;background-repeat: no-repeat !important;background-size: cover !important;}\u00a0\u00bb el_class=\u00a0\u00bbno-overflow\u00a0\u00bb][vc_column][vc_row_inner content_placement=\u00a0\u00bbtop\u00a0\u00bb][vc_column_inner width=\u00a0\u00bb1\/2&Prime; css=\u00a0\u00bb.vc_custom_1556101439033{margin-top: -7em !important;padding-top: 15% !important;padding-right:<\/p>\n<p class=\"more-link-wrapper\"><a class=\"btn btn-primary\" href=\"https:\/\/www.proseccobelvedere.it\/fr\/\">Read More<\/a><\/p>\n","protected":false},"author":1,"featured_media":0,"parent":0,"menu_order":0,"comment_status":"closed","ping_status":"closed","template":"","meta":{"inline_featured_image":false,"footnotes":""},"class_list":["post-4435","page","type-page","status-publish","hentry"],"yoast_head":"<!-- This site is optimized with the Yoast SEO plugin v19.9 - https:\/\/yoast.com\/wordpress\/plugins\/seo\/ -->\n<title>Homepage - Prosecco Belvedere<\/title>\n<meta name=\"robots\" content=\"index, follow, max-snippet:-1, max-image-preview:large, max-video-preview:-1\" \/>\n<link rel=\"canonical\" href=\"https:\/\/www.proseccobelvedere.it\/fr\/\" \/>\n<meta property=\"og:locale\" content=\"fr_FR\" \/>\n<meta property=\"og:type\" content=\"article\" \/>\n<meta property=\"og:title\" content=\"Homepage - Prosecco Belvedere\" \/>\n<meta property=\"og:description\" content=\"[vc_row full_width=\u00a0\u00bbstretch_row\u00a0\u00bb css=\u00a0\u00bb.vc_custom_1648051504203{padding-top: 3em !important;padding-bottom: 10em !important;background-color: #000000 !important;}\u00a0\u00bb][vc_column][vc_row_inner equal_height=\u00a0\u00bbyes\u00a0\u00bb content_placement=\u00a0\u00bbmiddle\u00a0\u00bb css=\u00a0\u00bb.vc_custom_1556093058576{padding-top: 8em !important;}\u00a0\u00bb][vc_column_inner width=\u00a0\u00bb1\/2&Prime;][vc_single_image image=\u00a0\u00bb3866&Prime; img_size=\u00a0\u00bbfull\u00a0\u00bb css=\u00a0\u00bb.vc_custom_1648026426935{margin-bottom: 0px !important;}\u00a0\u00bb][\/vc_column_inner][vc_column_inner width=\u00a0\u00bb1\/2&Prime; css=\u00a0\u00bb.vc_custom_1556093129663{padding: 15% !important;background-color: #ffffff !important;}\u00a0\u00bb][\/vc_column_inner][\/vc_row_inner][\/vc_column][\/vc_row][vc_row full_width=\u00a0\u00bbstretch_row\u00a0\u00bb css=\u00a0\u00bb.vc_custom_1559052646917{padding-top: 7em !important;}\u00a0\u00bb][vc_column][vc_row_inner][vc_column_inner width=\u00a0\u00bb1\/4&Prime;][\/vc_column_inner][vc_column_inner width=\u00a0\u00bb1\/2&Prime;][\/vc_column_inner][vc_column_inner width=\u00a0\u00bb1\/4&Prime;][\/vc_column_inner][\/vc_row_inner][\/vc_column][\/vc_row][vc_row full_width=\u00a0\u00bbstretch_row\u00a0\u00bb css=\u00a0\u00bb.vc_custom_1648029478954{margin-top: 14em !important;padding-bottom: 14em !important;background-image: url(https:\/\/www.proseccobelvedere.it\/wp-content\/uploads\/2022\/03\/territorio_home.jpg?id=3882) !important;background-position: center !important;background-repeat: no-repeat !important;background-size: cover !important;}\u00a0\u00bb el_class=\u00a0\u00bbno-overflow\u00a0\u00bb][vc_column][vc_row_inner content_placement=\u00a0\u00bbtop\u00a0\u00bb][vc_column_inner width=\u00a0\u00bb1\/2&Prime; css=\u00a0\u00bb.vc_custom_1556101439033{margin-top: -7em !important;padding-top: 15% !important;padding-right:Read More\" \/>\n<meta property=\"og:url\" content=\"https:\/\/www.proseccobelvedere.it\/fr\/\" \/>\n<meta property=\"og:site_name\" content=\"Prosecco Belvedere\" \/>\n<meta property=\"article:modified_time\" content=\"2025-06-12T08:56:24+00:00\" \/>\n<meta name=\"twitter:card\" content=\"summary_large_image\" \/>\n<meta name=\"twitter:label1\" content=\"Dur\u00e9e de lecture estim\u00e9e\" \/>\n\t<meta name=\"twitter:data1\" content=\"3 minutes\" \/>\n<script type=\"application\/ld+json\" class=\"yoast-schema-graph\">{\"@context\":\"https:\/\/schema.org\",\"@graph\":[{\"@type\":\"WebPage\",\"@id\":\"https:\/\/www.proseccobelvedere.it\/fr\/\",\"url\":\"https:\/\/www.proseccobelvedere.it\/fr\/\",\"name\":\"Homepage - Prosecco Belvedere\",\"isPartOf\":{\"@id\":\"https:\/\/www.proseccobelvedere.it\/it\/#website\"},\"datePublished\":\"2019-04-23T09:46:03+00:00\",\"dateModified\":\"2025-06-12T08:56:24+00:00\",\"breadcrumb\":{\"@id\":\"https:\/\/www.proseccobelvedere.it\/fr\/#breadcrumb\"},\"inLanguage\":\"fr-FR\",\"potentialAction\":[{\"@type\":\"ReadAction\",\"target\":[\"https:\/\/www.proseccobelvedere.it\/fr\/\"]}]},{\"@type\":\"BreadcrumbList\",\"@id\":\"https:\/\/www.proseccobelvedere.it\/fr\/#breadcrumb\",\"itemListElement\":[{\"@type\":\"ListItem\",\"position\":1,\"name\":\"Home\",\"item\":\"https:\/\/www.proseccobelvedere.it\/fr\/\"},{\"@type\":\"ListItem\",\"position\":2,\"name\":\"Homepage\"}]},{\"@type\":\"WebSite\",\"@id\":\"https:\/\/www.proseccobelvedere.it\/it\/#website\",\"url\":\"https:\/\/www.proseccobelvedere.it\/it\/\",\"name\":\"Prosecco Belvedere\",\"description\":\"Prosecco DOC\",\"publisher\":{\"@id\":\"https:\/\/www.proseccobelvedere.it\/it\/#organization\"},\"potentialAction\":[{\"@type\":\"SearchAction\",\"target\":{\"@type\":\"EntryPoint\",\"urlTemplate\":\"https:\/\/www.proseccobelvedere.it\/it\/?s={search_term_string}\"},\"query-input\":\"required name=search_term_string\"}],\"inLanguage\":\"fr-FR\"},{\"@type\":\"Organization\",\"@id\":\"https:\/\/www.proseccobelvedere.it\/it\/#organization\",\"name\":\"Prosecco Belvedere\",\"url\":\"https:\/\/www.proseccobelvedere.it\/it\/\",\"logo\":{\"@type\":\"ImageObject\",\"inLanguage\":\"fr-FR\",\"@id\":\"https:\/\/www.proseccobelvedere.it\/it\/#\/schema\/logo\/image\/\",\"url\":\"https:\/\/www.proseccobelvedere.it\/wp-content\/uploads\/2022\/05\/cropped-logo_belvedere2.png\",\"contentUrl\":\"https:\/\/www.proseccobelvedere.it\/wp-content\/uploads\/2022\/05\/cropped-logo_belvedere2.png\",\"width\":324,\"height\":327,\"caption\":\"Prosecco Belvedere\"},\"image\":{\"@id\":\"https:\/\/www.proseccobelvedere.it\/it\/#\/schema\/logo\/image\/\"}}]}<\/script>\n<!-- \/ Yoast SEO plugin. -->","yoast_head_json":{"title":"Homepage - Prosecco Belvedere","robots":{"index":"index","follow":"follow","max-snippet":"max-snippet:-1","max-image-preview":"max-image-preview:large","max-video-preview":"max-video-preview:-1"},"canonical":"https:\/\/www.proseccobelvedere.it\/fr\/","og_locale":"fr_FR","og_type":"article","og_title":"Homepage - Prosecco Belvedere","og_description":"[vc_row full_width=\u00a0\u00bbstretch_row\u00a0\u00bb css=\u00a0\u00bb.vc_custom_1648051504203{padding-top: 3em !important;padding-bottom: 10em !important;background-color: #000000 !important;}\u00a0\u00bb][vc_column][vc_row_inner equal_height=\u00a0\u00bbyes\u00a0\u00bb content_placement=\u00a0\u00bbmiddle\u00a0\u00bb css=\u00a0\u00bb.vc_custom_1556093058576{padding-top: 8em !important;}\u00a0\u00bb][vc_column_inner width=\u00a0\u00bb1\/2&Prime;][vc_single_image image=\u00a0\u00bb3866&Prime; img_size=\u00a0\u00bbfull\u00a0\u00bb css=\u00a0\u00bb.vc_custom_1648026426935{margin-bottom: 0px !important;}\u00a0\u00bb][\/vc_column_inner][vc_column_inner width=\u00a0\u00bb1\/2&Prime; css=\u00a0\u00bb.vc_custom_1556093129663{padding: 15% !important;background-color: #ffffff !important;}\u00a0\u00bb][\/vc_column_inner][\/vc_row_inner][\/vc_column][\/vc_row][vc_row full_width=\u00a0\u00bbstretch_row\u00a0\u00bb css=\u00a0\u00bb.vc_custom_1559052646917{padding-top: 7em !important;}\u00a0\u00bb][vc_column][vc_row_inner][vc_column_inner width=\u00a0\u00bb1\/4&Prime;][\/vc_column_inner][vc_column_inner width=\u00a0\u00bb1\/2&Prime;][\/vc_column_inner][vc_column_inner width=\u00a0\u00bb1\/4&Prime;][\/vc_column_inner][\/vc_row_inner][\/vc_column][\/vc_row][vc_row full_width=\u00a0\u00bbstretch_row\u00a0\u00bb css=\u00a0\u00bb.vc_custom_1648029478954{margin-top: 14em !important;padding-bottom: 14em !important;background-image: url(https:\/\/www.proseccobelvedere.it\/wp-content\/uploads\/2022\/03\/territorio_home.jpg?id=3882) !important;background-position: center !important;background-repeat: no-repeat !important;background-size: cover !important;}\u00a0\u00bb el_class=\u00a0\u00bbno-overflow\u00a0\u00bb][vc_column][vc_row_inner content_placement=\u00a0\u00bbtop\u00a0\u00bb][vc_column_inner width=\u00a0\u00bb1\/2&Prime; css=\u00a0\u00bb.vc_custom_1556101439033{margin-top: -7em !important;padding-top: 15% !important;padding-right:Read More","og_url":"https:\/\/www.proseccobelvedere.it\/fr\/","og_site_name":"Prosecco Belvedere","article_modified_time":"2025-06-12T08:56:24+00:00","twitter_card":"summary_large_image","twitter_misc":{"Dur\u00e9e de lecture estim\u00e9e":"3 minutes"},"schema":{"@context":"https:\/\/schema.org","@graph":[{"@type":"WebPage","@id":"https:\/\/www.proseccobelvedere.it\/fr\/","url":"https:\/\/www.proseccobelvedere.it\/fr\/","name":"Homepage - Prosecco Belvedere","isPartOf":{"@id":"https:\/\/www.proseccobelvedere.it\/it\/#website"},"datePublished":"2019-04-23T09:46:03+00:00","dateModified":"2025-06-12T08:56:24+00:00","breadcrumb":{"@id":"https:\/\/www.proseccobelvedere.it\/fr\/#breadcrumb"},"inLanguage":"fr-FR","potentialAction":[{"@type":"ReadAction","target":["https:\/\/www.proseccobelvedere.it\/fr\/"]}]},{"@type":"BreadcrumbList","@id":"https:\/\/www.proseccobelvedere.it\/fr\/#breadcrumb","itemListElement":[{"@type":"ListItem","position":1,"name":"Home","item":"https:\/\/www.proseccobelvedere.it\/fr\/"},{"@type":"ListItem","position":2,"name":"Homepage"}]},{"@type":"WebSite","@id":"https:\/\/www.proseccobelvedere.it\/it\/#website","url":"https:\/\/www.proseccobelvedere.it\/it\/","name":"Prosecco Belvedere","description":"Prosecco DOC","publisher":{"@id":"https:\/\/www.proseccobelvedere.it\/it\/#organization"},"potentialAction":[{"@type":"SearchAction","target":{"@type":"EntryPoint","urlTemplate":"https:\/\/www.proseccobelvedere.it\/it\/?s={search_term_string}"},"query-input":"required name=search_term_string"}],"inLanguage":"fr-FR"},{"@type":"Organization","@id":"https:\/\/www.proseccobelvedere.it\/it\/#organization","name":"Prosecco Belvedere","url":"https:\/\/www.proseccobelvedere.it\/it\/","logo":{"@type":"ImageObject","inLanguage":"fr-FR","@id":"https:\/\/www.proseccobelvedere.it\/it\/#\/schema\/logo\/image\/","url":"https:\/\/www.proseccobelvedere.it\/wp-content\/uploads\/2022\/05\/cropped-logo_belvedere2.png","contentUrl":"https:\/\/www.proseccobelvedere.it\/wp-content\/uploads\/2022\/05\/cropped-logo_belvedere2.png","width":324,"height":327,"caption":"Prosecco Belvedere"},"image":{"@id":"https:\/\/www.proseccobelvedere.it\/it\/#\/schema\/logo\/image\/"}}]}},"_links":{"self":[{"href":"https:\/\/www.proseccobelvedere.it\/fr\/wp-json\/wp\/v2\/pages\/4435","targetHints":{"allow":["GET"]}}],"collection":[{"href":"https:\/\/www.proseccobelvedere.it\/fr\/wp-json\/wp\/v2\/pages"}],"about":[{"href":"https:\/\/www.proseccobelvedere.it\/fr\/wp-json\/wp\/v2\/types\/page"}],"author":[{"embeddable":true,"href":"https:\/\/www.proseccobelvedere.it\/fr\/wp-json\/wp\/v2\/users\/1"}],"replies":[{"embeddable":true,"href":"https:\/\/www.proseccobelvedere.it\/fr\/wp-json\/wp\/v2\/comments?post=4435"}],"version-history":[{"count":23,"href":"https:\/\/www.proseccobelvedere.it\/fr\/wp-json\/wp\/v2\/pages\/4435\/revisions"}],"predecessor-version":[{"id":4809,"href":"https:\/\/www.proseccobelvedere.it\/fr\/wp-json\/wp\/v2\/pages\/4435\/revisions\/4809"}],"wp:attachment":[{"href":"https:\/\/www.proseccobelvedere.it\/fr\/wp-json\/wp\/v2\/media?parent=4435"}],"curies":[{"name":"wp","href":"https:\/\/api.w.org\/{rel}","templated":true}]}}