{"id":4581,"date":"2022-03-04T12:10:58","date_gmt":"2022-03-04T11:10:58","guid":{"rendered":"https:\/\/www.proseccobelvedere.it\/product\/prosecco-rose-docextra-dry\/"},"modified":"2024-08-10T12:33:35","modified_gmt":"2024-08-10T10:33:35","slug":"prosecco-rose-docextra-dry","status":"publish","type":"product","link":"https:\/\/www.proseccobelvedere.it\/de\/product\/prosecco-rose-docextra-dry\/","title":{"rendered":"Prosecco Ros\u00e8 DOC<\/br>Extra Dry"},"content":{"rendered":"<p>[vc_row css=&#8220;.vc_custom_1557829989576{padding-bottom: 8em !important;}&#8220;][vc_column]\n\t<div class=\"title-subtitle-box  vc_custom_1648477637172\" style=\" text-align: center;\">\n\t\t<h5 style=\" font-style: normal;\" class=\"special-title\" >Prosecco Belvedere Ros\u00e8 Extra Dry<\/h5>\n\t<\/div> [vc_row_inner equal_height=&#8220;yes&#8220; content_placement=&#8220;middle&#8220; css=&#8220;.vc_custom_1557830079109{margin-bottom: 0px !important;padding-top: 8em !important;}&#8220;][vc_column_inner width=&#8220;1\/2&#8243; css=&#8220;.vc_custom_1557830011569{padding: 0px !important;}&#8220;][vc_single_image image=&#8220;4033&#8243; img_size=&#8220;full&#8220; css=&#8220;.vc_custom_1648567197122{margin-bottom: 0px !important;}&#8220;][\/vc_column_inner][vc_column_inner width=&#8220;1\/2&#8243; css=&#8220;.vc_custom_1556093129663{padding: 15% !important;background-color: #ffffff !important;}&#8220;]\n\t<div class=\"title-subtitle-box  \" style=\" text-align: left;\">\n\t\t<h1 style=\" font-style: normal;\" class=\"special-title\" >\n\t\t<span style=\"\">Eigenschaften des Weins<\/span>Organoleptische Noten<\/h1>\n\t\t<span class=\"gg-horizontal-line\"  ><\/span>\n\t\t<div class=\"box-description\"><p>Elegantes Hellrosa, sehr feine und anhaltende Perlage. Noten von Rosen, frischen Waldfr\u00fcchten und Walderdbeeren. Gute Struktur, ausgewogen und schmackhaft, angenehm und harmonisch am Gaumen.<\/p>\n<p>&nbsp;<\/p>\n<p>&nbsp;<\/p>\n<\/div>\n\t<\/div> [\/vc_column_inner][\/vc_row_inner][vc_row_inner equal_height=&#8220;yes&#8220; content_placement=&#8220;middle&#8220;][vc_column_inner width=&#8220;1\/2&#8243; css=&#8220;.vc_custom_1557830097099{padding-top: 15% !important;padding-right: 15% !important;padding-bottom: 15% !important;padding-left: 15% !important;background-color: #ffffff !important;}&#8220;]\n\t<div class=\"title-subtitle-box  \" style=\" text-align: left;\">\n\t\t<h1 style=\" font-style: normal;\" class=\"special-title\" >Weinbegleitung<\/h1>\n\t\t<span class=\"gg-horizontal-line\"  ><\/span>\n\t\t<div class=\"box-description\"><p>F\u00fcr die gesamte Mahlzeit. Als eleganter Begleiter zu Fisch- und Krustentier-Gerichte. F\u00fcr eine &#8222;besondere&#8220; Kombination, probieren Sie es mit Gem\u00fcsecouscous und sautierten Garnelen.<\/p>\n<p>&nbsp;<\/p>\n<\/div><div class=\"gg-special-button-wrapper  special-button-align-left special-button-style-btn-primary\"><a class=\"btn btn-primary\" href=\"#\" title=\"Weiterlesen\" target=\"_self\">Weiterlesen<\/a><\/div>\n\t<\/div> [\/vc_column_inner][vc_column_inner width=&#8220;1\/2&#8243; css=&#8220;.vc_custom_1557830102715{padding-top: 0px !important;padding-right: 0px !important;padding-bottom: 0px !important;padding-left: 0px !important;}&#8220;][vc_single_image image=&#8220;4011&#8243; img_size=&#8220;full&#8220; css=&#8220;.vc_custom_1648477781907{margin-bottom: 0px !important;}&#8220;][\/vc_column_inner][\/vc_row_inner][\/vc_column][\/vc_row]<\/p>\n","protected":false},"excerpt":{"rendered":"<table class=\"woocommerce-product-attributes shop_attributes\">\n<tbody>\n<tr class=\"woocommerce-product-attributes-item woocommerce-product-attributes-item--attribute_uve\">\n<th class=\"woocommerce-product-attributes-item__label\">Pressung:<\/th>\n<td class=\"woocommerce-product-attributes-item__value\">sehr weich<\/td>\n<\/tr>\n<tr class=\"woocommerce-product-attributes-item woocommerce-product-attributes-item--attribute_zona\">\n<th class=\"woocommerce-product-attributes-item__label\">Technik der Schaumweinbereitung:<\/th>\n<td class=\"woocommerce-product-attributes-item__value\">Charmat lang (70\/90 Tage)<\/td>\n<\/tr>\n<tr class=\"woocommerce-product-attributes-item woocommerce-product-attributes-item--attribute_sistema-di-allevamento\">\n<th class=\"woocommerce-product-attributes-item__label\">Dauer der Reifung:<\/th>\n<td class=\"woocommerce-product-attributes-item__value\">60 Tage vor der Vermarktung<\/td>\n<\/tr>\n<tr class=\"woocommerce-product-attributes-item woocommerce-product-attributes-item--attribute_ceppi-per-ettaro\">\n<th class=\"woocommerce-product-attributes-item__label\">Traubenertrag in Wein:<\/th>\n<td class=\"woocommerce-product-attributes-item__value\">70%<\/td>\n<\/tr>\n<tr class=\"woocommerce-product-attributes-item woocommerce-product-attributes-item--attribute_terreno\">\n<th class=\"woocommerce-product-attributes-item__label\">Gesamts\u00e4uregehalt:<\/th>\n<td class=\"woocommerce-product-attributes-item__value\">5,60 \u00f7 5,90 gr\/lt<\/td>\n<\/tr>\n<tr class=\"woocommerce-product-attributes-item woocommerce-product-attributes-item--attribute_altitudine\">\n<th class=\"woocommerce-product-attributes-item__label\">Ph:<\/th>\n<td class=\"woocommerce-product-attributes-item__value\">3,10 \u00f7 3,30<\/td>\n<\/tr>\n<tr class=\"woocommerce-product-attributes-item woocommerce-product-attributes-item--attribute_altitudine\">\n<th class=\"woocommerce-product-attributes-item__label\">Restzucker:<\/th>\n<td class=\"woocommerce-product-attributes-item__value\">11 \u00f7 14 gr\/lt<\/td>\n<\/tr>\n<\/tbody>\n<\/table>\n","protected":false},"featured_media":4752,"comment_status":"open","ping_status":"closed","template":"","meta":{"inline_featured_image":false},"product_cat":[24],"product_tag":[23,27],"class_list":["post-4581","product","type-product","status-publish","has-post-thumbnail","hentry","product_cat-rose-wines","product_tag-rose","product_tag-wine","has_thumb"],"yoast_head":"<!-- This site is optimized with the Yoast SEO plugin v19.9 - https:\/\/yoast.com\/wordpress\/plugins\/seo\/ -->\n<title>Prosecco Ros\u00e8 DOCExtra Dry - Prosecco Belvedere<\/title>\n<meta name=\"robots\" content=\"index, follow, max-snippet:-1, max-image-preview:large, max-video-preview:-1\" \/>\n<link rel=\"canonical\" href=\"https:\/\/www.proseccobelvedere.it\/de\/product\/prosecco-rose-docextra-dry\/\" \/>\n<meta property=\"og:locale\" content=\"de_DE\" \/>\n<meta property=\"og:type\" content=\"article\" \/>\n<meta property=\"og:title\" content=\"Prosecco Ros\u00e8 DOCExtra Dry - Prosecco Belvedere\" \/>\n<meta property=\"og:description\" content=\"Pressung: sehr weich   Technik der Schaumweinbereitung: Charmat lang (70\/90 Tage)   Dauer der Reifung: 60 Tage vor der Vermarktung   Traubenertrag in Wein: 70%   Gesamts\u00e4uregehalt: 5,60 \u00f7 5,90 gr\/lt   Ph: 3,10 \u00f7 3,30   Restzucker: 11 \u00f7 14 gr\/lt\" \/>\n<meta property=\"og:url\" content=\"https:\/\/www.proseccobelvedere.it\/de\/product\/prosecco-rose-docextra-dry\/\" \/>\n<meta property=\"og:site_name\" content=\"Prosecco Belvedere\" \/>\n<meta property=\"article:modified_time\" content=\"2024-08-10T10:33:35+00:00\" \/>\n<meta property=\"og:image\" content=\"https:\/\/www.proseccobelvedere.it\/wp-content\/uploads\/2022\/03\/Belvedere_Prosecco_rose_doc.jpg\" \/>\n\t<meta property=\"og:image:width\" content=\"800\" \/>\n\t<meta property=\"og:image:height\" content=\"1200\" \/>\n\t<meta property=\"og:image:type\" content=\"image\/jpeg\" \/>\n<meta name=\"twitter:card\" content=\"summary_large_image\" \/>\n<meta name=\"twitter:label1\" content=\"Gesch\u00e4tzte Lesezeit\" \/>\n\t<meta name=\"twitter:data1\" content=\"1\u00a0Minute\" \/>\n<script type=\"application\/ld+json\" class=\"yoast-schema-graph\">{\"@context\":\"https:\/\/schema.org\",\"@graph\":[{\"@type\":\"WebPage\",\"@id\":\"https:\/\/www.proseccobelvedere.it\/de\/product\/prosecco-rose-docextra-dry\/\",\"url\":\"https:\/\/www.proseccobelvedere.it\/de\/product\/prosecco-rose-docextra-dry\/\",\"name\":\"Prosecco Ros\u00e8 DOCExtra Dry - Prosecco Belvedere\",\"isPartOf\":{\"@id\":\"https:\/\/www.proseccobelvedere.it\/it\/#website\"},\"datePublished\":\"2022-03-04T11:10:58+00:00\",\"dateModified\":\"2024-08-10T10:33:35+00:00\",\"breadcrumb\":{\"@id\":\"https:\/\/www.proseccobelvedere.it\/de\/product\/prosecco-rose-docextra-dry\/#breadcrumb\"},\"inLanguage\":\"de\",\"potentialAction\":[{\"@type\":\"ReadAction\",\"target\":[\"https:\/\/www.proseccobelvedere.it\/de\/product\/prosecco-rose-docextra-dry\/\"]}]},{\"@type\":\"BreadcrumbList\",\"@id\":\"https:\/\/www.proseccobelvedere.it\/de\/product\/prosecco-rose-docextra-dry\/#breadcrumb\",\"itemListElement\":[{\"@type\":\"ListItem\",\"position\":1,\"name\":\"Home\",\"item\":\"https:\/\/www.proseccobelvedere.it\/de\/\"},{\"@type\":\"ListItem\",\"position\":2,\"name\":\"I nostri vini\",\"item\":\"https:\/\/www.proseccobelvedere.it\/it\/i-nostri-vini\/\"},{\"@type\":\"ListItem\",\"position\":3,\"name\":\"Prosecco Ros\u00e8 DOCExtra Dry\"}]},{\"@type\":\"WebSite\",\"@id\":\"https:\/\/www.proseccobelvedere.it\/it\/#website\",\"url\":\"https:\/\/www.proseccobelvedere.it\/it\/\",\"name\":\"Prosecco Belvedere\",\"description\":\"Prosecco DOC\",\"publisher\":{\"@id\":\"https:\/\/www.proseccobelvedere.it\/it\/#organization\"},\"potentialAction\":[{\"@type\":\"SearchAction\",\"target\":{\"@type\":\"EntryPoint\",\"urlTemplate\":\"https:\/\/www.proseccobelvedere.it\/it\/?s={search_term_string}\"},\"query-input\":\"required name=search_term_string\"}],\"inLanguage\":\"de\"},{\"@type\":\"Organization\",\"@id\":\"https:\/\/www.proseccobelvedere.it\/it\/#organization\",\"name\":\"Prosecco Belvedere\",\"url\":\"https:\/\/www.proseccobelvedere.it\/it\/\",\"logo\":{\"@type\":\"ImageObject\",\"inLanguage\":\"de\",\"@id\":\"https:\/\/www.proseccobelvedere.it\/it\/#\/schema\/logo\/image\/\",\"url\":\"https:\/\/www.proseccobelvedere.it\/wp-content\/uploads\/2022\/05\/cropped-logo_belvedere2.png\",\"contentUrl\":\"https:\/\/www.proseccobelvedere.it\/wp-content\/uploads\/2022\/05\/cropped-logo_belvedere2.png\",\"width\":324,\"height\":327,\"caption\":\"Prosecco Belvedere\"},\"image\":{\"@id\":\"https:\/\/www.proseccobelvedere.it\/it\/#\/schema\/logo\/image\/\"}}]}<\/script>\n<!-- \/ Yoast SEO plugin. -->","yoast_head_json":{"title":"Prosecco Ros\u00e8 DOCExtra Dry - Prosecco Belvedere","robots":{"index":"index","follow":"follow","max-snippet":"max-snippet:-1","max-image-preview":"max-image-preview:large","max-video-preview":"max-video-preview:-1"},"canonical":"https:\/\/www.proseccobelvedere.it\/de\/product\/prosecco-rose-docextra-dry\/","og_locale":"de_DE","og_type":"article","og_title":"Prosecco Ros\u00e8 DOCExtra Dry - Prosecco Belvedere","og_description":"Pressung: sehr weich   Technik der Schaumweinbereitung: Charmat lang (70\/90 Tage)   Dauer der Reifung: 60 Tage vor der Vermarktung   Traubenertrag in Wein: 70%   Gesamts\u00e4uregehalt: 5,60 \u00f7 5,90 gr\/lt   Ph: 3,10 \u00f7 3,30   Restzucker: 11 \u00f7 14 gr\/lt","og_url":"https:\/\/www.proseccobelvedere.it\/de\/product\/prosecco-rose-docextra-dry\/","og_site_name":"Prosecco Belvedere","article_modified_time":"2024-08-10T10:33:35+00:00","og_image":[{"width":800,"height":1200,"url":"https:\/\/www.proseccobelvedere.it\/wp-content\/uploads\/2022\/03\/Belvedere_Prosecco_rose_doc.jpg","type":"image\/jpeg"}],"twitter_card":"summary_large_image","twitter_misc":{"Gesch\u00e4tzte Lesezeit":"1\u00a0Minute"},"schema":{"@context":"https:\/\/schema.org","@graph":[{"@type":"WebPage","@id":"https:\/\/www.proseccobelvedere.it\/de\/product\/prosecco-rose-docextra-dry\/","url":"https:\/\/www.proseccobelvedere.it\/de\/product\/prosecco-rose-docextra-dry\/","name":"Prosecco Ros\u00e8 DOCExtra Dry - Prosecco Belvedere","isPartOf":{"@id":"https:\/\/www.proseccobelvedere.it\/it\/#website"},"datePublished":"2022-03-04T11:10:58+00:00","dateModified":"2024-08-10T10:33:35+00:00","breadcrumb":{"@id":"https:\/\/www.proseccobelvedere.it\/de\/product\/prosecco-rose-docextra-dry\/#breadcrumb"},"inLanguage":"de","potentialAction":[{"@type":"ReadAction","target":["https:\/\/www.proseccobelvedere.it\/de\/product\/prosecco-rose-docextra-dry\/"]}]},{"@type":"BreadcrumbList","@id":"https:\/\/www.proseccobelvedere.it\/de\/product\/prosecco-rose-docextra-dry\/#breadcrumb","itemListElement":[{"@type":"ListItem","position":1,"name":"Home","item":"https:\/\/www.proseccobelvedere.it\/de\/"},{"@type":"ListItem","position":2,"name":"I nostri vini","item":"https:\/\/www.proseccobelvedere.it\/it\/i-nostri-vini\/"},{"@type":"ListItem","position":3,"name":"Prosecco Ros\u00e8 DOCExtra Dry"}]},{"@type":"WebSite","@id":"https:\/\/www.proseccobelvedere.it\/it\/#website","url":"https:\/\/www.proseccobelvedere.it\/it\/","name":"Prosecco Belvedere","description":"Prosecco DOC","publisher":{"@id":"https:\/\/www.proseccobelvedere.it\/it\/#organization"},"potentialAction":[{"@type":"SearchAction","target":{"@type":"EntryPoint","urlTemplate":"https:\/\/www.proseccobelvedere.it\/it\/?s={search_term_string}"},"query-input":"required name=search_term_string"}],"inLanguage":"de"},{"@type":"Organization","@id":"https:\/\/www.proseccobelvedere.it\/it\/#organization","name":"Prosecco Belvedere","url":"https:\/\/www.proseccobelvedere.it\/it\/","logo":{"@type":"ImageObject","inLanguage":"de","@id":"https:\/\/www.proseccobelvedere.it\/it\/#\/schema\/logo\/image\/","url":"https:\/\/www.proseccobelvedere.it\/wp-content\/uploads\/2022\/05\/cropped-logo_belvedere2.png","contentUrl":"https:\/\/www.proseccobelvedere.it\/wp-content\/uploads\/2022\/05\/cropped-logo_belvedere2.png","width":324,"height":327,"caption":"Prosecco Belvedere"},"image":{"@id":"https:\/\/www.proseccobelvedere.it\/it\/#\/schema\/logo\/image\/"}}]}},"_links":{"self":[{"href":"https:\/\/www.proseccobelvedere.it\/de\/wp-json\/wp\/v2\/product\/4581","targetHints":{"allow":["GET"]}}],"collection":[{"href":"https:\/\/www.proseccobelvedere.it\/de\/wp-json\/wp\/v2\/product"}],"about":[{"href":"https:\/\/www.proseccobelvedere.it\/de\/wp-json\/wp\/v2\/types\/product"}],"replies":[{"embeddable":true,"href":"https:\/\/www.proseccobelvedere.it\/de\/wp-json\/wp\/v2\/comments?post=4581"}],"wp:featuredmedia":[{"embeddable":true,"href":"https:\/\/www.proseccobelvedere.it\/de\/wp-json\/wp\/v2\/media\/4752"}],"wp:attachment":[{"href":"https:\/\/www.proseccobelvedere.it\/de\/wp-json\/wp\/v2\/media?parent=4581"}],"wp:term":[{"taxonomy":"product_cat","embeddable":true,"href":"https:\/\/www.proseccobelvedere.it\/de\/wp-json\/wp\/v2\/product_cat?post=4581"},{"taxonomy":"product_tag","embeddable":true,"href":"https:\/\/www.proseccobelvedere.it\/de\/wp-json\/wp\/v2\/product_tag?post=4581"}],"curies":[{"name":"wp","href":"https:\/\/api.w.org\/{rel}","templated":true}]}}