{"id":4578,"date":"2019-04-22T13:30:41","date_gmt":"2019-04-22T11:30:41","guid":{"rendered":"https:\/\/www.proseccobelvedere.it\/eine-familiengeschichte\/"},"modified":"2022-10-23T13:32:21","modified_gmt":"2022-10-23T11:32:21","slug":"eine-familiengeschichte","status":"publish","type":"page","link":"https:\/\/www.proseccobelvedere.it\/de\/eine-familiengeschichte\/","title":{"rendered":"Eine familiengeschichte"},"content":{"rendered":"<p>[vc_row full_width=&#8220;stretch_row&#8220; equal_height=&#8220;yes&#8220; css=&#8220;.vc_custom_1558527735460{padding-top: 7em !important;padding-right: 10% !important;padding-bottom: 7em !important;padding-left: 10% !important;background-color: #ffffff !important;}&#8220;][vc_column css=&#8220;.vc_custom_1559125340011{padding-right: 20% !important;padding-left: 20% !important;}&#8220; offset=&#8220;vc_col-lg-3&#8243;][\/vc_column][vc_column css=&#8220;.vc_custom_1648139216353{padding-top: 10% !important;padding-right: 10% !important;padding-bottom: 10% !important;padding-left: 10% !important;background-position: center !important;background-repeat: no-repeat !important;background-size: contain !important;}&#8220; offset=&#8220;vc_col-lg-6&#8243;]\n\t<div class=\"title-subtitle-box  \" style=\" text-align: left;\">\n\t\t<h1 style=\" font-style: normal;\" class=\"special-title\" >Eine historische Familie mit starken Bindungen zum Land<\/h1>\n\t\t<span class=\"gg-horizontal-line\"  ><\/span>\n\t\t<div class=\"box-description\"><p>Ein Gebiet, das zwischen Venedig und dem Fluss Piave liegt, ein Weingut, dass einer historischen Familie geh\u00f6rt die eng mit dem Land verbunden ist, Weine die weltweit eine Exzellenz darstellen: Prosecco Doc.<\/p>\n<p>Der Prosecco Belvedere ist ein Traum, der erst vor kurzem in Erf\u00fcllung gegangen ist, der aber in Wirklichkeit weit zur\u00fcckliegende Wurzeln hat, die fest in der Erde der Venetien Landschaft verankert sind, wo die Werte und die Vision der Familie Dall&#8217;Acqua Hand in Hand mit dem Unternehmungsgeist gewachsen sind, der diese Familie seit jeher auszeichnet. Alles begann vor einem Jahrhundert mit einer gro\u00dfen Familie von Teilp\u00e4chtern, die mit Aufopferung und harter Arbeit in verschiedene landwirtschaftliche T\u00e4tigkeiten investierten und diese zum Erfolg f\u00fchrten: vom Ackerbau \u00fcber die Viehzucht bis hin zu den Weinbergen, die heute das Weingut Prosecco Belvedere mit einer Fl\u00e4che von 100 Hektar bilden. Die Vergangenheit der Familie Dall&#8217;Acqua ist mit zwei historischen Familienzweigen verflochten, die zur landwirtschaftlichen Entwicklung Venetiens beigetragen haben, in das was eine rasante Entwicklung von einem armen Land zur Heimat von Qualit\u00e4tswein war: die Familien Giol und Cecchetto.<\/p>\n<p>Ein Reichtum an Geschichten, F\u00e4higkeiten, Liebe und Respekt f\u00fcr das Land, der heute von Ernesto Dall&#8217;Acqua weitergef\u00fchrt wird, dem jungen landwirtschaftlichen Unternehmer, der mit Mut und Ehrgeiz Prosecco Belvedere als eine neue Realit\u00e4t gegr\u00fcndet hat, die ihre Wurzeln in einer bedeutenden Vergangenheit hat. Und genau aus der Fortdauer zwischen Vergangenheit, Gegenwart und Zukunft entwickelt sich die Identit\u00e4t von Prosecco Belvedere: ein neuer Hersteller von Qualit\u00e4tsweinen, bei dem der Prosecco in seinen drei Varianten Brut, extra Dry und Ros\u00e8 extra Dry, Ausdruck einer einzigartigen Gegend ist, die Ernest Hemingway liebte und erlebte.<\/p>\n<p>&nbsp;<\/p>\n<\/div>\n\t<\/div> [\/vc_column][vc_column css=&#8220;.vc_custom_1559125377375{padding-right: 10% !important;padding-left: 10% !important;}&#8220; offset=&#8220;vc_col-lg-3&#8243;][\/vc_column][\/vc_row][vc_row css=&#8220;.vc_custom_1559026490647{padding-top: 7em !important;padding-bottom: 10em !important;}&#8220;][vc_column]\n\t<div class=\"title-subtitle-box  vc_custom_1652948758269\" style=\" text-align: center;\">\n\t\t<h1 style=\" font-style: normal;\" class=\"special-title\" >Geschichte<\/h1>\n\t\t<span class=\"gg-horizontal-line\"  ><\/span>\n\t\t<div class=\"box-description\"><p style=\"text-align: center;\"><i class=\"\">Die Vergangenheit lehrt uns Begeisterung f\u00fcr die Zukunft: Unsere Werte haben uns immer begleitet.<\/i><\/p>\n<\/div>\n\t<\/div> \n\t<div class=\"\">\n\t<div class=\"gg-media-carousel\">\n\t\t<div class=\"swiper-container\" data-uid=\"swiper-1676454664\"  data-slidesperview =\"auto\" data-slidespercolumn =\"1\" data-spacebetween =\"0\" data-initialslide =\"0\" data-direction =\"horizontal\" data-speed =\"300\" data-loop =\"true\" data-centeredslides =\"false\" data-effect =\"slide\" data-autoplay =\"\" data-paginationtype =\"bullets\"  >\n\t\t\t<div class=\"swiper-wrapper\"><div class=\"swiper-slide\"><img loading=\"lazy\" decoding=\"async\" width=\"1400\" height=\"700\" src=\"https:\/\/www.proseccobelvedere.it\/wp-content\/uploads\/2022\/04\/famiglia01.jpg\" class=\"attachment-full\" alt=\"\" srcset=\"https:\/\/www.proseccobelvedere.it\/wp-content\/uploads\/2022\/04\/famiglia01.jpg 1400w, https:\/\/www.proseccobelvedere.it\/wp-content\/uploads\/2022\/04\/famiglia01-300x150.jpg 300w, https:\/\/www.proseccobelvedere.it\/wp-content\/uploads\/2022\/04\/famiglia01-1024x512.jpg 1024w, https:\/\/www.proseccobelvedere.it\/wp-content\/uploads\/2022\/04\/famiglia01-768x384.jpg 768w\" sizes=\"auto, (max-width: 1400px) 100vw, 1400px\" \/><\/div><div class=\"swiper-slide\"><img loading=\"lazy\" decoding=\"async\" width=\"1400\" height=\"700\" src=\"https:\/\/www.proseccobelvedere.it\/wp-content\/uploads\/2022\/04\/famiglia04.jpg\" class=\"attachment-full\" alt=\"\" srcset=\"https:\/\/www.proseccobelvedere.it\/wp-content\/uploads\/2022\/04\/famiglia04.jpg 1400w, https:\/\/www.proseccobelvedere.it\/wp-content\/uploads\/2022\/04\/famiglia04-300x150.jpg 300w, https:\/\/www.proseccobelvedere.it\/wp-content\/uploads\/2022\/04\/famiglia04-1024x512.jpg 1024w, https:\/\/www.proseccobelvedere.it\/wp-content\/uploads\/2022\/04\/famiglia04-768x384.jpg 768w\" sizes=\"auto, (max-width: 1400px) 100vw, 1400px\" \/><\/div><div class=\"swiper-slide\"><img loading=\"lazy\" decoding=\"async\" width=\"1400\" height=\"700\" src=\"https:\/\/www.proseccobelvedere.it\/wp-content\/uploads\/2022\/04\/famiglia07.jpg\" class=\"attachment-full\" alt=\"\" srcset=\"https:\/\/www.proseccobelvedere.it\/wp-content\/uploads\/2022\/04\/famiglia07.jpg 1400w, https:\/\/www.proseccobelvedere.it\/wp-content\/uploads\/2022\/04\/famiglia07-300x150.jpg 300w, https:\/\/www.proseccobelvedere.it\/wp-content\/uploads\/2022\/04\/famiglia07-1024x512.jpg 1024w, https:\/\/www.proseccobelvedere.it\/wp-content\/uploads\/2022\/04\/famiglia07-768x384.jpg 768w\" sizes=\"auto, (max-width: 1400px) 100vw, 1400px\" \/><\/div><div class=\"swiper-slide\"><img loading=\"lazy\" decoding=\"async\" width=\"1400\" height=\"700\" src=\"https:\/\/www.proseccobelvedere.it\/wp-content\/uploads\/2022\/04\/famiglia05.jpg\" class=\"attachment-full\" alt=\"\" srcset=\"https:\/\/www.proseccobelvedere.it\/wp-content\/uploads\/2022\/04\/famiglia05.jpg 1400w, https:\/\/www.proseccobelvedere.it\/wp-content\/uploads\/2022\/04\/famiglia05-300x150.jpg 300w, https:\/\/www.proseccobelvedere.it\/wp-content\/uploads\/2022\/04\/famiglia05-1024x512.jpg 1024w, https:\/\/www.proseccobelvedere.it\/wp-content\/uploads\/2022\/04\/famiglia05-768x384.jpg 768w\" sizes=\"auto, (max-width: 1400px) 100vw, 1400px\" \/><\/div><div class=\"swiper-slide\"><img loading=\"lazy\" decoding=\"async\" width=\"1400\" height=\"700\" src=\"https:\/\/www.proseccobelvedere.it\/wp-content\/uploads\/2022\/04\/famiglia02.jpg\" class=\"attachment-full\" alt=\"\" srcset=\"https:\/\/www.proseccobelvedere.it\/wp-content\/uploads\/2022\/04\/famiglia02.jpg 1400w, https:\/\/www.proseccobelvedere.it\/wp-content\/uploads\/2022\/04\/famiglia02-300x150.jpg 300w, https:\/\/www.proseccobelvedere.it\/wp-content\/uploads\/2022\/04\/famiglia02-1024x512.jpg 1024w, https:\/\/www.proseccobelvedere.it\/wp-content\/uploads\/2022\/04\/famiglia02-768x384.jpg 768w\" sizes=\"auto, (max-width: 1400px) 100vw, 1400px\" \/><\/div><div class=\"swiper-slide\"><img loading=\"lazy\" decoding=\"async\" width=\"1400\" height=\"700\" src=\"https:\/\/www.proseccobelvedere.it\/wp-content\/uploads\/2022\/04\/famiglia03.jpg\" class=\"attachment-full\" alt=\"\" srcset=\"https:\/\/www.proseccobelvedere.it\/wp-content\/uploads\/2022\/04\/famiglia03.jpg 1400w, https:\/\/www.proseccobelvedere.it\/wp-content\/uploads\/2022\/04\/famiglia03-300x150.jpg 300w, https:\/\/www.proseccobelvedere.it\/wp-content\/uploads\/2022\/04\/famiglia03-1024x512.jpg 1024w, https:\/\/www.proseccobelvedere.it\/wp-content\/uploads\/2022\/04\/famiglia03-768x384.jpg 768w\" sizes=\"auto, (max-width: 1400px) 100vw, 1400px\" \/><\/div><div class=\"swiper-slide\"><img loading=\"lazy\" decoding=\"async\" width=\"1400\" height=\"700\" src=\"https:\/\/www.proseccobelvedere.it\/wp-content\/uploads\/2022\/04\/famiglia06.jpg\" class=\"attachment-full\" alt=\"\" srcset=\"https:\/\/www.proseccobelvedere.it\/wp-content\/uploads\/2022\/04\/famiglia06.jpg 1400w, https:\/\/www.proseccobelvedere.it\/wp-content\/uploads\/2022\/04\/famiglia06-300x150.jpg 300w, https:\/\/www.proseccobelvedere.it\/wp-content\/uploads\/2022\/04\/famiglia06-1024x512.jpg 1024w, https:\/\/www.proseccobelvedere.it\/wp-content\/uploads\/2022\/04\/famiglia06-768x384.jpg 768w\" sizes=\"auto, (max-width: 1400px) 100vw, 1400px\" \/><\/div><div class=\"swiper-slide\"><img loading=\"lazy\" decoding=\"async\" width=\"1400\" height=\"700\" src=\"https:\/\/www.proseccobelvedere.it\/wp-content\/uploads\/2022\/05\/bambini.jpg\" class=\"attachment-full\" alt=\"\" srcset=\"https:\/\/www.proseccobelvedere.it\/wp-content\/uploads\/2022\/05\/bambini.jpg 1400w, https:\/\/www.proseccobelvedere.it\/wp-content\/uploads\/2022\/05\/bambini-300x150.jpg 300w, https:\/\/www.proseccobelvedere.it\/wp-content\/uploads\/2022\/05\/bambini-1024x512.jpg 1024w, https:\/\/www.proseccobelvedere.it\/wp-content\/uploads\/2022\/05\/bambini-768x384.jpg 768w\" sizes=\"auto, (max-width: 1400px) 100vw, 1400px\" \/><\/div>\n\t\t\t<\/div>\n\t\t<\/div>\n\t\t<div id=\"pagination-swiper-1676454664\" class=\"swiper-pagination\"><\/div>\n\t\t<div class=\"media-button-container swiper-nav-container\">\n\t\t<div id=\"btn-next-swiper-1676454664\" class=\"swiper-nav-next\"><svg id=\"swiper-arrow-right\" viewBox=\"0 0 50 12\" width=\"100%\" height=\"100%\"><path fill-rule=\"evenodd\" d=\"M48.078 6.096H.008v.966h48.07l-4.254 4.255.683.683 5.541-5.538L44.507.924l-.683.683z\"><\/path><\/svg><\/div>\n\t\t<div id=\"btn-prev-swiper-1676454664\" class=\"swiper-nav-prev\"><svg id=\"swiper-arrow-left\" viewBox=\"0 0 50 12\" width=\"100%\" height=\"100%\"><path fill-rule=\"evenodd\" d=\"M1.922 5.904h48.07v-.966H1.922L6.176.683 5.493 0-.048 5.538l5.541 5.538.683-.683z\"><\/path><\/svg><\/div>\n\t\t<\/div>\n\t<\/div>\n\t<\/div>[\/vc_column][\/vc_row][vc_row][vc_column][\/vc_column][\/vc_row]<\/p>\n","protected":false},"excerpt":{"rendered":"<p>[vc_row full_width=&#8220;stretch_row&#8220; equal_height=&#8220;yes&#8220; css=&#8220;.vc_custom_1558527735460{padding-top: 7em !important;padding-right: 10% !important;padding-bottom: 7em !important;padding-left: 10% !important;background-color: #ffffff !important;}&#8220;][vc_column css=&#8220;.vc_custom_1559125340011{padding-right: 20% !important;padding-left: 20% !important;}&#8220; offset=&#8220;vc_col-lg-3&#8243;][\/vc_column][vc_column css=&#8220;.vc_custom_1648139216353{padding-top: 10% !important;padding-right: 10% !important;padding-bottom: 10% !important;padding-left: 10% !important;background-position: center !important;background-repeat: no-repeat !important;background-size: contain !important;}&#8220; offset=&#8220;vc_col-lg-6&#8243;][\/vc_column][vc_column css=&#8220;.vc_custom_1559125377375{padding-right: 10% !important;padding-left: 10% !important;}&#8220; offset=&#8220;vc_col-lg-3&#8243;][\/vc_column][\/vc_row][vc_row css=&#8220;.vc_custom_1559026490647{padding-top: 7em !important;padding-bottom: 10em !important;}&#8220;][vc_column][\/vc_column][\/vc_row][vc_row][vc_column][\/vc_column][\/vc_row]<\/p>\n","protected":false},"author":1,"featured_media":4371,"parent":0,"menu_order":0,"comment_status":"closed","ping_status":"closed","template":"","meta":{"inline_featured_image":false,"footnotes":""},"class_list":["post-4578","page","type-page","status-publish","has-post-thumbnail","hentry","has_thumb"],"yoast_head":"<!-- This site is optimized with the Yoast SEO plugin v19.9 - https:\/\/yoast.com\/wordpress\/plugins\/seo\/ -->\n<title>Eine familiengeschichte - Prosecco Belvedere<\/title>\n<meta name=\"robots\" content=\"index, follow, max-snippet:-1, max-image-preview:large, max-video-preview:-1\" \/>\n<link rel=\"canonical\" href=\"https:\/\/www.proseccobelvedere.it\/de\/eine-familiengeschichte\/\" \/>\n<meta property=\"og:locale\" content=\"de_DE\" \/>\n<meta property=\"og:type\" content=\"article\" \/>\n<meta property=\"og:title\" content=\"Eine familiengeschichte - Prosecco Belvedere\" \/>\n<meta property=\"og:description\" content=\"[vc_row full_width=&#8220;stretch_row&#8220; equal_height=&#8220;yes&#8220; css=&#8220;.vc_custom_1558527735460{padding-top: 7em !important;padding-right: 10% !important;padding-bottom: 7em !important;padding-left: 10% !important;background-color: #ffffff !important;}&#8220;][vc_column css=&#8220;.vc_custom_1559125340011{padding-right: 20% !important;padding-left: 20% !important;}&#8220; offset=&#8220;vc_col-lg-3&#8243;][\/vc_column][vc_column css=&#8220;.vc_custom_1648139216353{padding-top: 10% !important;padding-right: 10% !important;padding-bottom: 10% !important;padding-left: 10% !important;background-position: center !important;background-repeat: no-repeat !important;background-size: contain !important;}&#8220; offset=&#8220;vc_col-lg-6&#8243;][\/vc_column][vc_column css=&#8220;.vc_custom_1559125377375{padding-right: 10% !important;padding-left: 10% !important;}&#8220; offset=&#8220;vc_col-lg-3&#8243;][\/vc_column][\/vc_row][vc_row css=&#8220;.vc_custom_1559026490647{padding-top: 7em !important;padding-bottom: 10em !important;}&#8220;][vc_column][\/vc_column][\/vc_row][vc_row][vc_column][\/vc_column][\/vc_row]\" \/>\n<meta property=\"og:url\" content=\"https:\/\/www.proseccobelvedere.it\/de\/eine-familiengeschichte\/\" \/>\n<meta property=\"og:site_name\" content=\"Prosecco Belvedere\" \/>\n<meta property=\"article:modified_time\" content=\"2022-10-23T11:32:21+00:00\" \/>\n<meta property=\"og:image\" content=\"https:\/\/www.proseccobelvedere.it\/wp-content\/uploads\/2022\/04\/header_storia.jpg\" \/>\n\t<meta property=\"og:image:width\" content=\"1920\" \/>\n\t<meta property=\"og:image:height\" content=\"1362\" \/>\n\t<meta property=\"og:image:type\" content=\"image\/jpeg\" \/>\n<meta name=\"twitter:card\" content=\"summary_large_image\" \/>\n<meta name=\"twitter:label1\" content=\"Gesch\u00e4tzte Lesezeit\" \/>\n\t<meta name=\"twitter:data1\" content=\"2\u00a0Minuten\" \/>\n<script type=\"application\/ld+json\" class=\"yoast-schema-graph\">{\"@context\":\"https:\/\/schema.org\",\"@graph\":[{\"@type\":\"WebPage\",\"@id\":\"https:\/\/www.proseccobelvedere.it\/de\/eine-familiengeschichte\/\",\"url\":\"https:\/\/www.proseccobelvedere.it\/de\/eine-familiengeschichte\/\",\"name\":\"Eine familiengeschichte - Prosecco Belvedere\",\"isPartOf\":{\"@id\":\"https:\/\/www.proseccobelvedere.it\/it\/#website\"},\"datePublished\":\"2019-04-22T11:30:41+00:00\",\"dateModified\":\"2022-10-23T11:32:21+00:00\",\"breadcrumb\":{\"@id\":\"https:\/\/www.proseccobelvedere.it\/de\/eine-familiengeschichte\/#breadcrumb\"},\"inLanguage\":\"de\",\"potentialAction\":[{\"@type\":\"ReadAction\",\"target\":[\"https:\/\/www.proseccobelvedere.it\/de\/eine-familiengeschichte\/\"]}]},{\"@type\":\"BreadcrumbList\",\"@id\":\"https:\/\/www.proseccobelvedere.it\/de\/eine-familiengeschichte\/#breadcrumb\",\"itemListElement\":[{\"@type\":\"ListItem\",\"position\":1,\"name\":\"Home\",\"item\":\"https:\/\/www.proseccobelvedere.it\/de\/\"},{\"@type\":\"ListItem\",\"position\":2,\"name\":\"Eine familiengeschichte\"}]},{\"@type\":\"WebSite\",\"@id\":\"https:\/\/www.proseccobelvedere.it\/it\/#website\",\"url\":\"https:\/\/www.proseccobelvedere.it\/it\/\",\"name\":\"Prosecco Belvedere\",\"description\":\"Prosecco DOC\",\"publisher\":{\"@id\":\"https:\/\/www.proseccobelvedere.it\/it\/#organization\"},\"potentialAction\":[{\"@type\":\"SearchAction\",\"target\":{\"@type\":\"EntryPoint\",\"urlTemplate\":\"https:\/\/www.proseccobelvedere.it\/it\/?s={search_term_string}\"},\"query-input\":\"required name=search_term_string\"}],\"inLanguage\":\"de\"},{\"@type\":\"Organization\",\"@id\":\"https:\/\/www.proseccobelvedere.it\/it\/#organization\",\"name\":\"Prosecco Belvedere\",\"url\":\"https:\/\/www.proseccobelvedere.it\/it\/\",\"logo\":{\"@type\":\"ImageObject\",\"inLanguage\":\"de\",\"@id\":\"https:\/\/www.proseccobelvedere.it\/it\/#\/schema\/logo\/image\/\",\"url\":\"https:\/\/www.proseccobelvedere.it\/wp-content\/uploads\/2022\/05\/cropped-logo_belvedere2.png\",\"contentUrl\":\"https:\/\/www.proseccobelvedere.it\/wp-content\/uploads\/2022\/05\/cropped-logo_belvedere2.png\",\"width\":324,\"height\":327,\"caption\":\"Prosecco Belvedere\"},\"image\":{\"@id\":\"https:\/\/www.proseccobelvedere.it\/it\/#\/schema\/logo\/image\/\"}}]}<\/script>\n<!-- \/ Yoast SEO plugin. -->","yoast_head_json":{"title":"Eine familiengeschichte - Prosecco Belvedere","robots":{"index":"index","follow":"follow","max-snippet":"max-snippet:-1","max-image-preview":"max-image-preview:large","max-video-preview":"max-video-preview:-1"},"canonical":"https:\/\/www.proseccobelvedere.it\/de\/eine-familiengeschichte\/","og_locale":"de_DE","og_type":"article","og_title":"Eine familiengeschichte - Prosecco Belvedere","og_description":"[vc_row full_width=&#8220;stretch_row&#8220; equal_height=&#8220;yes&#8220; css=&#8220;.vc_custom_1558527735460{padding-top: 7em !important;padding-right: 10% !important;padding-bottom: 7em !important;padding-left: 10% !important;background-color: #ffffff !important;}&#8220;][vc_column css=&#8220;.vc_custom_1559125340011{padding-right: 20% !important;padding-left: 20% !important;}&#8220; offset=&#8220;vc_col-lg-3&#8243;][\/vc_column][vc_column css=&#8220;.vc_custom_1648139216353{padding-top: 10% !important;padding-right: 10% !important;padding-bottom: 10% !important;padding-left: 10% !important;background-position: center !important;background-repeat: no-repeat !important;background-size: contain !important;}&#8220; offset=&#8220;vc_col-lg-6&#8243;][\/vc_column][vc_column css=&#8220;.vc_custom_1559125377375{padding-right: 10% !important;padding-left: 10% !important;}&#8220; offset=&#8220;vc_col-lg-3&#8243;][\/vc_column][\/vc_row][vc_row css=&#8220;.vc_custom_1559026490647{padding-top: 7em !important;padding-bottom: 10em !important;}&#8220;][vc_column][\/vc_column][\/vc_row][vc_row][vc_column][\/vc_column][\/vc_row]","og_url":"https:\/\/www.proseccobelvedere.it\/de\/eine-familiengeschichte\/","og_site_name":"Prosecco Belvedere","article_modified_time":"2022-10-23T11:32:21+00:00","og_image":[{"width":1920,"height":1362,"url":"https:\/\/www.proseccobelvedere.it\/wp-content\/uploads\/2022\/04\/header_storia.jpg","type":"image\/jpeg"}],"twitter_card":"summary_large_image","twitter_misc":{"Gesch\u00e4tzte Lesezeit":"2\u00a0Minuten"},"schema":{"@context":"https:\/\/schema.org","@graph":[{"@type":"WebPage","@id":"https:\/\/www.proseccobelvedere.it\/de\/eine-familiengeschichte\/","url":"https:\/\/www.proseccobelvedere.it\/de\/eine-familiengeschichte\/","name":"Eine familiengeschichte - Prosecco Belvedere","isPartOf":{"@id":"https:\/\/www.proseccobelvedere.it\/it\/#website"},"datePublished":"2019-04-22T11:30:41+00:00","dateModified":"2022-10-23T11:32:21+00:00","breadcrumb":{"@id":"https:\/\/www.proseccobelvedere.it\/de\/eine-familiengeschichte\/#breadcrumb"},"inLanguage":"de","potentialAction":[{"@type":"ReadAction","target":["https:\/\/www.proseccobelvedere.it\/de\/eine-familiengeschichte\/"]}]},{"@type":"BreadcrumbList","@id":"https:\/\/www.proseccobelvedere.it\/de\/eine-familiengeschichte\/#breadcrumb","itemListElement":[{"@type":"ListItem","position":1,"name":"Home","item":"https:\/\/www.proseccobelvedere.it\/de\/"},{"@type":"ListItem","position":2,"name":"Eine familiengeschichte"}]},{"@type":"WebSite","@id":"https:\/\/www.proseccobelvedere.it\/it\/#website","url":"https:\/\/www.proseccobelvedere.it\/it\/","name":"Prosecco Belvedere","description":"Prosecco DOC","publisher":{"@id":"https:\/\/www.proseccobelvedere.it\/it\/#organization"},"potentialAction":[{"@type":"SearchAction","target":{"@type":"EntryPoint","urlTemplate":"https:\/\/www.proseccobelvedere.it\/it\/?s={search_term_string}"},"query-input":"required name=search_term_string"}],"inLanguage":"de"},{"@type":"Organization","@id":"https:\/\/www.proseccobelvedere.it\/it\/#organization","name":"Prosecco Belvedere","url":"https:\/\/www.proseccobelvedere.it\/it\/","logo":{"@type":"ImageObject","inLanguage":"de","@id":"https:\/\/www.proseccobelvedere.it\/it\/#\/schema\/logo\/image\/","url":"https:\/\/www.proseccobelvedere.it\/wp-content\/uploads\/2022\/05\/cropped-logo_belvedere2.png","contentUrl":"https:\/\/www.proseccobelvedere.it\/wp-content\/uploads\/2022\/05\/cropped-logo_belvedere2.png","width":324,"height":327,"caption":"Prosecco Belvedere"},"image":{"@id":"https:\/\/www.proseccobelvedere.it\/it\/#\/schema\/logo\/image\/"}}]}},"_links":{"self":[{"href":"https:\/\/www.proseccobelvedere.it\/de\/wp-json\/wp\/v2\/pages\/4578","targetHints":{"allow":["GET"]}}],"collection":[{"href":"https:\/\/www.proseccobelvedere.it\/de\/wp-json\/wp\/v2\/pages"}],"about":[{"href":"https:\/\/www.proseccobelvedere.it\/de\/wp-json\/wp\/v2\/types\/page"}],"author":[{"embeddable":true,"href":"https:\/\/www.proseccobelvedere.it\/de\/wp-json\/wp\/v2\/users\/1"}],"replies":[{"embeddable":true,"href":"https:\/\/www.proseccobelvedere.it\/de\/wp-json\/wp\/v2\/comments?post=4578"}],"version-history":[{"count":3,"href":"https:\/\/www.proseccobelvedere.it\/de\/wp-json\/wp\/v2\/pages\/4578\/revisions"}],"predecessor-version":[{"id":4625,"href":"https:\/\/www.proseccobelvedere.it\/de\/wp-json\/wp\/v2\/pages\/4578\/revisions\/4625"}],"wp:featuredmedia":[{"embeddable":true,"href":"https:\/\/www.proseccobelvedere.it\/de\/wp-json\/wp\/v2\/media\/4371"}],"wp:attachment":[{"href":"https:\/\/www.proseccobelvedere.it\/de\/wp-json\/wp\/v2\/media?parent=4578"}],"curies":[{"name":"wp","href":"https:\/\/api.w.org\/{rel}","templated":true}]}}