{"id":4571,"date":"2022-03-23T17:01:51","date_gmt":"2022-03-23T16:01:51","guid":{"rendered":"https:\/\/www.proseccobelvedere.it\/die-urspruenge\/"},"modified":"2022-10-23T13:38:07","modified_gmt":"2022-10-23T11:38:07","slug":"die-urspruenge","status":"publish","type":"page","link":"https:\/\/www.proseccobelvedere.it\/de\/die-urspruenge\/","title":{"rendered":"Die Urspr\u00fcnge"},"content":{"rendered":"<p>[vc_row full_width=&#8220;stretch_row&#8220; equal_height=&#8220;yes&#8220; css=&#8220;.vc_custom_1558527735460{padding-top: 7em !important;padding-right: 10% !important;padding-bottom: 7em !important;padding-left: 10% !important;background-color: #ffffff !important;}&#8220;][vc_column css=&#8220;.vc_custom_1559125340011{padding-right: 20% !important;padding-left: 20% !important;}&#8220; offset=&#8220;vc_col-lg-3&#8243;][\/vc_column][vc_column css=&#8220;.vc_custom_1648139216353{padding-top: 10% !important;padding-right: 10% !important;padding-bottom: 10% !important;padding-left: 10% !important;background-position: center !important;background-repeat: no-repeat !important;background-size: contain !important;}&#8220; offset=&#8220;vc_col-lg-6&#8243;]\n\t<div class=\"title-subtitle-box  \" style=\" text-align: left;\">\n\t\t<h1 style=\" font-style: normal;\" class=\"special-title\" >Die Sch\u00fctzengr\u00e4ben entlang des Piave-Damms<\/h1>\n\t\t<span class=\"gg-horizontal-line\"  ><\/span>\n\t\t<div class=\"box-description\"><p>Das Gebiet von Prosecco Belvedere war Schauplatz einer leider tragischen Geschichte, die mit den Ereignissen des Ersten Weltkriegs verbunden sind, denn genau hier fand 1918 die &#8222;Gro\u00dfe Schlacht am Piave&#8220; statt, wovon die drei noch vorhandenen und zu besichtigenden Festungen und ein 140 m langer Sch\u00fctzengraben zeugen, ein Ziel f\u00fcr internationale Touristen, die sich f\u00fcr diese geschichtstr\u00e4chtigen Orte interessieren.<\/p>\n<p>Die Verbindung zwischen dem Prosecco Belvedere und der Geschichte nicht nur der Region Venetien, sondern ganz Italiens, wird durch den Wunsch des Vaters Egidio Dall&#8217;Acqua repr\u00e4sentiert, dieses kulturelle Erbe durch eine Linie von Prosecco DOC-Weinen zu erz\u00e4hlen und aufzuwerten, die in der Lage sind, den Zauber und die Leidenschaft auszudr\u00fccken, die \u00fcber diesem Gebiet schweben.<\/p>\n<p>&nbsp;<\/p>\n<\/div>\n\t<\/div> [\/vc_column][vc_column css=&#8220;.vc_custom_1559125377375{padding-right: 10% !important;padding-left: 10% !important;}&#8220; offset=&#8220;vc_col-lg-3&#8243;][\/vc_column][\/vc_row][vc_row full_width=&#8220;stretch_row&#8220; el_class=&#8220;half-height-white-background&#8220;][vc_column]\n\t<div class=\"\">\n\t<div class=\"gg-media-carousel\">\n\t\t<div class=\"swiper-container\" data-uid=\"swiper-26831510\"  data-slidesperview =\"auto\" data-slidespercolumn =\"1\" data-spacebetween =\"0\" data-initialslide =\"0\" data-direction =\"horizontal\" data-speed =\"300\" data-loop =\"true\" data-centeredslides =\"false\" data-effect =\"slide\" data-autoplay =\"\" data-paginationtype =\"bullets\"  >\n\t\t\t<div class=\"swiper-wrapper\"><div class=\"swiper-slide\"><img loading=\"lazy\" decoding=\"async\" width=\"1400\" height=\"700\" src=\"https:\/\/www.proseccobelvedere.it\/wp-content\/uploads\/2022\/03\/trincea.jpg\" class=\"attachment-full\" alt=\"\" srcset=\"https:\/\/www.proseccobelvedere.it\/wp-content\/uploads\/2022\/03\/trincea.jpg 1400w, https:\/\/www.proseccobelvedere.it\/wp-content\/uploads\/2022\/03\/trincea-300x150.jpg 300w, https:\/\/www.proseccobelvedere.it\/wp-content\/uploads\/2022\/03\/trincea-1024x512.jpg 1024w, https:\/\/www.proseccobelvedere.it\/wp-content\/uploads\/2022\/03\/trincea-768x384.jpg 768w\" sizes=\"auto, (max-width: 1400px) 100vw, 1400px\" \/><\/div>\n\t\t\t<\/div>\n\t\t<\/div>\n\t\t<div id=\"pagination-swiper-26831510\" class=\"swiper-pagination\"><\/div>\n\t\t<div class=\"media-button-container swiper-nav-container\">\n\t\t<div id=\"btn-next-swiper-26831510\" class=\"swiper-nav-next\"><svg id=\"swiper-arrow-right\" viewBox=\"0 0 50 12\" width=\"100%\" height=\"100%\"><path fill-rule=\"evenodd\" d=\"M48.078 6.096H.008v.966h48.07l-4.254 4.255.683.683 5.541-5.538L44.507.924l-.683.683z\"><\/path><\/svg><\/div>\n\t\t<div id=\"btn-prev-swiper-26831510\" class=\"swiper-nav-prev\"><svg id=\"swiper-arrow-left\" viewBox=\"0 0 50 12\" width=\"100%\" height=\"100%\"><path fill-rule=\"evenodd\" d=\"M1.922 5.904h48.07v-.966H1.922L6.176.683 5.493 0-.048 5.538l5.541 5.538.683-.683z\"><\/path><\/svg><\/div>\n\t\t<\/div>\n\t<\/div>\n\t<\/div>[\/vc_column][\/vc_row][vc_row][vc_column][vc_empty_space height=&#8220;80px&#8220;][\/vc_column][\/vc_row][vc_row full_width=&#8220;stretch_row&#8220; equal_height=&#8220;yes&#8220; css=&#8220;.vc_custom_1648459990890{padding-top: 7em !important;padding-right: 7em !important;padding-bottom: 7em !important;padding-left: 7em !important;background: #000000 url(https:\/\/www.proseccobelvedere.it\/wp-content\/uploads\/2022\/03\/hemingway_bk2.jpg?id=3958) !important;background-position: center !important;background-repeat: no-repeat !important;background-size: cover !important;}&#8220;][vc_column css=&#8220;.vc_custom_1559125340011{padding-right: 20% !important;padding-left: 20% !important;}&#8220; offset=&#8220;vc_col-lg-3&#8243;][\/vc_column][vc_column css=&#8220;.vc_custom_1648139216353{padding-top: 10% !important;padding-right: 10% !important;padding-bottom: 10% !important;padding-left: 10% !important;background-position: center !important;background-repeat: no-repeat !important;background-size: contain !important;}&#8220; offset=&#8220;vc_col-lg-6&#8243;]\n\t<div class=\"title-subtitle-box  \" style=\" text-align: left;\">\n\t\t<h1 style=\" color:#ffffff;  font-style: normal;\" class=\"special-title\" >Hemingway und die Tage am Piave<\/h1>\n\t\t<span class=\"gg-horizontal-line\"  ><\/span>\n\t\t<div class=\"box-description\"><p style=\"color: white;\">Ernesto und Ernest.<br \/>\nDie Namensgleichheit zwischen dem jungen Gr\u00fcnder von Prosecco Belvedere und dem ber\u00fchmten amerikanischen Schriftsteller und Journalisten ist keineswegs zuf\u00e4llig. Der Name &#8222;Ernesto&#8220; ist seit drei Generationen unter den Nachfolgern jenes ersten Ernesto pr\u00e4sent, der w\u00e4hrend des Ersten Weltkriegs Hemingway am Ufer des Piave traf.<\/p>\n<p style=\"color: white;\">Und aus dieser Begegnung stammt der Name Ernesto (mit den Bedeutungen ernst, treu, ehrlich, aber auch k\u00e4mpferisch und energisch), der die Nachkommen der Familie Dall&#8217;Acqua kennzeichnet, als Hommage an einen au\u00dfergew\u00f6hnlichen Kulturmenschen, der 1954 den Nobelpreis f\u00fcr Literatur erhielt und eine innige Beziehung zur Region Venetien herstellte.<\/p>\n<p style=\"color: white;\">Die Beziehung zwischen Hemingway und Venetien entwickelte sich zu einer langen Liebesbeziehung, die auch heute noch Touristen aus aller Welt interessiert und begeistert. In der Umgebung von Prosecco Belvedere n\u00e4mlich schl\u00e4ngelt sich der Hemingway-Pfad der, durch die Erz\u00e4hlungen des Schriftstellers, an die Ereignisse des Sommers 1918 am Fluss Piave erinnert. Hemingways Orte erstrecken sich auch auf andere Gebiete, die vom Prosecco Belvedere Landgut aus schnell zu erreichen sind: Schio, Bassano del Grappa, Caorle und schlie\u00dflich Venedig, wo dank ihm zwei historische Orte ber\u00fchmt wurden: Harry&#8217;s Bar und das Gasthaus Cipriani in Torcello.<\/p>\n<\/div>\n\t<\/div> [\/vc_column][vc_column css=&#8220;.vc_custom_1559125377375{padding-right: 10% !important;padding-left: 10% !important;}&#8220; offset=&#8220;vc_col-lg-3&#8243;][\/vc_column][\/vc_row]<\/p>\n","protected":false},"excerpt":{"rendered":"<p>[vc_row full_width=&#8220;stretch_row&#8220; equal_height=&#8220;yes&#8220; css=&#8220;.vc_custom_1558527735460{padding-top: 7em !important;padding-right: 10% !important;padding-bottom: 7em !important;padding-left: 10% !important;background-color: #ffffff !important;}&#8220;][vc_column css=&#8220;.vc_custom_1559125340011{padding-right: 20% !important;padding-left: 20% !important;}&#8220; offset=&#8220;vc_col-lg-3&#8243;][\/vc_column][vc_column css=&#8220;.vc_custom_1648139216353{padding-top: 10% !important;padding-right: 10% !important;padding-bottom: 10% !important;padding-left: 10% !important;background-position: center !important;background-repeat: no-repeat !important;background-size: contain !important;}&#8220; offset=&#8220;vc_col-lg-6&#8243;][\/vc_column][vc_column css=&#8220;.vc_custom_1559125377375{padding-right: 10% !important;padding-left: 10% !important;}&#8220; offset=&#8220;vc_col-lg-3&#8243;][\/vc_column][\/vc_row][vc_row full_width=&#8220;stretch_row&#8220; el_class=&#8220;half-height-white-background&#8220;][vc_column][\/vc_column][\/vc_row][vc_row][vc_column][vc_empty_space height=&#8220;80px&#8220;][\/vc_column][\/vc_row][vc_row full_width=&#8220;stretch_row&#8220; equal_height=&#8220;yes&#8220; css=&#8220;.vc_custom_1648459990890{padding-top: 7em !important;padding-right: 7em !important;padding-bottom: 7em !important;padding-left: 7em<\/p>\n<p class=\"more-link-wrapper\"><a class=\"btn btn-primary\" href=\"https:\/\/www.proseccobelvedere.it\/de\/die-urspruenge\/\">Read More<\/a><\/p>\n","protected":false},"author":1,"featured_media":4374,"parent":0,"menu_order":0,"comment_status":"closed","ping_status":"closed","template":"","meta":{"inline_featured_image":false,"footnotes":""},"class_list":["post-4571","page","type-page","status-publish","has-post-thumbnail","hentry","has_thumb"],"yoast_head":"<!-- This site is optimized with the Yoast SEO plugin v19.9 - https:\/\/yoast.com\/wordpress\/plugins\/seo\/ -->\n<title>Die Urspr\u00fcnge - Prosecco Belvedere<\/title>\n<meta name=\"robots\" content=\"index, follow, max-snippet:-1, max-image-preview:large, max-video-preview:-1\" \/>\n<link rel=\"canonical\" href=\"https:\/\/www.proseccobelvedere.it\/de\/die-urspruenge\/\" \/>\n<meta property=\"og:locale\" content=\"de_DE\" \/>\n<meta property=\"og:type\" content=\"article\" \/>\n<meta property=\"og:title\" content=\"Die Urspr\u00fcnge - Prosecco Belvedere\" \/>\n<meta property=\"og:description\" content=\"[vc_row full_width=&#8220;stretch_row&#8220; equal_height=&#8220;yes&#8220; css=&#8220;.vc_custom_1558527735460{padding-top: 7em !important;padding-right: 10% !important;padding-bottom: 7em !important;padding-left: 10% !important;background-color: #ffffff !important;}&#8220;][vc_column css=&#8220;.vc_custom_1559125340011{padding-right: 20% !important;padding-left: 20% !important;}&#8220; offset=&#8220;vc_col-lg-3&#8243;][\/vc_column][vc_column css=&#8220;.vc_custom_1648139216353{padding-top: 10% !important;padding-right: 10% !important;padding-bottom: 10% !important;padding-left: 10% !important;background-position: center !important;background-repeat: no-repeat !important;background-size: contain !important;}&#8220; offset=&#8220;vc_col-lg-6&#8243;][\/vc_column][vc_column css=&#8220;.vc_custom_1559125377375{padding-right: 10% !important;padding-left: 10% !important;}&#8220; offset=&#8220;vc_col-lg-3&#8243;][\/vc_column][\/vc_row][vc_row full_width=&#8220;stretch_row&#8220; el_class=&#8220;half-height-white-background&#8220;][vc_column][\/vc_column][\/vc_row][vc_row][vc_column][vc_empty_space height=&#8220;80px&#8220;][\/vc_column][\/vc_row][vc_row full_width=&#8220;stretch_row&#8220; equal_height=&#8220;yes&#8220; css=&#8220;.vc_custom_1648459990890{padding-top: 7em !important;padding-right: 7em !important;padding-bottom: 7em !important;padding-left: 7emRead More\" \/>\n<meta property=\"og:url\" content=\"https:\/\/www.proseccobelvedere.it\/de\/die-urspruenge\/\" \/>\n<meta property=\"og:site_name\" content=\"Prosecco Belvedere\" \/>\n<meta property=\"article:modified_time\" content=\"2022-10-23T11:38:07+00:00\" \/>\n<meta property=\"og:image\" content=\"https:\/\/www.proseccobelvedere.it\/wp-content\/uploads\/2022\/04\/header_origini.jpg\" \/>\n\t<meta property=\"og:image:width\" content=\"1800\" \/>\n\t<meta property=\"og:image:height\" content=\"1000\" \/>\n\t<meta property=\"og:image:type\" content=\"image\/jpeg\" \/>\n<meta name=\"twitter:card\" content=\"summary_large_image\" \/>\n<meta name=\"twitter:label1\" content=\"Gesch\u00e4tzte Lesezeit\" \/>\n\t<meta name=\"twitter:data1\" content=\"3\u00a0Minuten\" \/>\n<script type=\"application\/ld+json\" class=\"yoast-schema-graph\">{\"@context\":\"https:\/\/schema.org\",\"@graph\":[{\"@type\":\"WebPage\",\"@id\":\"https:\/\/www.proseccobelvedere.it\/de\/die-urspruenge\/\",\"url\":\"https:\/\/www.proseccobelvedere.it\/de\/die-urspruenge\/\",\"name\":\"Die Urspr\u00fcnge - Prosecco Belvedere\",\"isPartOf\":{\"@id\":\"https:\/\/www.proseccobelvedere.it\/it\/#website\"},\"datePublished\":\"2022-03-23T16:01:51+00:00\",\"dateModified\":\"2022-10-23T11:38:07+00:00\",\"breadcrumb\":{\"@id\":\"https:\/\/www.proseccobelvedere.it\/de\/die-urspruenge\/#breadcrumb\"},\"inLanguage\":\"de\",\"potentialAction\":[{\"@type\":\"ReadAction\",\"target\":[\"https:\/\/www.proseccobelvedere.it\/de\/die-urspruenge\/\"]}]},{\"@type\":\"BreadcrumbList\",\"@id\":\"https:\/\/www.proseccobelvedere.it\/de\/die-urspruenge\/#breadcrumb\",\"itemListElement\":[{\"@type\":\"ListItem\",\"position\":1,\"name\":\"Home\",\"item\":\"https:\/\/www.proseccobelvedere.it\/de\/\"},{\"@type\":\"ListItem\",\"position\":2,\"name\":\"Die Urspr\u00fcnge\"}]},{\"@type\":\"WebSite\",\"@id\":\"https:\/\/www.proseccobelvedere.it\/it\/#website\",\"url\":\"https:\/\/www.proseccobelvedere.it\/it\/\",\"name\":\"Prosecco Belvedere\",\"description\":\"Prosecco DOC\",\"publisher\":{\"@id\":\"https:\/\/www.proseccobelvedere.it\/it\/#organization\"},\"potentialAction\":[{\"@type\":\"SearchAction\",\"target\":{\"@type\":\"EntryPoint\",\"urlTemplate\":\"https:\/\/www.proseccobelvedere.it\/it\/?s={search_term_string}\"},\"query-input\":\"required name=search_term_string\"}],\"inLanguage\":\"de\"},{\"@type\":\"Organization\",\"@id\":\"https:\/\/www.proseccobelvedere.it\/it\/#organization\",\"name\":\"Prosecco Belvedere\",\"url\":\"https:\/\/www.proseccobelvedere.it\/it\/\",\"logo\":{\"@type\":\"ImageObject\",\"inLanguage\":\"de\",\"@id\":\"https:\/\/www.proseccobelvedere.it\/it\/#\/schema\/logo\/image\/\",\"url\":\"https:\/\/www.proseccobelvedere.it\/wp-content\/uploads\/2022\/05\/cropped-logo_belvedere2.png\",\"contentUrl\":\"https:\/\/www.proseccobelvedere.it\/wp-content\/uploads\/2022\/05\/cropped-logo_belvedere2.png\",\"width\":324,\"height\":327,\"caption\":\"Prosecco Belvedere\"},\"image\":{\"@id\":\"https:\/\/www.proseccobelvedere.it\/it\/#\/schema\/logo\/image\/\"}}]}<\/script>\n<!-- \/ Yoast SEO plugin. -->","yoast_head_json":{"title":"Die Urspr\u00fcnge - Prosecco Belvedere","robots":{"index":"index","follow":"follow","max-snippet":"max-snippet:-1","max-image-preview":"max-image-preview:large","max-video-preview":"max-video-preview:-1"},"canonical":"https:\/\/www.proseccobelvedere.it\/de\/die-urspruenge\/","og_locale":"de_DE","og_type":"article","og_title":"Die Urspr\u00fcnge - Prosecco Belvedere","og_description":"[vc_row full_width=&#8220;stretch_row&#8220; equal_height=&#8220;yes&#8220; css=&#8220;.vc_custom_1558527735460{padding-top: 7em !important;padding-right: 10% !important;padding-bottom: 7em !important;padding-left: 10% !important;background-color: #ffffff !important;}&#8220;][vc_column css=&#8220;.vc_custom_1559125340011{padding-right: 20% !important;padding-left: 20% !important;}&#8220; offset=&#8220;vc_col-lg-3&#8243;][\/vc_column][vc_column css=&#8220;.vc_custom_1648139216353{padding-top: 10% !important;padding-right: 10% !important;padding-bottom: 10% !important;padding-left: 10% !important;background-position: center !important;background-repeat: no-repeat !important;background-size: contain !important;}&#8220; offset=&#8220;vc_col-lg-6&#8243;][\/vc_column][vc_column css=&#8220;.vc_custom_1559125377375{padding-right: 10% !important;padding-left: 10% !important;}&#8220; offset=&#8220;vc_col-lg-3&#8243;][\/vc_column][\/vc_row][vc_row full_width=&#8220;stretch_row&#8220; el_class=&#8220;half-height-white-background&#8220;][vc_column][\/vc_column][\/vc_row][vc_row][vc_column][vc_empty_space height=&#8220;80px&#8220;][\/vc_column][\/vc_row][vc_row full_width=&#8220;stretch_row&#8220; equal_height=&#8220;yes&#8220; css=&#8220;.vc_custom_1648459990890{padding-top: 7em !important;padding-right: 7em !important;padding-bottom: 7em !important;padding-left: 7emRead More","og_url":"https:\/\/www.proseccobelvedere.it\/de\/die-urspruenge\/","og_site_name":"Prosecco Belvedere","article_modified_time":"2022-10-23T11:38:07+00:00","og_image":[{"width":1800,"height":1000,"url":"https:\/\/www.proseccobelvedere.it\/wp-content\/uploads\/2022\/04\/header_origini.jpg","type":"image\/jpeg"}],"twitter_card":"summary_large_image","twitter_misc":{"Gesch\u00e4tzte Lesezeit":"3\u00a0Minuten"},"schema":{"@context":"https:\/\/schema.org","@graph":[{"@type":"WebPage","@id":"https:\/\/www.proseccobelvedere.it\/de\/die-urspruenge\/","url":"https:\/\/www.proseccobelvedere.it\/de\/die-urspruenge\/","name":"Die Urspr\u00fcnge - Prosecco Belvedere","isPartOf":{"@id":"https:\/\/www.proseccobelvedere.it\/it\/#website"},"datePublished":"2022-03-23T16:01:51+00:00","dateModified":"2022-10-23T11:38:07+00:00","breadcrumb":{"@id":"https:\/\/www.proseccobelvedere.it\/de\/die-urspruenge\/#breadcrumb"},"inLanguage":"de","potentialAction":[{"@type":"ReadAction","target":["https:\/\/www.proseccobelvedere.it\/de\/die-urspruenge\/"]}]},{"@type":"BreadcrumbList","@id":"https:\/\/www.proseccobelvedere.it\/de\/die-urspruenge\/#breadcrumb","itemListElement":[{"@type":"ListItem","position":1,"name":"Home","item":"https:\/\/www.proseccobelvedere.it\/de\/"},{"@type":"ListItem","position":2,"name":"Die Urspr\u00fcnge"}]},{"@type":"WebSite","@id":"https:\/\/www.proseccobelvedere.it\/it\/#website","url":"https:\/\/www.proseccobelvedere.it\/it\/","name":"Prosecco Belvedere","description":"Prosecco DOC","publisher":{"@id":"https:\/\/www.proseccobelvedere.it\/it\/#organization"},"potentialAction":[{"@type":"SearchAction","target":{"@type":"EntryPoint","urlTemplate":"https:\/\/www.proseccobelvedere.it\/it\/?s={search_term_string}"},"query-input":"required name=search_term_string"}],"inLanguage":"de"},{"@type":"Organization","@id":"https:\/\/www.proseccobelvedere.it\/it\/#organization","name":"Prosecco Belvedere","url":"https:\/\/www.proseccobelvedere.it\/it\/","logo":{"@type":"ImageObject","inLanguage":"de","@id":"https:\/\/www.proseccobelvedere.it\/it\/#\/schema\/logo\/image\/","url":"https:\/\/www.proseccobelvedere.it\/wp-content\/uploads\/2022\/05\/cropped-logo_belvedere2.png","contentUrl":"https:\/\/www.proseccobelvedere.it\/wp-content\/uploads\/2022\/05\/cropped-logo_belvedere2.png","width":324,"height":327,"caption":"Prosecco Belvedere"},"image":{"@id":"https:\/\/www.proseccobelvedere.it\/it\/#\/schema\/logo\/image\/"}}]}},"_links":{"self":[{"href":"https:\/\/www.proseccobelvedere.it\/de\/wp-json\/wp\/v2\/pages\/4571","targetHints":{"allow":["GET"]}}],"collection":[{"href":"https:\/\/www.proseccobelvedere.it\/de\/wp-json\/wp\/v2\/pages"}],"about":[{"href":"https:\/\/www.proseccobelvedere.it\/de\/wp-json\/wp\/v2\/types\/page"}],"author":[{"embeddable":true,"href":"https:\/\/www.proseccobelvedere.it\/de\/wp-json\/wp\/v2\/users\/1"}],"replies":[{"embeddable":true,"href":"https:\/\/www.proseccobelvedere.it\/de\/wp-json\/wp\/v2\/comments?post=4571"}],"version-history":[{"count":5,"href":"https:\/\/www.proseccobelvedere.it\/de\/wp-json\/wp\/v2\/pages\/4571\/revisions"}],"predecessor-version":[{"id":4626,"href":"https:\/\/www.proseccobelvedere.it\/de\/wp-json\/wp\/v2\/pages\/4571\/revisions\/4626"}],"wp:featuredmedia":[{"embeddable":true,"href":"https:\/\/www.proseccobelvedere.it\/de\/wp-json\/wp\/v2\/media\/4374"}],"wp:attachment":[{"href":"https:\/\/www.proseccobelvedere.it\/de\/wp-json\/wp\/v2\/media?parent=4571"}],"curies":[{"name":"wp","href":"https:\/\/api.w.org\/{rel}","templated":true}]}}