{"id":4565,"date":"2019-04-22T13:30:55","date_gmt":"2019-04-22T11:30:55","guid":{"rendered":"https:\/\/www.proseccobelvedere.it\/der-weinkellerei\/"},"modified":"2022-10-23T13:44:10","modified_gmt":"2022-10-23T11:44:10","slug":"der-weinkellerei","status":"publish","type":"page","link":"https:\/\/www.proseccobelvedere.it\/de\/der-weinkellerei\/","title":{"rendered":"Der Weinkellerei"},"content":{"rendered":"<p>[vc_row full_width=&#8220;stretch_row&#8220; equal_height=&#8220;yes&#8220; css=&#8220;.vc_custom_1558527735460{padding-top: 7em !important;padding-right: 10% !important;padding-bottom: 7em !important;padding-left: 10% !important;background-color: #ffffff !important;}&#8220;][vc_column css=&#8220;.vc_custom_1559125340011{padding-right: 20% !important;padding-left: 20% !important;}&#8220; offset=&#8220;vc_col-lg-3&#8243;][\/vc_column][vc_column css=&#8220;.vc_custom_1648139216353{padding-top: 10% !important;padding-right: 10% !important;padding-bottom: 10% !important;padding-left: 10% !important;background-position: center !important;background-repeat: no-repeat !important;background-size: contain !important;}&#8220; offset=&#8220;vc_col-lg-6&#8243;]\n\t<div class=\"title-subtitle-box  \" style=\" text-align: left;\">\n\t\t<h1 style=\" font-style: normal;\" class=\"special-title\" >Traditionelle F\u00e4higkeiten, technologische Innovation<\/h1>\n\t\t<span class=\"gg-horizontal-line\"  ><\/span>\n\t\t<div class=\"box-description\"><p>Wenn die Familiengeschichte das solide Fundament des Prosecco Belvedere darstellt, so ist die Innovation die Komponente, die es dem Prosecco DOC erm\u00f6glicht, sich von seiner besten Seite zu zeigen. Auf dem Land und vor allem in der Weinkellerei ist Modernit\u00e4t das Markenzeichen der Traubenverarbeitung und der Weinherstellung.<\/p>\n<p>F\u00fcr den Prosecco Belvedere ist die starke innovative Komponente der Kellerei von grundlegender Bedeutung, um mit der Zeit zu gehen, sich weiterzuentwickeln und das hohe<br \/>\nQualit\u00e4tsniveau seiner Weine zu erhalten, in voller \u00dcbereinstimmung mit der Herstellungsmethode, die den Prosecco DOC auszeichnet: die Charmat-Methode, die auch als Martinotti-Methode bekannt ist und eine zweite G\u00e4rung in Autoklaven vorsieht.<\/p>\n<p>Die Bildung von Kohlendioxid erfolgt auf biologische Weise durch die Wirkung ausgew\u00e4hlter Hefen, die den Zucker in Alkohol umwandeln. Der Most g\u00e4rt langsam in Autoklaven; um das richtige Gleichgewicht zwischen Geschmack, Aroma, Eleganz, Konsistenz und Perlagefinesse zu erreichen, wird der Wein bis zu maximal 6 Monate in diesen Beh\u00e4ltern aufbewahrt.<\/p>\n<p>&nbsp;<\/p>\n<\/div>\n\t<\/div> [\/vc_column][vc_column css=&#8220;.vc_custom_1559125377375{padding-right: 10% !important;padding-left: 10% !important;}&#8220; offset=&#8220;vc_col-lg-3&#8243;][\/vc_column][\/vc_row][vc_row full_width=&#8220;stretch_row&#8220; el_class=&#8220;half-height-white-background&#8220; css=&#8220;.vc_custom_1648465175648{padding-bottom: 100px !important;}&#8220;][vc_column]\n\t<div class=\"\">\n\t<div class=\"gg-media-carousel\">\n\t\t<div class=\"swiper-container\" data-uid=\"swiper-793629503\"  data-slidesperview =\"auto\" data-slidespercolumn =\"1\" data-spacebetween =\"0\" data-initialslide =\"0\" data-direction =\"horizontal\" data-speed =\"300\" data-loop =\"true\" data-centeredslides =\"false\" data-effect =\"slide\" data-autoplay =\"\" data-paginationtype =\"bullets\"  >\n\t\t\t<div class=\"swiper-wrapper\"><div class=\"swiper-slide\"><img loading=\"lazy\" decoding=\"async\" width=\"1400\" height=\"700\" src=\"https:\/\/www.proseccobelvedere.it\/wp-content\/uploads\/2022\/03\/cantina2.jpg\" class=\"attachment-full\" alt=\"\" srcset=\"https:\/\/www.proseccobelvedere.it\/wp-content\/uploads\/2022\/03\/cantina2.jpg 1400w, https:\/\/www.proseccobelvedere.it\/wp-content\/uploads\/2022\/03\/cantina2-300x150.jpg 300w, https:\/\/www.proseccobelvedere.it\/wp-content\/uploads\/2022\/03\/cantina2-1024x512.jpg 1024w, https:\/\/www.proseccobelvedere.it\/wp-content\/uploads\/2022\/03\/cantina2-768x384.jpg 768w\" sizes=\"auto, (max-width: 1400px) 100vw, 1400px\" \/><\/div><div class=\"swiper-slide\"><img loading=\"lazy\" decoding=\"async\" width=\"1400\" height=\"700\" src=\"https:\/\/www.proseccobelvedere.it\/wp-content\/uploads\/2022\/03\/cantina.jpg\" class=\"attachment-full\" alt=\"\" srcset=\"https:\/\/www.proseccobelvedere.it\/wp-content\/uploads\/2022\/03\/cantina.jpg 1400w, https:\/\/www.proseccobelvedere.it\/wp-content\/uploads\/2022\/03\/cantina-300x150.jpg 300w, https:\/\/www.proseccobelvedere.it\/wp-content\/uploads\/2022\/03\/cantina-1024x512.jpg 1024w, https:\/\/www.proseccobelvedere.it\/wp-content\/uploads\/2022\/03\/cantina-768x384.jpg 768w\" sizes=\"auto, (max-width: 1400px) 100vw, 1400px\" \/><\/div><div class=\"swiper-slide\"><img loading=\"lazy\" decoding=\"async\" width=\"1400\" height=\"700\" src=\"https:\/\/www.proseccobelvedere.it\/wp-content\/uploads\/2022\/03\/cantina03.jpg\" class=\"attachment-full\" alt=\"\" srcset=\"https:\/\/www.proseccobelvedere.it\/wp-content\/uploads\/2022\/03\/cantina03.jpg 1400w, https:\/\/www.proseccobelvedere.it\/wp-content\/uploads\/2022\/03\/cantina03-300x150.jpg 300w, https:\/\/www.proseccobelvedere.it\/wp-content\/uploads\/2022\/03\/cantina03-1024x512.jpg 1024w, https:\/\/www.proseccobelvedere.it\/wp-content\/uploads\/2022\/03\/cantina03-768x384.jpg 768w\" sizes=\"auto, (max-width: 1400px) 100vw, 1400px\" \/><\/div>\n\t\t\t<\/div>\n\t\t<\/div>\n\t\t<div id=\"pagination-swiper-793629503\" class=\"swiper-pagination\"><\/div>\n\t\t<div class=\"media-button-container swiper-nav-container\">\n\t\t<div id=\"btn-next-swiper-793629503\" class=\"swiper-nav-next\"><svg id=\"swiper-arrow-right\" viewBox=\"0 0 50 12\" width=\"100%\" height=\"100%\"><path fill-rule=\"evenodd\" d=\"M48.078 6.096H.008v.966h48.07l-4.254 4.255.683.683 5.541-5.538L44.507.924l-.683.683z\"><\/path><\/svg><\/div>\n\t\t<div id=\"btn-prev-swiper-793629503\" class=\"swiper-nav-prev\"><svg id=\"swiper-arrow-left\" viewBox=\"0 0 50 12\" width=\"100%\" height=\"100%\"><path fill-rule=\"evenodd\" d=\"M1.922 5.904h48.07v-.966H1.922L6.176.683 5.493 0-.048 5.538l5.541 5.538.683-.683z\"><\/path><\/svg><\/div>\n\t\t<\/div>\n\t<\/div>\n\t<\/div>[\/vc_column][\/vc_row][vc_row full_width=&#8220;stretch_row&#8220; equal_height=&#8220;yes&#8220; css=&#8220;.vc_custom_1648465364599{padding-top: 7em !important;padding-right: 10% !important;padding-bottom: 7em !important;padding-left: 10% !important;background-color: #1b1b19 !important;}&#8220;][vc_column css=&#8220;.vc_custom_1559125340011{padding-right: 20% !important;padding-left: 20% !important;}&#8220; offset=&#8220;vc_col-lg-3&#8243;][\/vc_column][vc_column css=&#8220;.vc_custom_1648139216353{padding-top: 10% !important;padding-right: 10% !important;padding-bottom: 10% !important;padding-left: 10% !important;background-position: center !important;background-repeat: no-repeat !important;background-size: contain !important;}&#8220; offset=&#8220;vc_col-lg-6&#8243;]\n\t<div class=\"title-subtitle-box  \" style=\" text-align: left;\">\n\t\t<h1 style=\" color:#ffffff;  font-style: normal;\" class=\"special-title\" >Der Einsatz von Technologie mit Bewusstsein und Vorbereitung<\/h1>\n\t\t<span class=\"gg-horizontal-line\"  ><\/span>\n\t\t<div class=\"box-description\"><p style=\"color: white;\">Prosecco Belvedere f\u00fchrt die Weinbereitung mit modernsten Maschinen durch, darunter sanfte Druckpressen, Flotationsvorrichtungen zur Reinigung der Moste, die zu einem m\u00f6glichst klaren G\u00e4rungsprozess beitragen, und Tangentialfilter, die bei der Filtration eingesetzt werden.<\/p>\n<p style=\"color: white;\">Die Technologie muss mit Bedacht und Vorbereitung eingesetzt werden, und geht Hand in Hand mit dem grundlegenden Beitrag des menschlichen Fachwissens. Die Arbeit qualifizierter und motivierter Mitarbeiter sorgt daf\u00fcr, dass die eingef\u00fchrten Innovationen voll aufgewertet werden und der Prosecco Belvedere in der Tat ein Qualit\u00e4tswein ist, der mit Leidenschaft und Sorgfalt hergestellt wird.<\/p>\n<\/div>\n\t<\/div> [\/vc_column][vc_column css=&#8220;.vc_custom_1559125377375{padding-right: 10% !important;padding-left: 10% !important;}&#8220; offset=&#8220;vc_col-lg-3&#8243;][\/vc_column][\/vc_row]<\/p>\n","protected":false},"excerpt":{"rendered":"<p>[vc_row full_width=&#8220;stretch_row&#8220; equal_height=&#8220;yes&#8220; css=&#8220;.vc_custom_1558527735460{padding-top: 7em !important;padding-right: 10% !important;padding-bottom: 7em !important;padding-left: 10% !important;background-color: #ffffff !important;}&#8220;][vc_column css=&#8220;.vc_custom_1559125340011{padding-right: 20% !important;padding-left: 20% !important;}&#8220; offset=&#8220;vc_col-lg-3&#8243;][\/vc_column][vc_column css=&#8220;.vc_custom_1648139216353{padding-top: 10% !important;padding-right: 10% !important;padding-bottom: 10% !important;padding-left: 10% !important;background-position: center !important;background-repeat: no-repeat !important;background-size: contain !important;}&#8220; offset=&#8220;vc_col-lg-6&#8243;][\/vc_column][vc_column css=&#8220;.vc_custom_1559125377375{padding-right: 10% !important;padding-left: 10% !important;}&#8220; offset=&#8220;vc_col-lg-3&#8243;][\/vc_column][\/vc_row][vc_row full_width=&#8220;stretch_row&#8220; el_class=&#8220;half-height-white-background&#8220; css=&#8220;.vc_custom_1648465175648{padding-bottom: 100px !important;}&#8220;][vc_column][\/vc_column][\/vc_row][vc_row full_width=&#8220;stretch_row&#8220; equal_height=&#8220;yes&#8220; css=&#8220;.vc_custom_1648465364599{padding-top: 7em !important;padding-right: 10% !important;padding-bottom: 7em<\/p>\n<p class=\"more-link-wrapper\"><a class=\"btn btn-primary\" href=\"https:\/\/www.proseccobelvedere.it\/de\/der-weinkellerei\/\">Read More<\/a><\/p>\n","protected":false},"author":1,"featured_media":4356,"parent":0,"menu_order":0,"comment_status":"closed","ping_status":"closed","template":"","meta":{"inline_featured_image":false,"footnotes":""},"class_list":["post-4565","page","type-page","status-publish","has-post-thumbnail","hentry","has_thumb"],"yoast_head":"<!-- This site is optimized with the Yoast SEO plugin v19.9 - https:\/\/yoast.com\/wordpress\/plugins\/seo\/ -->\n<title>Der Weinkellerei - Prosecco Belvedere<\/title>\n<meta name=\"robots\" content=\"index, follow, max-snippet:-1, max-image-preview:large, max-video-preview:-1\" \/>\n<link rel=\"canonical\" href=\"https:\/\/www.proseccobelvedere.it\/de\/der-weinkellerei\/\" \/>\n<meta property=\"og:locale\" content=\"de_DE\" \/>\n<meta property=\"og:type\" content=\"article\" \/>\n<meta property=\"og:title\" content=\"Der Weinkellerei - Prosecco Belvedere\" \/>\n<meta property=\"og:description\" content=\"[vc_row full_width=&#8220;stretch_row&#8220; equal_height=&#8220;yes&#8220; css=&#8220;.vc_custom_1558527735460{padding-top: 7em !important;padding-right: 10% !important;padding-bottom: 7em !important;padding-left: 10% !important;background-color: #ffffff !important;}&#8220;][vc_column css=&#8220;.vc_custom_1559125340011{padding-right: 20% !important;padding-left: 20% !important;}&#8220; offset=&#8220;vc_col-lg-3&#8243;][\/vc_column][vc_column css=&#8220;.vc_custom_1648139216353{padding-top: 10% !important;padding-right: 10% !important;padding-bottom: 10% !important;padding-left: 10% !important;background-position: center !important;background-repeat: no-repeat !important;background-size: contain !important;}&#8220; offset=&#8220;vc_col-lg-6&#8243;][\/vc_column][vc_column css=&#8220;.vc_custom_1559125377375{padding-right: 10% !important;padding-left: 10% !important;}&#8220; offset=&#8220;vc_col-lg-3&#8243;][\/vc_column][\/vc_row][vc_row full_width=&#8220;stretch_row&#8220; el_class=&#8220;half-height-white-background&#8220; css=&#8220;.vc_custom_1648465175648{padding-bottom: 100px !important;}&#8220;][vc_column][\/vc_column][\/vc_row][vc_row full_width=&#8220;stretch_row&#8220; equal_height=&#8220;yes&#8220; css=&#8220;.vc_custom_1648465364599{padding-top: 7em !important;padding-right: 10% !important;padding-bottom: 7emRead More\" \/>\n<meta property=\"og:url\" content=\"https:\/\/www.proseccobelvedere.it\/de\/der-weinkellerei\/\" \/>\n<meta property=\"og:site_name\" content=\"Prosecco Belvedere\" \/>\n<meta property=\"article:modified_time\" content=\"2022-10-23T11:44:10+00:00\" \/>\n<meta property=\"og:image\" content=\"https:\/\/www.proseccobelvedere.it\/wp-content\/uploads\/2022\/03\/header_cantina2.jpg\" \/>\n\t<meta property=\"og:image:width\" content=\"1800\" \/>\n\t<meta property=\"og:image:height\" content=\"1000\" \/>\n\t<meta property=\"og:image:type\" content=\"image\/jpeg\" \/>\n<meta name=\"twitter:card\" content=\"summary_large_image\" \/>\n<meta name=\"twitter:label1\" content=\"Gesch\u00e4tzte Lesezeit\" \/>\n\t<meta name=\"twitter:data1\" content=\"2\u00a0Minuten\" \/>\n<script type=\"application\/ld+json\" class=\"yoast-schema-graph\">{\"@context\":\"https:\/\/schema.org\",\"@graph\":[{\"@type\":\"WebPage\",\"@id\":\"https:\/\/www.proseccobelvedere.it\/de\/der-weinkellerei\/\",\"url\":\"https:\/\/www.proseccobelvedere.it\/de\/der-weinkellerei\/\",\"name\":\"Der Weinkellerei - Prosecco Belvedere\",\"isPartOf\":{\"@id\":\"https:\/\/www.proseccobelvedere.it\/it\/#website\"},\"datePublished\":\"2019-04-22T11:30:55+00:00\",\"dateModified\":\"2022-10-23T11:44:10+00:00\",\"breadcrumb\":{\"@id\":\"https:\/\/www.proseccobelvedere.it\/de\/der-weinkellerei\/#breadcrumb\"},\"inLanguage\":\"de\",\"potentialAction\":[{\"@type\":\"ReadAction\",\"target\":[\"https:\/\/www.proseccobelvedere.it\/de\/der-weinkellerei\/\"]}]},{\"@type\":\"BreadcrumbList\",\"@id\":\"https:\/\/www.proseccobelvedere.it\/de\/der-weinkellerei\/#breadcrumb\",\"itemListElement\":[{\"@type\":\"ListItem\",\"position\":1,\"name\":\"Home\",\"item\":\"https:\/\/www.proseccobelvedere.it\/de\/\"},{\"@type\":\"ListItem\",\"position\":2,\"name\":\"Der Weinkellerei\"}]},{\"@type\":\"WebSite\",\"@id\":\"https:\/\/www.proseccobelvedere.it\/it\/#website\",\"url\":\"https:\/\/www.proseccobelvedere.it\/it\/\",\"name\":\"Prosecco Belvedere\",\"description\":\"Prosecco DOC\",\"publisher\":{\"@id\":\"https:\/\/www.proseccobelvedere.it\/it\/#organization\"},\"potentialAction\":[{\"@type\":\"SearchAction\",\"target\":{\"@type\":\"EntryPoint\",\"urlTemplate\":\"https:\/\/www.proseccobelvedere.it\/it\/?s={search_term_string}\"},\"query-input\":\"required name=search_term_string\"}],\"inLanguage\":\"de\"},{\"@type\":\"Organization\",\"@id\":\"https:\/\/www.proseccobelvedere.it\/it\/#organization\",\"name\":\"Prosecco Belvedere\",\"url\":\"https:\/\/www.proseccobelvedere.it\/it\/\",\"logo\":{\"@type\":\"ImageObject\",\"inLanguage\":\"de\",\"@id\":\"https:\/\/www.proseccobelvedere.it\/it\/#\/schema\/logo\/image\/\",\"url\":\"https:\/\/www.proseccobelvedere.it\/wp-content\/uploads\/2022\/05\/cropped-logo_belvedere2.png\",\"contentUrl\":\"https:\/\/www.proseccobelvedere.it\/wp-content\/uploads\/2022\/05\/cropped-logo_belvedere2.png\",\"width\":324,\"height\":327,\"caption\":\"Prosecco Belvedere\"},\"image\":{\"@id\":\"https:\/\/www.proseccobelvedere.it\/it\/#\/schema\/logo\/image\/\"}}]}<\/script>\n<!-- \/ Yoast SEO plugin. -->","yoast_head_json":{"title":"Der Weinkellerei - Prosecco Belvedere","robots":{"index":"index","follow":"follow","max-snippet":"max-snippet:-1","max-image-preview":"max-image-preview:large","max-video-preview":"max-video-preview:-1"},"canonical":"https:\/\/www.proseccobelvedere.it\/de\/der-weinkellerei\/","og_locale":"de_DE","og_type":"article","og_title":"Der Weinkellerei - Prosecco Belvedere","og_description":"[vc_row full_width=&#8220;stretch_row&#8220; equal_height=&#8220;yes&#8220; css=&#8220;.vc_custom_1558527735460{padding-top: 7em !important;padding-right: 10% !important;padding-bottom: 7em !important;padding-left: 10% !important;background-color: #ffffff !important;}&#8220;][vc_column css=&#8220;.vc_custom_1559125340011{padding-right: 20% !important;padding-left: 20% !important;}&#8220; offset=&#8220;vc_col-lg-3&#8243;][\/vc_column][vc_column css=&#8220;.vc_custom_1648139216353{padding-top: 10% !important;padding-right: 10% !important;padding-bottom: 10% !important;padding-left: 10% !important;background-position: center !important;background-repeat: no-repeat !important;background-size: contain !important;}&#8220; offset=&#8220;vc_col-lg-6&#8243;][\/vc_column][vc_column css=&#8220;.vc_custom_1559125377375{padding-right: 10% !important;padding-left: 10% !important;}&#8220; offset=&#8220;vc_col-lg-3&#8243;][\/vc_column][\/vc_row][vc_row full_width=&#8220;stretch_row&#8220; el_class=&#8220;half-height-white-background&#8220; css=&#8220;.vc_custom_1648465175648{padding-bottom: 100px !important;}&#8220;][vc_column][\/vc_column][\/vc_row][vc_row full_width=&#8220;stretch_row&#8220; equal_height=&#8220;yes&#8220; css=&#8220;.vc_custom_1648465364599{padding-top: 7em !important;padding-right: 10% !important;padding-bottom: 7emRead More","og_url":"https:\/\/www.proseccobelvedere.it\/de\/der-weinkellerei\/","og_site_name":"Prosecco Belvedere","article_modified_time":"2022-10-23T11:44:10+00:00","og_image":[{"width":1800,"height":1000,"url":"https:\/\/www.proseccobelvedere.it\/wp-content\/uploads\/2022\/03\/header_cantina2.jpg","type":"image\/jpeg"}],"twitter_card":"summary_large_image","twitter_misc":{"Gesch\u00e4tzte Lesezeit":"2\u00a0Minuten"},"schema":{"@context":"https:\/\/schema.org","@graph":[{"@type":"WebPage","@id":"https:\/\/www.proseccobelvedere.it\/de\/der-weinkellerei\/","url":"https:\/\/www.proseccobelvedere.it\/de\/der-weinkellerei\/","name":"Der Weinkellerei - Prosecco Belvedere","isPartOf":{"@id":"https:\/\/www.proseccobelvedere.it\/it\/#website"},"datePublished":"2019-04-22T11:30:55+00:00","dateModified":"2022-10-23T11:44:10+00:00","breadcrumb":{"@id":"https:\/\/www.proseccobelvedere.it\/de\/der-weinkellerei\/#breadcrumb"},"inLanguage":"de","potentialAction":[{"@type":"ReadAction","target":["https:\/\/www.proseccobelvedere.it\/de\/der-weinkellerei\/"]}]},{"@type":"BreadcrumbList","@id":"https:\/\/www.proseccobelvedere.it\/de\/der-weinkellerei\/#breadcrumb","itemListElement":[{"@type":"ListItem","position":1,"name":"Home","item":"https:\/\/www.proseccobelvedere.it\/de\/"},{"@type":"ListItem","position":2,"name":"Der Weinkellerei"}]},{"@type":"WebSite","@id":"https:\/\/www.proseccobelvedere.it\/it\/#website","url":"https:\/\/www.proseccobelvedere.it\/it\/","name":"Prosecco Belvedere","description":"Prosecco DOC","publisher":{"@id":"https:\/\/www.proseccobelvedere.it\/it\/#organization"},"potentialAction":[{"@type":"SearchAction","target":{"@type":"EntryPoint","urlTemplate":"https:\/\/www.proseccobelvedere.it\/it\/?s={search_term_string}"},"query-input":"required name=search_term_string"}],"inLanguage":"de"},{"@type":"Organization","@id":"https:\/\/www.proseccobelvedere.it\/it\/#organization","name":"Prosecco Belvedere","url":"https:\/\/www.proseccobelvedere.it\/it\/","logo":{"@type":"ImageObject","inLanguage":"de","@id":"https:\/\/www.proseccobelvedere.it\/it\/#\/schema\/logo\/image\/","url":"https:\/\/www.proseccobelvedere.it\/wp-content\/uploads\/2022\/05\/cropped-logo_belvedere2.png","contentUrl":"https:\/\/www.proseccobelvedere.it\/wp-content\/uploads\/2022\/05\/cropped-logo_belvedere2.png","width":324,"height":327,"caption":"Prosecco Belvedere"},"image":{"@id":"https:\/\/www.proseccobelvedere.it\/it\/#\/schema\/logo\/image\/"}}]}},"_links":{"self":[{"href":"https:\/\/www.proseccobelvedere.it\/de\/wp-json\/wp\/v2\/pages\/4565","targetHints":{"allow":["GET"]}}],"collection":[{"href":"https:\/\/www.proseccobelvedere.it\/de\/wp-json\/wp\/v2\/pages"}],"about":[{"href":"https:\/\/www.proseccobelvedere.it\/de\/wp-json\/wp\/v2\/types\/page"}],"author":[{"embeddable":true,"href":"https:\/\/www.proseccobelvedere.it\/de\/wp-json\/wp\/v2\/users\/1"}],"replies":[{"embeddable":true,"href":"https:\/\/www.proseccobelvedere.it\/de\/wp-json\/wp\/v2\/comments?post=4565"}],"version-history":[{"count":5,"href":"https:\/\/www.proseccobelvedere.it\/de\/wp-json\/wp\/v2\/pages\/4565\/revisions"}],"predecessor-version":[{"id":4629,"href":"https:\/\/www.proseccobelvedere.it\/de\/wp-json\/wp\/v2\/pages\/4565\/revisions\/4629"}],"wp:featuredmedia":[{"embeddable":true,"href":"https:\/\/www.proseccobelvedere.it\/de\/wp-json\/wp\/v2\/media\/4356"}],"wp:attachment":[{"href":"https:\/\/www.proseccobelvedere.it\/de\/wp-json\/wp\/v2\/media?parent=4565"}],"curies":[{"name":"wp","href":"https:\/\/api.w.org\/{rel}","templated":true}]}}