{"id":4559,"date":"2019-05-05T11:22:27","date_gmt":"2019-05-05T09:22:27","guid":{"rendered":"https:\/\/www.proseccobelvedere.it\/das-territorium\/"},"modified":"2024-05-23T09:26:49","modified_gmt":"2024-05-23T07:26:49","slug":"das-territorium","status":"publish","type":"page","link":"https:\/\/www.proseccobelvedere.it\/de\/das-territorium\/","title":{"rendered":"Das Territorium"},"content":{"rendered":"<p>[vc_row full_width=&#8220;stretch_row&#8220; equal_height=&#8220;yes&#8220; css=&#8220;.vc_custom_1558527735460{padding-top: 7em !important;padding-right: 10% !important;padding-bottom: 7em !important;padding-left: 10% !important;background-color: #ffffff !important;}&#8220;][vc_column css=&#8220;.vc_custom_1559125340011{padding-right: 20% !important;padding-left: 20% !important;}&#8220; offset=&#8220;vc_col-lg-3&#8243;][\/vc_column][vc_column css=&#8220;.vc_custom_1648139216353{padding-top: 10% !important;padding-right: 10% !important;padding-bottom: 10% !important;padding-left: 10% !important;background-position: center !important;background-repeat: no-repeat !important;background-size: contain !important;}&#8220; offset=&#8220;vc_col-lg-6&#8243;]\n\t<div class=\"title-subtitle-box  \" style=\" text-align: left;\">\n\t\t<h1 style=\" font-style: normal;\" class=\"special-title\" >Das Prosecco DOC Anbaugebiet<\/h1>\n\t\t<span class=\"gg-horizontal-line\"  ><\/span>\n\t\t<div class=\"box-description\"><p>Die Weine des Prosecco Belvedere entstehen in einem Gebiet, das sich historisch f\u00fcr den Weinbau eignet, n\u00e4mlich in dem \u00fcberwiegend flachen Gebiet zwischen den Provinzen Treviso und Venedig. Die Landschaft hier ist mit Weinbergen bestickt und mit Weinkellereien \u00fcbers\u00e4t, die sich der Verbesserung und Erreichung hoher Qualit\u00e4tsstandards verschrieben haben und im Laufe der Jahre zum Prestige dieses Gebiets beigetragen haben, das zu einer Bezeichnung gef\u00fchrt hat, die weltweit zum Symbol f\u00fcr italienischen Schaumwein geworden ist: der Prosecco DOC.<\/p>\n<p>Hier konzentriert sich die Produktion des Prosecco Belvedere: Das Unternehmen hat sich n\u00e4mlich entschieden auf das Prosecco DOC zu setzen, weil er aus einem Gebiet mit einzigartigen Umweltbedingungen stammt und zu einem Botschafter f\u00fcr dieses Gebiet in der Welt geworden ist. Die Trauben f\u00fcr den Prosecco DOC stammen haupts\u00e4chlich von der Glera, einer autochthonen Rebsorte aus dem Nordosten Italiens, die schon seit der R\u00f6merzeit bekannt ist. Der Boden, auf dem die Reben des Prosecco Belvedere entlang der Achse des Flusses Piave wachsen, ist sediment\u00e4r-alluvialen Ursprungs und \u00fcberwiegend lehmig, kalkhaltig und kiesig.<\/p>\n<p>Das Prosecco DOC-Gebiet zu besuchen, hei\u00dft ein Kaleidoskop von Landschaften, Traditionen und D\u00f6rfern zu entdecken in denen Weinbau, Natur und Geschichte in Symbiose leben, von Venedig bis zu den Dolomiten.<\/p>\n<p>Ein Gef\u00fchl, das auch auf den G\u00fctern von Prosecco Belvedere zu sp\u00fcren ist, wo das Leitpfaden der Aktivit\u00e4ten des Unternehmens, vom Anbau bis zur Abf\u00fcllung, der Wunsch ist, ein Produkt zu f\u00f6rdern, das in der Lage ist, die tausend Nuancen eines weltweit einzigartigen Gebiets zum Ausdruck zu bringen.<\/p>\n<\/div>\n\t<\/div> [\/vc_column][vc_column css=&#8220;.vc_custom_1559125377375{padding-right: 10% !important;padding-left: 10% !important;}&#8220; offset=&#8220;vc_col-lg-3&#8243;][\/vc_column][\/vc_row][vc_row full_width=&#8220;stretch_row&#8220; el_class=&#8220;half-height-white-background&#8220;][vc_column]\n\t<div class=\"\">\n\t<div class=\"gg-media-carousel\">\n\t\t<div class=\"swiper-container\" data-uid=\"swiper-1926714962\"  data-slidesperview =\"auto\" data-slidespercolumn =\"1\" data-spacebetween =\"0\" data-initialslide =\"0\" data-direction =\"horizontal\" data-speed =\"300\" data-loop =\"true\" data-centeredslides =\"false\" data-effect =\"slide\" data-autoplay =\"\" data-paginationtype =\"bullets\"  >\n\t\t\t<div class=\"swiper-wrapper\"><div class=\"swiper-slide\"><img loading=\"lazy\" decoding=\"async\" width=\"1400\" height=\"700\" src=\"https:\/\/www.proseccobelvedere.it\/wp-content\/uploads\/2022\/05\/papaveri.jpg\" class=\"attachment-full\" alt=\"\" srcset=\"https:\/\/www.proseccobelvedere.it\/wp-content\/uploads\/2022\/05\/papaveri.jpg 1400w, https:\/\/www.proseccobelvedere.it\/wp-content\/uploads\/2022\/05\/papaveri-300x150.jpg 300w, https:\/\/www.proseccobelvedere.it\/wp-content\/uploads\/2022\/05\/papaveri-1024x512.jpg 1024w, https:\/\/www.proseccobelvedere.it\/wp-content\/uploads\/2022\/05\/papaveri-768x384.jpg 768w\" sizes=\"auto, (max-width: 1400px) 100vw, 1400px\" \/><\/div><div class=\"swiper-slide\"><img loading=\"lazy\" decoding=\"async\" width=\"1400\" height=\"700\" src=\"https:\/\/www.proseccobelvedere.it\/wp-content\/uploads\/2022\/03\/territorio02.jpg\" class=\"attachment-full\" alt=\"\" srcset=\"https:\/\/www.proseccobelvedere.it\/wp-content\/uploads\/2022\/03\/territorio02.jpg 1400w, https:\/\/www.proseccobelvedere.it\/wp-content\/uploads\/2022\/03\/territorio02-300x150.jpg 300w, https:\/\/www.proseccobelvedere.it\/wp-content\/uploads\/2022\/03\/territorio02-1024x512.jpg 1024w, https:\/\/www.proseccobelvedere.it\/wp-content\/uploads\/2022\/03\/territorio02-768x384.jpg 768w\" sizes=\"auto, (max-width: 1400px) 100vw, 1400px\" \/><\/div><div class=\"swiper-slide\"><img loading=\"lazy\" decoding=\"async\" width=\"1400\" height=\"700\" src=\"https:\/\/www.proseccobelvedere.it\/wp-content\/uploads\/2022\/03\/territorio04.jpg\" class=\"attachment-full\" alt=\"\" srcset=\"https:\/\/www.proseccobelvedere.it\/wp-content\/uploads\/2022\/03\/territorio04.jpg 1400w, https:\/\/www.proseccobelvedere.it\/wp-content\/uploads\/2022\/03\/territorio04-300x150.jpg 300w, https:\/\/www.proseccobelvedere.it\/wp-content\/uploads\/2022\/03\/territorio04-1024x512.jpg 1024w, https:\/\/www.proseccobelvedere.it\/wp-content\/uploads\/2022\/03\/territorio04-768x384.jpg 768w\" sizes=\"auto, (max-width: 1400px) 100vw, 1400px\" \/><\/div><div class=\"swiper-slide\"><img loading=\"lazy\" decoding=\"async\" width=\"1400\" height=\"700\" src=\"https:\/\/www.proseccobelvedere.it\/wp-content\/uploads\/2022\/03\/territorio01.jpg\" class=\"attachment-full\" alt=\"\" srcset=\"https:\/\/www.proseccobelvedere.it\/wp-content\/uploads\/2022\/03\/territorio01.jpg 1400w, https:\/\/www.proseccobelvedere.it\/wp-content\/uploads\/2022\/03\/territorio01-300x150.jpg 300w, https:\/\/www.proseccobelvedere.it\/wp-content\/uploads\/2022\/03\/territorio01-1024x512.jpg 1024w, https:\/\/www.proseccobelvedere.it\/wp-content\/uploads\/2022\/03\/territorio01-768x384.jpg 768w\" sizes=\"auto, (max-width: 1400px) 100vw, 1400px\" \/><\/div>\n\t\t\t<\/div>\n\t\t<\/div>\n\t\t<div id=\"pagination-swiper-1926714962\" class=\"swiper-pagination\"><\/div>\n\t\t<div class=\"media-button-container swiper-nav-container\">\n\t\t<div id=\"btn-next-swiper-1926714962\" class=\"swiper-nav-next\"><svg id=\"swiper-arrow-right\" viewBox=\"0 0 50 12\" width=\"100%\" height=\"100%\"><path fill-rule=\"evenodd\" d=\"M48.078 6.096H.008v.966h48.07l-4.254 4.255.683.683 5.541-5.538L44.507.924l-.683.683z\"><\/path><\/svg><\/div>\n\t\t<div id=\"btn-prev-swiper-1926714962\" class=\"swiper-nav-prev\"><svg id=\"swiper-arrow-left\" viewBox=\"0 0 50 12\" width=\"100%\" height=\"100%\"><path fill-rule=\"evenodd\" d=\"M1.922 5.904h48.07v-.966H1.922L6.176.683 5.493 0-.048 5.538l5.541 5.538.683-.683z\"><\/path><\/svg><\/div>\n\t\t<\/div>\n\t<\/div>\n\t<\/div>[\/vc_column][\/vc_row][vc_row css=&#8220;.vc_custom_1558468673987{padding-top: 7em !important;padding-bottom: 7em !important;}&#8220;][vc_column width=&#8220;1\/4&#8243;][\/vc_column][vc_column width=&#8220;1\/2&#8243;]\n\t<div class=\"title-subtitle-box  \" style=\" text-align: center;\">\n\t\t<h1 style=\" font-style: normal;\" class=\"special-title\" >Unsere Landg\u00fcter<\/h1>\n\t\t<span class=\"gg-horizontal-line\"  ><\/span>\n\t\t<div class=\"box-description\"><p style=\"text-align: center;\"><strong>Mehr als 100 Hektar Weinberge verteilt auf verschiedene Lagen in der Provinz Treviso,<\/strong><strong>an der Grenze zur Provinz Venedig.<\/strong><\/p>\n<p style=\"text-align: center;\">Das ist das weinbauliche Erbe von Prosecco Belvedere, das nach den Grunds\u00e4tzen der landwirtschaftlichen Landschaftspflege mit W\u00e4ldern und Hecken und unter Einbeziehung der \u00f6rtlichen Gemeinden bewirtschaftet wird.<\/p>\n<p>In diesen Gebieten k\u00f6nnen Sie eine noch nie dagewesene und authentische Seite von Venetien kennen lernen, sowohl was den Weinbau und die Weinproduktion als auch was die naturwissenschaftlichen und soziokulturellen Aspekte betrifft. Die Grundst\u00fccke sind historisch in diesem Gebiet angesiedelt und ein Ausdruck davon.<\/p>\n<\/div>\n\t<\/div> [\/vc_column][vc_column width=&#8220;1\/4&#8243;][\/vc_column][\/vc_row][vc_row full_width=&#8220;stretch_row&#8220; el_class=&#8220;half-height-black-background bottom&#8220; css=&#8220;.vc_custom_1648462345142{padding-top: 100px !important;padding-bottom: 100px !important;background-color: #ffffff !important;}&#8220;][vc_column][vc_row_inner equal_height=&#8220;yes&#8220; content_placement=&#8220;middle&#8220;][vc_column_inner width=&#8220;1\/2&#8243;]\n\t<div class=\"title-subtitle-box  vc_custom_1648633217598\" style=\" text-align: left;\">\n\t\t<h3 style=\" font-style: normal;\" class=\"special-title\" >\n\t\t<span style=\"\">Bereich<\/span>Merkmale des Territoriums<\/h3>\n\t\t<div class=\"box-description\"><p>In Venetien zwischen den Provinzen Treviso und Venedig.<\/p>\n<\/div>\n\t<\/div> <div class=\"gg-horizontal-list \"><p class=\"subtitle\"><\/p><dl class=\"dl-flex\">\n\t<dt >Region<\/dt>\n\t<dd >Venetien - Italien<\/dd>\n\t<dt >H\u00f6he<\/dt>\n\t<dd >30 m \u00fcber dem Meeresspiegel<\/dd>\n\t<dt >Breite<\/dt>\n\t<dd >45\u00b041\u203255\u2033N<\/dd>\n\t<dt >L\u00e4ngengrad<\/dt>\n\t<dd >12\u00b027\u203226\u2033E<\/dd>\n\t<dt >Reben<\/dt>\n\t<dd >Glera, Pinot Noir, Chardonnay<\/dd>\n\t<dt >Boden<\/dt>\n\t<dd >Lehmig, stellenweise auch kiesig<\/dd>\n\t<dt >Klima<\/dt>\n\t<dd >Warm und gem\u00e4\u00dfigt<\/dd><\/dl><\/div>[\/vc_column_inner][vc_column_inner width=&#8220;1\/2&#8243;][vc_single_image image=&#8220;4036&#8243; img_size=&#8220;full&#8220; css=&#8220;.vc_custom_1648632920877{margin-bottom: 0px !important;padding-top: 5% !important;padding-right: 5% !important;padding-bottom: 5% !important;padding-left: 5% !important;}&#8220;][\/vc_column_inner][\/vc_row_inner][\/vc_column][\/vc_row][vc_section full_width=&#8220;stretch_row&#8220; el_class=&#8220;half-height-white-background&#8220; css=&#8220;.vc_custom_1558000606927{padding-top: 7em !important;background-color: #000000 !important;}&#8220;][vc_row][vc_column]\n\t<div class=\"title-subtitle-box  \" style=\" text-align: left;\">\n\t\t<h1 style=\" color:#ffffff;  font-style: normal;\" class=\"special-title\" >Finde mehr heraus<\/h1>\n\t\t<span class=\"gg-horizontal-line\"  ><\/span>\n\t<\/div> [\/vc_column][\/vc_row][vc_row full_width=&#8220;stretch_row&#8220; css=&#8220;.vc_custom_1558089576885{margin-top: 6em !important;margin-bottom: 7em !important;}&#8220;][vc_column width=&#8220;1\/4&#8243;]\n\t<div class=\"counter-wrapper  text-align-left  \">\n\t\t\t<div class=\"counter-content\">\n\t\t\t<div class=\"counter-number\">\n\t\t\t\t<span style=\" font-size:60px; color:#ffffff;\" class=\"counter\" data-number=\"200\" data-interval=\"100\" data-speed=\"1500\">200<\/span>\n\t\t\t\t\n\t\t\t\t<\/div>\n\t\t\t\t<span class=\"counter-title\" >Hektar<\/span>\n\t\t\t<\/div>\n\t<\/div> [\/vc_column][vc_column width=&#8220;1\/4&#8243;]\n\t<div class=\"counter-wrapper  text-align-left  \">\n\t\t\t<div class=\"counter-content\">\n\t\t\t<div class=\"counter-number\">\n\t\t\t\t<span style=\" font-size:60px; color:#ffffff;\" class=\"counter\" data-number=\"15\" data-interval=\"100\" data-speed=\"1500\">15<\/span>\n\t\t\t\t<span class=\"number-suffix\">tausend Flaschen<\/span>\n\t\t\t\t<\/div>\n\t\t\t\t<span class=\"counter-title\" >Hektar<\/span>\n\t\t\t<\/div>\n\t<\/div> [\/vc_column][vc_column width=&#8220;1\/4&#8243;]\n\t<div class=\"counter-wrapper  text-align-left  \">\n\t\t\t<div class=\"counter-content\">\n\t\t\t<div class=\"counter-number\">\n\t\t\t\t<span style=\" font-size:60px; color:#ffffff;\" class=\"counter\" data-number=\"180\" data-interval=\"100\" data-speed=\"1500\">180<\/span>\n\t\t\t\t<span class=\"number-suffix\">Ql<\/span>\n\t\t\t\t<\/div>\n\t\t\t\t<span class=\"counter-title\" >Ertrag pro Hektar<\/span>\n\t\t\t<\/div>\n\t<\/div> [\/vc_column][vc_column width=&#8220;1\/4&#8243;]\n\t<div class=\"counter-wrapper  text-align-left  \">\n\t\t\t<div class=\"counter-content\">\n\t\t\t<div class=\"counter-number\">\n\t\t\t\t<span style=\" font-size:60px; color:#ffffff;\" class=\"counter\" data-number=\"2800\" data-interval=\"100\" data-speed=\"1500\">2800<\/span>\n\t\t\t\t\n\t\t\t\t<\/div>\n\t\t\t\t<span class=\"counter-title\" >St\u00fcmpfe pro Hektar<\/span>\n\t\t\t<\/div>\n\t<\/div> [\/vc_column][\/vc_row][\/vc_section]<\/p>\n","protected":false},"excerpt":{"rendered":"<p>[vc_row full_width=&#8220;stretch_row&#8220; equal_height=&#8220;yes&#8220; css=&#8220;.vc_custom_1558527735460{padding-top: 7em !important;padding-right: 10% !important;padding-bottom: 7em !important;padding-left: 10% !important;background-color: #ffffff !important;}&#8220;][vc_column css=&#8220;.vc_custom_1559125340011{padding-right: 20% !important;padding-left: 20% !important;}&#8220; offset=&#8220;vc_col-lg-3&#8243;][\/vc_column][vc_column css=&#8220;.vc_custom_1648139216353{padding-top: 10% !important;padding-right: 10% !important;padding-bottom: 10% !important;padding-left: 10% !important;background-position: center !important;background-repeat: no-repeat !important;background-size: contain !important;}&#8220; offset=&#8220;vc_col-lg-6&#8243;][\/vc_column][vc_column css=&#8220;.vc_custom_1559125377375{padding-right: 10% !important;padding-left: 10% !important;}&#8220; offset=&#8220;vc_col-lg-3&#8243;][\/vc_column][\/vc_row][vc_row full_width=&#8220;stretch_row&#8220; el_class=&#8220;half-height-white-background&#8220;][vc_column][\/vc_column][\/vc_row][vc_row css=&#8220;.vc_custom_1558468673987{padding-top: 7em !important;padding-bottom: 7em !important;}&#8220;][vc_column width=&#8220;1\/4&#8243;][\/vc_column][vc_column width=&#8220;1\/2&#8243;][\/vc_column][vc_column width=&#8220;1\/4&#8243;][\/vc_column][\/vc_row][vc_row full_width=&#8220;stretch_row&#8220; el_class=&#8220;half-height-black-background bottom&#8220;<\/p>\n<p class=\"more-link-wrapper\"><a class=\"btn btn-primary\" href=\"https:\/\/www.proseccobelvedere.it\/de\/das-territorium\/\">Read More<\/a><\/p>\n","protected":false},"author":1,"featured_media":4398,"parent":0,"menu_order":0,"comment_status":"closed","ping_status":"closed","template":"","meta":{"inline_featured_image":false,"footnotes":""},"class_list":["post-4559","page","type-page","status-publish","has-post-thumbnail","hentry","has_thumb"],"yoast_head":"<!-- This site is optimized with the Yoast SEO plugin v19.9 - https:\/\/yoast.com\/wordpress\/plugins\/seo\/ -->\n<title>Das Territorium - Prosecco Belvedere<\/title>\n<meta name=\"robots\" content=\"index, follow, max-snippet:-1, max-image-preview:large, max-video-preview:-1\" \/>\n<link rel=\"canonical\" href=\"https:\/\/www.proseccobelvedere.it\/de\/das-territorium\/\" \/>\n<meta property=\"og:locale\" content=\"de_DE\" \/>\n<meta property=\"og:type\" content=\"article\" \/>\n<meta property=\"og:title\" content=\"Das Territorium - Prosecco Belvedere\" \/>\n<meta property=\"og:description\" content=\"[vc_row full_width=&#8220;stretch_row&#8220; equal_height=&#8220;yes&#8220; css=&#8220;.vc_custom_1558527735460{padding-top: 7em !important;padding-right: 10% !important;padding-bottom: 7em !important;padding-left: 10% !important;background-color: #ffffff !important;}&#8220;][vc_column css=&#8220;.vc_custom_1559125340011{padding-right: 20% !important;padding-left: 20% !important;}&#8220; offset=&#8220;vc_col-lg-3&#8243;][\/vc_column][vc_column css=&#8220;.vc_custom_1648139216353{padding-top: 10% !important;padding-right: 10% !important;padding-bottom: 10% !important;padding-left: 10% !important;background-position: center !important;background-repeat: no-repeat !important;background-size: contain !important;}&#8220; offset=&#8220;vc_col-lg-6&#8243;][\/vc_column][vc_column css=&#8220;.vc_custom_1559125377375{padding-right: 10% !important;padding-left: 10% !important;}&#8220; offset=&#8220;vc_col-lg-3&#8243;][\/vc_column][\/vc_row][vc_row full_width=&#8220;stretch_row&#8220; el_class=&#8220;half-height-white-background&#8220;][vc_column][\/vc_column][\/vc_row][vc_row css=&#8220;.vc_custom_1558468673987{padding-top: 7em !important;padding-bottom: 7em !important;}&#8220;][vc_column width=&#8220;1\/4&#8243;][\/vc_column][vc_column width=&#8220;1\/2&#8243;][\/vc_column][vc_column width=&#8220;1\/4&#8243;][\/vc_column][\/vc_row][vc_row full_width=&#8220;stretch_row&#8220; el_class=&#8220;half-height-black-background bottom&#8220;Read More\" \/>\n<meta property=\"og:url\" content=\"https:\/\/www.proseccobelvedere.it\/de\/das-territorium\/\" \/>\n<meta property=\"og:site_name\" content=\"Prosecco Belvedere\" \/>\n<meta property=\"article:modified_time\" content=\"2024-05-23T07:26:49+00:00\" \/>\n<meta property=\"og:image\" content=\"https:\/\/www.proseccobelvedere.it\/wp-content\/uploads\/2022\/05\/header_territorio3_bis.jpg\" \/>\n\t<meta property=\"og:image:width\" content=\"1800\" \/>\n\t<meta property=\"og:image:height\" content=\"1000\" \/>\n\t<meta property=\"og:image:type\" content=\"image\/jpeg\" \/>\n<meta name=\"twitter:card\" content=\"summary_large_image\" \/>\n<meta name=\"twitter:label1\" content=\"Gesch\u00e4tzte Lesezeit\" \/>\n\t<meta name=\"twitter:data1\" content=\"4\u00a0Minuten\" \/>\n<script type=\"application\/ld+json\" class=\"yoast-schema-graph\">{\"@context\":\"https:\/\/schema.org\",\"@graph\":[{\"@type\":\"WebPage\",\"@id\":\"https:\/\/www.proseccobelvedere.it\/de\/das-territorium\/\",\"url\":\"https:\/\/www.proseccobelvedere.it\/de\/das-territorium\/\",\"name\":\"Das Territorium - Prosecco Belvedere\",\"isPartOf\":{\"@id\":\"https:\/\/www.proseccobelvedere.it\/it\/#website\"},\"datePublished\":\"2019-05-05T09:22:27+00:00\",\"dateModified\":\"2024-05-23T07:26:49+00:00\",\"breadcrumb\":{\"@id\":\"https:\/\/www.proseccobelvedere.it\/de\/das-territorium\/#breadcrumb\"},\"inLanguage\":\"de\",\"potentialAction\":[{\"@type\":\"ReadAction\",\"target\":[\"https:\/\/www.proseccobelvedere.it\/de\/das-territorium\/\"]}]},{\"@type\":\"BreadcrumbList\",\"@id\":\"https:\/\/www.proseccobelvedere.it\/de\/das-territorium\/#breadcrumb\",\"itemListElement\":[{\"@type\":\"ListItem\",\"position\":1,\"name\":\"Home\",\"item\":\"https:\/\/www.proseccobelvedere.it\/de\/\"},{\"@type\":\"ListItem\",\"position\":2,\"name\":\"Das Territorium\"}]},{\"@type\":\"WebSite\",\"@id\":\"https:\/\/www.proseccobelvedere.it\/it\/#website\",\"url\":\"https:\/\/www.proseccobelvedere.it\/it\/\",\"name\":\"Prosecco Belvedere\",\"description\":\"Prosecco DOC\",\"publisher\":{\"@id\":\"https:\/\/www.proseccobelvedere.it\/it\/#organization\"},\"potentialAction\":[{\"@type\":\"SearchAction\",\"target\":{\"@type\":\"EntryPoint\",\"urlTemplate\":\"https:\/\/www.proseccobelvedere.it\/it\/?s={search_term_string}\"},\"query-input\":\"required name=search_term_string\"}],\"inLanguage\":\"de\"},{\"@type\":\"Organization\",\"@id\":\"https:\/\/www.proseccobelvedere.it\/it\/#organization\",\"name\":\"Prosecco Belvedere\",\"url\":\"https:\/\/www.proseccobelvedere.it\/it\/\",\"logo\":{\"@type\":\"ImageObject\",\"inLanguage\":\"de\",\"@id\":\"https:\/\/www.proseccobelvedere.it\/it\/#\/schema\/logo\/image\/\",\"url\":\"https:\/\/www.proseccobelvedere.it\/wp-content\/uploads\/2022\/05\/cropped-logo_belvedere2.png\",\"contentUrl\":\"https:\/\/www.proseccobelvedere.it\/wp-content\/uploads\/2022\/05\/cropped-logo_belvedere2.png\",\"width\":324,\"height\":327,\"caption\":\"Prosecco Belvedere\"},\"image\":{\"@id\":\"https:\/\/www.proseccobelvedere.it\/it\/#\/schema\/logo\/image\/\"}}]}<\/script>\n<!-- \/ Yoast SEO plugin. -->","yoast_head_json":{"title":"Das Territorium - Prosecco Belvedere","robots":{"index":"index","follow":"follow","max-snippet":"max-snippet:-1","max-image-preview":"max-image-preview:large","max-video-preview":"max-video-preview:-1"},"canonical":"https:\/\/www.proseccobelvedere.it\/de\/das-territorium\/","og_locale":"de_DE","og_type":"article","og_title":"Das Territorium - Prosecco Belvedere","og_description":"[vc_row full_width=&#8220;stretch_row&#8220; equal_height=&#8220;yes&#8220; css=&#8220;.vc_custom_1558527735460{padding-top: 7em !important;padding-right: 10% !important;padding-bottom: 7em !important;padding-left: 10% !important;background-color: #ffffff !important;}&#8220;][vc_column css=&#8220;.vc_custom_1559125340011{padding-right: 20% !important;padding-left: 20% !important;}&#8220; offset=&#8220;vc_col-lg-3&#8243;][\/vc_column][vc_column css=&#8220;.vc_custom_1648139216353{padding-top: 10% !important;padding-right: 10% !important;padding-bottom: 10% !important;padding-left: 10% !important;background-position: center !important;background-repeat: no-repeat !important;background-size: contain !important;}&#8220; offset=&#8220;vc_col-lg-6&#8243;][\/vc_column][vc_column css=&#8220;.vc_custom_1559125377375{padding-right: 10% !important;padding-left: 10% !important;}&#8220; offset=&#8220;vc_col-lg-3&#8243;][\/vc_column][\/vc_row][vc_row full_width=&#8220;stretch_row&#8220; el_class=&#8220;half-height-white-background&#8220;][vc_column][\/vc_column][\/vc_row][vc_row css=&#8220;.vc_custom_1558468673987{padding-top: 7em !important;padding-bottom: 7em !important;}&#8220;][vc_column width=&#8220;1\/4&#8243;][\/vc_column][vc_column width=&#8220;1\/2&#8243;][\/vc_column][vc_column width=&#8220;1\/4&#8243;][\/vc_column][\/vc_row][vc_row full_width=&#8220;stretch_row&#8220; el_class=&#8220;half-height-black-background bottom&#8220;Read More","og_url":"https:\/\/www.proseccobelvedere.it\/de\/das-territorium\/","og_site_name":"Prosecco Belvedere","article_modified_time":"2024-05-23T07:26:49+00:00","og_image":[{"width":1800,"height":1000,"url":"https:\/\/www.proseccobelvedere.it\/wp-content\/uploads\/2022\/05\/header_territorio3_bis.jpg","type":"image\/jpeg"}],"twitter_card":"summary_large_image","twitter_misc":{"Gesch\u00e4tzte Lesezeit":"4\u00a0Minuten"},"schema":{"@context":"https:\/\/schema.org","@graph":[{"@type":"WebPage","@id":"https:\/\/www.proseccobelvedere.it\/de\/das-territorium\/","url":"https:\/\/www.proseccobelvedere.it\/de\/das-territorium\/","name":"Das Territorium - Prosecco Belvedere","isPartOf":{"@id":"https:\/\/www.proseccobelvedere.it\/it\/#website"},"datePublished":"2019-05-05T09:22:27+00:00","dateModified":"2024-05-23T07:26:49+00:00","breadcrumb":{"@id":"https:\/\/www.proseccobelvedere.it\/de\/das-territorium\/#breadcrumb"},"inLanguage":"de","potentialAction":[{"@type":"ReadAction","target":["https:\/\/www.proseccobelvedere.it\/de\/das-territorium\/"]}]},{"@type":"BreadcrumbList","@id":"https:\/\/www.proseccobelvedere.it\/de\/das-territorium\/#breadcrumb","itemListElement":[{"@type":"ListItem","position":1,"name":"Home","item":"https:\/\/www.proseccobelvedere.it\/de\/"},{"@type":"ListItem","position":2,"name":"Das Territorium"}]},{"@type":"WebSite","@id":"https:\/\/www.proseccobelvedere.it\/it\/#website","url":"https:\/\/www.proseccobelvedere.it\/it\/","name":"Prosecco Belvedere","description":"Prosecco DOC","publisher":{"@id":"https:\/\/www.proseccobelvedere.it\/it\/#organization"},"potentialAction":[{"@type":"SearchAction","target":{"@type":"EntryPoint","urlTemplate":"https:\/\/www.proseccobelvedere.it\/it\/?s={search_term_string}"},"query-input":"required name=search_term_string"}],"inLanguage":"de"},{"@type":"Organization","@id":"https:\/\/www.proseccobelvedere.it\/it\/#organization","name":"Prosecco Belvedere","url":"https:\/\/www.proseccobelvedere.it\/it\/","logo":{"@type":"ImageObject","inLanguage":"de","@id":"https:\/\/www.proseccobelvedere.it\/it\/#\/schema\/logo\/image\/","url":"https:\/\/www.proseccobelvedere.it\/wp-content\/uploads\/2022\/05\/cropped-logo_belvedere2.png","contentUrl":"https:\/\/www.proseccobelvedere.it\/wp-content\/uploads\/2022\/05\/cropped-logo_belvedere2.png","width":324,"height":327,"caption":"Prosecco Belvedere"},"image":{"@id":"https:\/\/www.proseccobelvedere.it\/it\/#\/schema\/logo\/image\/"}}]}},"_links":{"self":[{"href":"https:\/\/www.proseccobelvedere.it\/de\/wp-json\/wp\/v2\/pages\/4559","targetHints":{"allow":["GET"]}}],"collection":[{"href":"https:\/\/www.proseccobelvedere.it\/de\/wp-json\/wp\/v2\/pages"}],"about":[{"href":"https:\/\/www.proseccobelvedere.it\/de\/wp-json\/wp\/v2\/types\/page"}],"author":[{"embeddable":true,"href":"https:\/\/www.proseccobelvedere.it\/de\/wp-json\/wp\/v2\/users\/1"}],"replies":[{"embeddable":true,"href":"https:\/\/www.proseccobelvedere.it\/de\/wp-json\/wp\/v2\/comments?post=4559"}],"version-history":[{"count":8,"href":"https:\/\/www.proseccobelvedere.it\/de\/wp-json\/wp\/v2\/pages\/4559\/revisions"}],"predecessor-version":[{"id":4765,"href":"https:\/\/www.proseccobelvedere.it\/de\/wp-json\/wp\/v2\/pages\/4559\/revisions\/4765"}],"wp:featuredmedia":[{"embeddable":true,"href":"https:\/\/www.proseccobelvedere.it\/de\/wp-json\/wp\/v2\/media\/4398"}],"wp:attachment":[{"href":"https:\/\/www.proseccobelvedere.it\/de\/wp-json\/wp\/v2\/media?parent=4559"}],"curies":[{"name":"wp","href":"https:\/\/api.w.org\/{rel}","templated":true}]}}