{"id":4436,"date":"2019-04-23T11:46:03","date_gmt":"2019-04-23T09:46:03","guid":{"rendered":"https:\/\/www.proseccobelvedere.it\/homepage\/"},"modified":"2025-06-12T10:57:20","modified_gmt":"2025-06-12T08:57:20","slug":"homepage","status":"publish","type":"page","link":"https:\/\/www.proseccobelvedere.it\/de\/","title":{"rendered":"Homepage"},"content":{"rendered":"<p>[vc_row full_width=&#8220;stretch_row&#8220; css=&#8220;.vc_custom_1648051504203{padding-top: 3em !important;padding-bottom: 10em !important;background-color: #000000 !important;}&#8220;][vc_column][vc_row_inner equal_height=&#8220;yes&#8220; content_placement=&#8220;middle&#8220; css=&#8220;.vc_custom_1556093058576{padding-top: 8em !important;}&#8220;][vc_column_inner width=&#8220;1\/2&#8243;][vc_single_image image=&#8220;3866&#8243; img_size=&#8220;full&#8220; css=&#8220;.vc_custom_1648026426935{margin-bottom: 0px !important;}&#8220;][\/vc_column_inner][vc_column_inner width=&#8220;1\/2&#8243; css=&#8220;.vc_custom_1556093129663{padding: 15% !important;background-color: #ffffff !important;}&#8220;]\n\t<div class=\"title-subtitle-box  \" style=\" text-align: left;\">\n\t\t<h1 style=\" font-style: normal;\" class=\"special-title\" >\n\t\t<span style=\"\">ORTE DER GESCHICHTE<\/span>Hemingway und die Tage am Piave<\/h1>\n\t\t<span class=\"gg-horizontal-line\"  ><\/span>\n\t\t<div class=\"box-description\"><p>Ernesto und Ernest.<br \/>\nDie Namensgleichheit zwischen dem jungen Gr\u00fcnder von Prosecco Belvedere und dem ber\u00fchmten amerikanischen Schriftsteller und Journalisten ist keineswegs zuf\u00e4llig. Der Name &#8222;Ernesto&#8220; ist seit drei Generationen unter den Nachfolgern jenes ersten Ernesto pr\u00e4sent, der w\u00e4hrend des Ersten Weltkriegs Hemingway am Ufer des Piave traf.<\/p>\n<p>&nbsp;<\/p>\n<\/div><div class=\"gg-special-button-wrapper  special-button-align-left special-button-style-btn-primary\"><a class=\"btn btn-primary\" href=\"https:\/\/www.proseccobelvedere.it\/de\/die-urspruenge\/\" title=\"Weiterlesen\" target=\"_self\">Weiterlesen<\/a><\/div>\n\t<\/div> [\/vc_column_inner][\/vc_row_inner][\/vc_column][\/vc_row][vc_row full_width=&#8220;stretch_row&#8220; css=&#8220;.vc_custom_1559052646917{padding-top: 7em !important;}&#8220;][vc_column][vc_row_inner][vc_column_inner width=&#8220;1\/4&#8243;][\/vc_column_inner][vc_column_inner width=&#8220;1\/2&#8243;]\n\t<div class=\"title-subtitle-box  vc_custom_1653051887979\" style=\" text-align: center;\">\n\t\t<h1 style=\" font-style: normal;\" class=\"special-title\" >\n\t\t<span style=\"\">Entdecken<\/span>Unsere Weine<\/h1>\n\t\t<span class=\"gg-horizontal-line\"  ><\/span>\n\t<\/div> [\/vc_column_inner][vc_column_inner width=&#8220;1\/4&#8243;][\/vc_column_inner][\/vc_row_inner]\n\t<div class=\"product-presentation \">\n\t\t<div class=\"swiper-container product-presentation-container\" data-uid=\"swiper-372141512\"  >\n\t\t\t<div class=\"swiper-wrapper\"><div class=\"swiper-slide swiper-no-swiping\" data-title=\" Prosecco Doc Brut\"\"><div class=\"presentation-box product-pres-img\"> <img decoding=\"async\" class=\"wp-post-image \" src=\"https:\/\/www.proseccobelvedere.it\/wp-content\/uploads\/2022\/03\/Belvedere_Prosecco_Brut.jpg\" alt=\"\" \/> <\/div><div class=\"presentation-box product-pres-data\"><h4>Prosecco Doc Brut<\/h4><ul class=\"product-pres-data-list\"><li><span>Organoleptische Noten<\/span>Leuchtendes Strohgelb. Feine und anhaltende Blasenbildung. \nF\u00fcr den Geruchssinn scheint es blumige Ankl\u00e4nge zu haben und fruchtige dufte von Apfel, Birne und Zitrusfr\u00fcchten.\nIm Mund schenkt er angenehme Empfindungen von Frische und Saftigkeit und hinterl\u00e4sst einen cremigen und sauberen Gaumen.<\/li><li><span>Weinbegleitung<\/span>Zu leichten ersten G\u00e4ngen, wei\u00dfem Fleisch oder Zubereitungen auf Fisch Basis. \nHervorragend zu Maltagliati mit Tintenfisch-Julienne.\nEr kann auch w\u00e4hrend einer gesamten Mahlzeit genossen werden.<\/li><\/ul><div class=\"gg-special-button-wrapper  special-button-align-left special-button-style-btn-primary\"><a class=\"btn btn-primary\" href=\"https:\/\/www.proseccobelvedere.it\/de\/product\/prosecco-brut-belvedere\/\" title=\"Entdecken Sie den Wein\" target=\"_self\">Entdecken Sie den Wein<\/a><\/div><\/div><\/div><div class=\"swiper-slide swiper-no-swiping\" data-title=\" Prosecco Doc Extra Dry\"\"><div class=\"presentation-box product-pres-img\"> <img decoding=\"async\" class=\"wp-post-image \" src=\"https:\/\/www.proseccobelvedere.it\/wp-content\/uploads\/2019\/03\/Belvedere_Prosecco_extra_dry.jpg\" alt=\"\" \/> <\/div><div class=\"presentation-box product-pres-data\"><h4>Prosecco Doc Extra Dry<\/h4><ul class=\"product-pres-data-list\"><li><span>Organoleptische Noten<\/span>Intensives Strohgelb, mit feiner, dichter Perlage. In der Nase zeigt er sch\u00f6ne Noten von wei\u00dffleischige Fruchte, Heu, Vanillebutter und Hefen.\nAm Gaumen ist er harmonisch, weich, angenehm ausgewogen und zeichnet sich durch eine Weichheit aus, die seine Z\u00fcge bis zu einem gut gereinigten Abgang umrei\u00dft.<\/li><li><span>Weinbegleitung<\/span>Ausgezeichnet als Aperitif, serviert mit Gem\u00fcse im Teig, Frittierte Speisen und K\u00e4se, sowie mit ausgezeichneten kalten Nudelgerichten, die mit den besten \"Fr\u00fcchte der Saison\u201c abgeschmeckt sind. Hervorragend kombiniert mit rohem Fisch wie Austern, Tr\u00fcffel und Scampi.<\/li><\/ul><div class=\"gg-special-button-wrapper  special-button-align-left special-button-style-btn-primary\"><a class=\"btn btn-primary\" href=\"https:\/\/www.proseccobelvedere.it\/de\/product\/prosecco-docextra-dry\/\" title=\"Entdecken Sie den Wein\" target=\"_self\">Entdecken Sie den Wein<\/a><\/div><\/div><\/div><div class=\"swiper-slide swiper-no-swiping\" data-title=\" Prosecco Doc Ros\u00e8 Extra Dry\"\"><div class=\"presentation-box product-pres-img\"> <img decoding=\"async\" class=\"wp-post-image \" src=\"https:\/\/www.proseccobelvedere.it\/wp-content\/uploads\/2022\/03\/Belvedere_Prosecco_rose_doc.jpg\" alt=\"\" \/> <\/div><div class=\"presentation-box product-pres-data\"><h4>Prosecco Doc Ros\u00e8 Extra Dry<\/h4><ul class=\"product-pres-data-list\"><li><span>Organoleptische Noten<\/span>Elegantes Hellrosa, sehr feine und anhaltende Perlage.\nNoten von Rosen, frischen Waldfr\u00fcchten und Walderdbeeren.\nGute Struktur, ausgewogen und schmackhaft, angenehm und harmonisch am Gaumen.<\/li><li><span>Weinbegleitung<\/span>F\u00fcr die gesamte Mahlzeit. Als eleganter Begleiter zu Fisch- und Krustentier-Gerichte. F\u00fcr eine \"besondere\" Kombination, probieren Sie es mit Gem\u00fcsecouscous und sautierten Garnelen.<\/li><\/ul><div class=\"gg-special-button-wrapper  special-button-align-left special-button-style-btn-primary\"><a class=\"btn btn-primary\" href=\"https:\/\/www.proseccobelvedere.it\/de\/product\/prosecco-rose-docextra-dry\/\" title=\"Entdecken Sie den Wein\" target=\"_self\">Entdecken Sie den Wein<\/a><\/div><\/div><\/div>\n\t\t\t<\/div>\n\t\t<\/div><div class=\"presentation-pagination-container swiper-pagination-container\"><\/div>\n\t\t<div class=\"presentation-button-container swiper-nav-container\">\n\t\t<div id=\"btn-next-swiper-372141512\" class=\"swiper-nav-next\"><svg id=\"swiper-arrow-right\" viewBox=\"0 0 50 12\" width=\"100%\" height=\"100%\"><path fill-rule=\"evenodd\" d=\"M48.078 6.096H.008v.966h48.07l-4.254 4.255.683.683 5.541-5.538L44.507.924l-.683.683z\"><\/path><\/svg><\/div>\n\t\t<div id=\"btn-prev-swiper-372141512\" class=\"swiper-nav-prev\"><svg id=\"swiper-arrow-left\" viewBox=\"0 0 50 12\" width=\"100%\" height=\"100%\"><path fill-rule=\"evenodd\" d=\"M1.922 5.904h48.07v-.966H1.922L6.176.683 5.493 0-.048 5.538l5.541 5.538.683-.683z\"><\/path><\/svg><\/div>\n\t\t<\/div>\n\t<\/div>[\/vc_column][\/vc_row][vc_row full_width=&#8220;stretch_row&#8220; css=&#8220;.vc_custom_1648029478954{margin-top: 14em !important;padding-bottom: 14em !important;background-image: url(https:\/\/www.proseccobelvedere.it\/wp-content\/uploads\/2022\/03\/territorio_home.jpg?id=3882) !important;background-position: center !important;background-repeat: no-repeat !important;background-size: cover !important;}&#8220; el_class=&#8220;no-overflow&#8220;][vc_column][vc_row_inner content_placement=&#8220;top&#8220;][vc_column_inner width=&#8220;1\/2&#8243; css=&#8220;.vc_custom_1556101439033{margin-top: -7em !important;padding-top: 15% !important;padding-right: 15% !important;padding-bottom: 15% !important;padding-left: 15% !important;background-color: #ffffff !important;}&#8220;]\n\t<div class=\"title-subtitle-box  \" style=\" text-align: left;\">\n\t\t<h1 style=\" font-style: normal;\" class=\"special-title\" >\n\t\t<span style=\"\">Das Territorium<\/span>Das Prosecco DOC Anbaugebiet<\/h1>\n\t\t<span class=\"gg-horizontal-line\"  ><\/span>\n\t\t<div class=\"box-description\"><p>Die Weine des Prosecco Belvedere entstehen in einem Gebiet, das sich historisch f\u00fcr den Weinbau eignet, n\u00e4mlich in dem \u00fcberwiegend flachen Gebiet zwischen den Provinzen Treviso und Venedig. Die Landschaft hier ist mit Weinbergen bestickt und mit Weinkellereien \u00fcbers\u00e4t, die sich der Verbesserung und Erreichung hoher Qualit\u00e4tsstandards verschrieben haben und im Laufe der Jahre zum Prestige dieses Gebiets beigetragen haben, das zu einer Bezeichnung gef\u00fchrt hat, die weltweit zum Symbol f\u00fcr italienischen Schaumwein geworden ist: der Prosecco DOC.<\/p>\n<p>&nbsp;<\/p>\n<p>&nbsp;<\/p>\n<\/div><div class=\"gg-special-button-wrapper  special-button-align-left special-button-style-btn-primary\"><a class=\"btn btn-primary\" href=\"https:\/\/www.proseccobelvedere.it\/de\/das-territorium\/\" title=\"Finde mehr heraus\" target=\"_self\">Finde mehr heraus<\/a><\/div>\n\t<\/div> [\/vc_column_inner][vc_column_inner width=&#8220;1\/2&#8243; css=&#8220;.vc_custom_1648032040375{padding-top: 15% !important;padding-right: 15% !important;padding-bottom: 15% !important;padding-left: 15% !important;background-color: #000000 !important;}&#8220;]\n\t<div class=\"title-subtitle-box  \" style=\" text-align: left;\">\n\t\t<h1 style=\" color:#ffffff;  font-style: normal;\" class=\"special-title\" >\n\t\t<span style=\"\">Die eigenen Weinberge<\/span>Unsere Landg\u00fcter<\/h1>\n\t\t<span class=\"gg-horizontal-line\"  ><\/span>\n\t\t<div class=\"box-description\"><p style=\"color: white;\">Das ist das weinbauliche Erbe von Prosecco Belvedere, das nach den Grunds\u00e4tzen der landwirtschaftlichen Landschaftspflege mit W\u00e4ldern und Hecken und unter Einbeziehung der \u00f6rtlichen Gemeinden bewirtschaftet wird. In diesen Gebieten k\u00f6nnen Sie eine noch nie dagewesene und authentische Seite von Venetien kennen lernen, sowohl was den Weinbau und die Weinproduktion als auch was die naturwissenschaftlichen und soziokulturellen Aspekte betrifft. Die Grundst\u00fccke sind historisch in diesem Gebiet angesiedelt und ein Ausdruck davon.<\/p>\n<p>&nbsp;<\/p>\n<p>&nbsp;<\/p>\n<p>&nbsp;<\/p>\n<\/div>\n\t<\/div> [\/vc_column_inner][\/vc_row_inner][\/vc_column][\/vc_row][vc_row full_width=&#8220;stretch_row&#8220; css=&#8220;.vc_custom_1556104692225{padding-top: 7em !important;padding-bottom: 7em !important;background-color: #000000 !important;}&#8220;][vc_column][vc_row_inner equal_height=&#8220;yes&#8220; content_placement=&#8220;middle&#8220;][vc_column_inner width=&#8220;1\/2&#8243; css=&#8220;.vc_custom_1556104916691{padding-right: 0px !important;}&#8220;][vc_single_image image=&#8220;3900&#8243; img_size=&#8220;full&#8220; css=&#8220;.vc_custom_1648032403217{margin-bottom: 0px !important;}&#8220;][\/vc_column_inner][vc_column_inner width=&#8220;1\/2&#8243; css=&#8220;.vc_custom_1556104716721{padding: 15% !important;background-color: #ffffff !important;}&#8220;]\n\t<div class=\"title-subtitle-box  \" style=\" text-align: left;\">\n\t\t<h1 style=\" font-style: normal;\" class=\"special-title\" >\n\t\t<span style=\"\">Der Weinkellerei<\/span>Traditionelle F\u00e4higkeiten, technologische Innovation<\/h1>\n\t\t<span class=\"gg-horizontal-line\"  ><\/span>\n\t\t<div class=\"box-description\"><p>Wenn die Familiengeschichte das solide Fundament des Prosecco Belvedere darstellt, so ist die Innovation die Komponente, die es dem Prosecco DOC erm\u00f6glicht, sich von seiner besten Seite zu zeigen. Auf dem Land und vor allem in der Weinkellerei ist Modernit\u00e4t das Markenzeichen der Traubenverarbeitung und der Weinherstellung.<\/p>\n<\/div><div class=\"gg-special-button-wrapper  special-button-align-left special-button-style-btn-primary\"><a class=\"btn btn-primary\" href=\"https:\/\/www.proseccobelvedere.it\/de\/der-weinkellerei\/\" title=\"Weiterlesen\" target=\"_self\">Weiterlesen<\/a><\/div>\n\t<\/div> [\/vc_column_inner][\/vc_row_inner][\/vc_column][\/vc_row][vc_row full_width=&#8220;stretch_row&#8220; css=&#8220;.vc_custom_1749718616878{background-color: #ffffff !important;}&#8220;][vc_column][vc_single_image image=&#8220;4679&#8243; img_size=&#8220;867&#215;607&#8243; alignment=&#8220;center&#8220; css=&#8220;.vc_custom_1677235557240{margin-top: 100px !important;margin-bottom: 100px !important;}&#8220;][vc_single_image image=&#8220;4779&#8243; img_size=&#8220;867&#215;607&#8243; alignment=&#8220;center&#8220; onclick=&#8220;custom_link&#8220; css=&#8220;.vc_custom_1749718638217{margin-top: 100px !important;margin-bottom: 100px !important;}&#8220; link=&#8220;https:\/\/www.proseccobelvedere.it\/it\/sito-web-srd01\/&#8220;][\/vc_column][\/vc_row][vc_row full_width=&#8220;stretch_row&#8220; css=&#8220;.vc_custom_1749718624128{background-color: #ffffff !important;}&#8220;][vc_column][vc_single_image image=&#8220;4706&#8243; img_size=&#8220;medium&#8220; alignment=&#8220;center&#8220;][\/vc_column][\/vc_row]<\/p>\n","protected":false},"excerpt":{"rendered":"<p>[vc_row full_width=&#8220;stretch_row&#8220; css=&#8220;.vc_custom_1648051504203{padding-top: 3em !important;padding-bottom: 10em !important;background-color: #000000 !important;}&#8220;][vc_column][vc_row_inner equal_height=&#8220;yes&#8220; content_placement=&#8220;middle&#8220; css=&#8220;.vc_custom_1556093058576{padding-top: 8em !important;}&#8220;][vc_column_inner width=&#8220;1\/2&#8243;][vc_single_image image=&#8220;3866&#8243; img_size=&#8220;full&#8220; css=&#8220;.vc_custom_1648026426935{margin-bottom: 0px !important;}&#8220;][\/vc_column_inner][vc_column_inner width=&#8220;1\/2&#8243; css=&#8220;.vc_custom_1556093129663{padding: 15% !important;background-color: #ffffff !important;}&#8220;][\/vc_column_inner][\/vc_row_inner][\/vc_column][\/vc_row][vc_row full_width=&#8220;stretch_row&#8220; css=&#8220;.vc_custom_1559052646917{padding-top: 7em !important;}&#8220;][vc_column][vc_row_inner][vc_column_inner width=&#8220;1\/4&#8243;][\/vc_column_inner][vc_column_inner width=&#8220;1\/2&#8243;][\/vc_column_inner][vc_column_inner width=&#8220;1\/4&#8243;][\/vc_column_inner][\/vc_row_inner][\/vc_column][\/vc_row][vc_row full_width=&#8220;stretch_row&#8220; css=&#8220;.vc_custom_1648029478954{margin-top: 14em !important;padding-bottom: 14em !important;background-image: url(https:\/\/www.proseccobelvedere.it\/wp-content\/uploads\/2022\/03\/territorio_home.jpg?id=3882) !important;background-position: center !important;background-repeat: no-repeat !important;background-size: cover !important;}&#8220; el_class=&#8220;no-overflow&#8220;][vc_column][vc_row_inner content_placement=&#8220;top&#8220;][vc_column_inner width=&#8220;1\/2&#8243; css=&#8220;.vc_custom_1556101439033{margin-top: -7em !important;padding-top: 15% !important;padding-right:<\/p>\n<p class=\"more-link-wrapper\"><a class=\"btn btn-primary\" href=\"https:\/\/www.proseccobelvedere.it\/de\/\">Read More<\/a><\/p>\n","protected":false},"author":1,"featured_media":0,"parent":0,"menu_order":0,"comment_status":"closed","ping_status":"closed","template":"","meta":{"inline_featured_image":false,"footnotes":""},"class_list":["post-4436","page","type-page","status-publish","hentry"],"yoast_head":"<!-- This site is optimized with the Yoast SEO plugin v19.9 - https:\/\/yoast.com\/wordpress\/plugins\/seo\/ -->\n<title>Homepage - Prosecco Belvedere<\/title>\n<meta name=\"robots\" content=\"index, follow, max-snippet:-1, max-image-preview:large, max-video-preview:-1\" \/>\n<link rel=\"canonical\" href=\"https:\/\/www.proseccobelvedere.it\/de\/\" \/>\n<meta property=\"og:locale\" content=\"de_DE\" \/>\n<meta property=\"og:type\" content=\"article\" \/>\n<meta property=\"og:title\" content=\"Homepage - Prosecco Belvedere\" \/>\n<meta property=\"og:description\" content=\"[vc_row full_width=&#8220;stretch_row&#8220; css=&#8220;.vc_custom_1648051504203{padding-top: 3em !important;padding-bottom: 10em !important;background-color: #000000 !important;}&#8220;][vc_column][vc_row_inner equal_height=&#8220;yes&#8220; content_placement=&#8220;middle&#8220; css=&#8220;.vc_custom_1556093058576{padding-top: 8em !important;}&#8220;][vc_column_inner width=&#8220;1\/2&#8243;][vc_single_image image=&#8220;3866&#8243; img_size=&#8220;full&#8220; css=&#8220;.vc_custom_1648026426935{margin-bottom: 0px !important;}&#8220;][\/vc_column_inner][vc_column_inner width=&#8220;1\/2&#8243; css=&#8220;.vc_custom_1556093129663{padding: 15% !important;background-color: #ffffff !important;}&#8220;][\/vc_column_inner][\/vc_row_inner][\/vc_column][\/vc_row][vc_row full_width=&#8220;stretch_row&#8220; css=&#8220;.vc_custom_1559052646917{padding-top: 7em !important;}&#8220;][vc_column][vc_row_inner][vc_column_inner width=&#8220;1\/4&#8243;][\/vc_column_inner][vc_column_inner width=&#8220;1\/2&#8243;][\/vc_column_inner][vc_column_inner width=&#8220;1\/4&#8243;][\/vc_column_inner][\/vc_row_inner][\/vc_column][\/vc_row][vc_row full_width=&#8220;stretch_row&#8220; css=&#8220;.vc_custom_1648029478954{margin-top: 14em !important;padding-bottom: 14em !important;background-image: url(https:\/\/www.proseccobelvedere.it\/wp-content\/uploads\/2022\/03\/territorio_home.jpg?id=3882) !important;background-position: center !important;background-repeat: no-repeat !important;background-size: cover !important;}&#8220; el_class=&#8220;no-overflow&#8220;][vc_column][vc_row_inner content_placement=&#8220;top&#8220;][vc_column_inner width=&#8220;1\/2&#8243; css=&#8220;.vc_custom_1556101439033{margin-top: -7em !important;padding-top: 15% !important;padding-right:Read More\" \/>\n<meta property=\"og:url\" content=\"https:\/\/www.proseccobelvedere.it\/de\/\" \/>\n<meta property=\"og:site_name\" content=\"Prosecco Belvedere\" \/>\n<meta property=\"article:modified_time\" content=\"2025-06-12T08:57:20+00:00\" \/>\n<meta name=\"twitter:card\" content=\"summary_large_image\" \/>\n<meta name=\"twitter:label1\" content=\"Gesch\u00e4tzte Lesezeit\" \/>\n\t<meta name=\"twitter:data1\" content=\"3\u00a0Minuten\" \/>\n<script type=\"application\/ld+json\" class=\"yoast-schema-graph\">{\"@context\":\"https:\/\/schema.org\",\"@graph\":[{\"@type\":\"WebPage\",\"@id\":\"https:\/\/www.proseccobelvedere.it\/de\/\",\"url\":\"https:\/\/www.proseccobelvedere.it\/de\/\",\"name\":\"Homepage - Prosecco Belvedere\",\"isPartOf\":{\"@id\":\"https:\/\/www.proseccobelvedere.it\/it\/#website\"},\"datePublished\":\"2019-04-23T09:46:03+00:00\",\"dateModified\":\"2025-06-12T08:57:20+00:00\",\"breadcrumb\":{\"@id\":\"https:\/\/www.proseccobelvedere.it\/de\/#breadcrumb\"},\"inLanguage\":\"de\",\"potentialAction\":[{\"@type\":\"ReadAction\",\"target\":[\"https:\/\/www.proseccobelvedere.it\/de\/\"]}]},{\"@type\":\"BreadcrumbList\",\"@id\":\"https:\/\/www.proseccobelvedere.it\/de\/#breadcrumb\",\"itemListElement\":[{\"@type\":\"ListItem\",\"position\":1,\"name\":\"Home\",\"item\":\"https:\/\/www.proseccobelvedere.it\/de\/\"},{\"@type\":\"ListItem\",\"position\":2,\"name\":\"Homepage\"}]},{\"@type\":\"WebSite\",\"@id\":\"https:\/\/www.proseccobelvedere.it\/it\/#website\",\"url\":\"https:\/\/www.proseccobelvedere.it\/it\/\",\"name\":\"Prosecco Belvedere\",\"description\":\"Prosecco DOC\",\"publisher\":{\"@id\":\"https:\/\/www.proseccobelvedere.it\/it\/#organization\"},\"potentialAction\":[{\"@type\":\"SearchAction\",\"target\":{\"@type\":\"EntryPoint\",\"urlTemplate\":\"https:\/\/www.proseccobelvedere.it\/it\/?s={search_term_string}\"},\"query-input\":\"required name=search_term_string\"}],\"inLanguage\":\"de\"},{\"@type\":\"Organization\",\"@id\":\"https:\/\/www.proseccobelvedere.it\/it\/#organization\",\"name\":\"Prosecco Belvedere\",\"url\":\"https:\/\/www.proseccobelvedere.it\/it\/\",\"logo\":{\"@type\":\"ImageObject\",\"inLanguage\":\"de\",\"@id\":\"https:\/\/www.proseccobelvedere.it\/it\/#\/schema\/logo\/image\/\",\"url\":\"https:\/\/www.proseccobelvedere.it\/wp-content\/uploads\/2022\/05\/cropped-logo_belvedere2.png\",\"contentUrl\":\"https:\/\/www.proseccobelvedere.it\/wp-content\/uploads\/2022\/05\/cropped-logo_belvedere2.png\",\"width\":324,\"height\":327,\"caption\":\"Prosecco Belvedere\"},\"image\":{\"@id\":\"https:\/\/www.proseccobelvedere.it\/it\/#\/schema\/logo\/image\/\"}}]}<\/script>\n<!-- \/ Yoast SEO plugin. -->","yoast_head_json":{"title":"Homepage - Prosecco Belvedere","robots":{"index":"index","follow":"follow","max-snippet":"max-snippet:-1","max-image-preview":"max-image-preview:large","max-video-preview":"max-video-preview:-1"},"canonical":"https:\/\/www.proseccobelvedere.it\/de\/","og_locale":"de_DE","og_type":"article","og_title":"Homepage - Prosecco Belvedere","og_description":"[vc_row full_width=&#8220;stretch_row&#8220; css=&#8220;.vc_custom_1648051504203{padding-top: 3em !important;padding-bottom: 10em !important;background-color: #000000 !important;}&#8220;][vc_column][vc_row_inner equal_height=&#8220;yes&#8220; content_placement=&#8220;middle&#8220; css=&#8220;.vc_custom_1556093058576{padding-top: 8em !important;}&#8220;][vc_column_inner width=&#8220;1\/2&#8243;][vc_single_image image=&#8220;3866&#8243; img_size=&#8220;full&#8220; css=&#8220;.vc_custom_1648026426935{margin-bottom: 0px !important;}&#8220;][\/vc_column_inner][vc_column_inner width=&#8220;1\/2&#8243; css=&#8220;.vc_custom_1556093129663{padding: 15% !important;background-color: #ffffff !important;}&#8220;][\/vc_column_inner][\/vc_row_inner][\/vc_column][\/vc_row][vc_row full_width=&#8220;stretch_row&#8220; css=&#8220;.vc_custom_1559052646917{padding-top: 7em !important;}&#8220;][vc_column][vc_row_inner][vc_column_inner width=&#8220;1\/4&#8243;][\/vc_column_inner][vc_column_inner width=&#8220;1\/2&#8243;][\/vc_column_inner][vc_column_inner width=&#8220;1\/4&#8243;][\/vc_column_inner][\/vc_row_inner][\/vc_column][\/vc_row][vc_row full_width=&#8220;stretch_row&#8220; css=&#8220;.vc_custom_1648029478954{margin-top: 14em !important;padding-bottom: 14em !important;background-image: url(https:\/\/www.proseccobelvedere.it\/wp-content\/uploads\/2022\/03\/territorio_home.jpg?id=3882) !important;background-position: center !important;background-repeat: no-repeat !important;background-size: cover !important;}&#8220; el_class=&#8220;no-overflow&#8220;][vc_column][vc_row_inner content_placement=&#8220;top&#8220;][vc_column_inner width=&#8220;1\/2&#8243; css=&#8220;.vc_custom_1556101439033{margin-top: -7em !important;padding-top: 15% !important;padding-right:Read More","og_url":"https:\/\/www.proseccobelvedere.it\/de\/","og_site_name":"Prosecco Belvedere","article_modified_time":"2025-06-12T08:57:20+00:00","twitter_card":"summary_large_image","twitter_misc":{"Gesch\u00e4tzte Lesezeit":"3\u00a0Minuten"},"schema":{"@context":"https:\/\/schema.org","@graph":[{"@type":"WebPage","@id":"https:\/\/www.proseccobelvedere.it\/de\/","url":"https:\/\/www.proseccobelvedere.it\/de\/","name":"Homepage - Prosecco Belvedere","isPartOf":{"@id":"https:\/\/www.proseccobelvedere.it\/it\/#website"},"datePublished":"2019-04-23T09:46:03+00:00","dateModified":"2025-06-12T08:57:20+00:00","breadcrumb":{"@id":"https:\/\/www.proseccobelvedere.it\/de\/#breadcrumb"},"inLanguage":"de","potentialAction":[{"@type":"ReadAction","target":["https:\/\/www.proseccobelvedere.it\/de\/"]}]},{"@type":"BreadcrumbList","@id":"https:\/\/www.proseccobelvedere.it\/de\/#breadcrumb","itemListElement":[{"@type":"ListItem","position":1,"name":"Home","item":"https:\/\/www.proseccobelvedere.it\/de\/"},{"@type":"ListItem","position":2,"name":"Homepage"}]},{"@type":"WebSite","@id":"https:\/\/www.proseccobelvedere.it\/it\/#website","url":"https:\/\/www.proseccobelvedere.it\/it\/","name":"Prosecco Belvedere","description":"Prosecco DOC","publisher":{"@id":"https:\/\/www.proseccobelvedere.it\/it\/#organization"},"potentialAction":[{"@type":"SearchAction","target":{"@type":"EntryPoint","urlTemplate":"https:\/\/www.proseccobelvedere.it\/it\/?s={search_term_string}"},"query-input":"required name=search_term_string"}],"inLanguage":"de"},{"@type":"Organization","@id":"https:\/\/www.proseccobelvedere.it\/it\/#organization","name":"Prosecco Belvedere","url":"https:\/\/www.proseccobelvedere.it\/it\/","logo":{"@type":"ImageObject","inLanguage":"de","@id":"https:\/\/www.proseccobelvedere.it\/it\/#\/schema\/logo\/image\/","url":"https:\/\/www.proseccobelvedere.it\/wp-content\/uploads\/2022\/05\/cropped-logo_belvedere2.png","contentUrl":"https:\/\/www.proseccobelvedere.it\/wp-content\/uploads\/2022\/05\/cropped-logo_belvedere2.png","width":324,"height":327,"caption":"Prosecco Belvedere"},"image":{"@id":"https:\/\/www.proseccobelvedere.it\/it\/#\/schema\/logo\/image\/"}}]}},"_links":{"self":[{"href":"https:\/\/www.proseccobelvedere.it\/de\/wp-json\/wp\/v2\/pages\/4436","targetHints":{"allow":["GET"]}}],"collection":[{"href":"https:\/\/www.proseccobelvedere.it\/de\/wp-json\/wp\/v2\/pages"}],"about":[{"href":"https:\/\/www.proseccobelvedere.it\/de\/wp-json\/wp\/v2\/types\/page"}],"author":[{"embeddable":true,"href":"https:\/\/www.proseccobelvedere.it\/de\/wp-json\/wp\/v2\/users\/1"}],"replies":[{"embeddable":true,"href":"https:\/\/www.proseccobelvedere.it\/de\/wp-json\/wp\/v2\/comments?post=4436"}],"version-history":[{"count":18,"href":"https:\/\/www.proseccobelvedere.it\/de\/wp-json\/wp\/v2\/pages\/4436\/revisions"}],"predecessor-version":[{"id":4811,"href":"https:\/\/www.proseccobelvedere.it\/de\/wp-json\/wp\/v2\/pages\/4436\/revisions\/4811"}],"wp:attachment":[{"href":"https:\/\/www.proseccobelvedere.it\/de\/wp-json\/wp\/v2\/media?parent=4436"}],"curies":[{"name":"wp","href":"https:\/\/api.w.org\/{rel}","templated":true}]}}